{"id":5380,"date":"2019-04-24T14:25:26","date_gmt":"2019-04-24T14:25:26","guid":{"rendered":"http:\/\/syncrolattex.com\/?page_id=5380"},"modified":"2023-07-31T13:43:41","modified_gmt":"2023-07-31T11:43:41","slug":"cabecero-luxury","status":"publish","type":"page","link":"https:\/\/syncrolattex.com\/fr\/cabeceros-de-cama\/cabecero-luxury\/","title":{"rendered":"Luxury"},"content":{"rendered":"<div data-elementor-type=\"wp-post\" data-elementor-id=\"5380\" class=\"elementor elementor-5380\" data-elementor-post-type=\"page\">\n\t\t\t\t\t\t<section class=\"elementor-section elementor-top-section elementor-element elementor-element-1a66c18a elementor-section-full_width elementor-section-height-min-height elementor-section-height-default elementor-section-items-middle\" data-id=\"1a66c18a\" data-element_type=\"section\" data-settings=\"{&quot;background_background&quot;:&quot;classic&quot;}\">\n\t\t\t\t\t\t\t<div class=\"elementor-background-overlay\"><\/div>\n\t\t\t\t\t\t\t<div class=\"elementor-container elementor-column-gap-default\">\n\t\t\t\t\t<div class=\"elementor-column elementor-col-100 elementor-top-column elementor-element elementor-element-ebed543\" data-id=\"ebed543\" data-element_type=\"column\" data-settings=\"{&quot;background_background&quot;:&quot;classic&quot;}\">\n\t\t\t<div class=\"elementor-widget-wrap elementor-element-populated\">\n\t\t\t\t\t\t<div class=\"elementor-element elementor-element-45e910d7 elementor-hidden-phone elementor-widget elementor-widget-heading\" data-id=\"45e910d7\" data-element_type=\"widget\" data-widget_type=\"heading.default\">\n\t\t\t\t<div class=\"elementor-widget-container\">\n\t\t\t\t\t<h3 class=\"elementor-heading-title elementor-size-default\">LUXURY<\/h3>\t\t\t\t<\/div>\n\t\t\t\t<\/div>\n\t\t\t\t\t<\/div>\n\t\t<\/div>\n\t\t\t\t\t<\/div>\n\t\t<\/section>\n\t\t\t\t<section class=\"elementor-section elementor-top-section elementor-element elementor-element-536b15f8 elementor-section-boxed elementor-section-height-default elementor-section-height-default\" data-id=\"536b15f8\" data-element_type=\"section\">\n\t\t\t\t\t\t<div class=\"elementor-container elementor-column-gap-default\">\n\t\t\t\t\t<div class=\"elementor-column elementor-col-50 elementor-top-column elementor-element elementor-element-626fe9fb\" data-id=\"626fe9fb\" data-element_type=\"column\">\n\t\t\t<div class=\"elementor-widget-wrap elementor-element-populated\">\n\t\t\t\t\t\t<div class=\"elementor-element elementor-element-2c6ef9e3 elementor-widget elementor-widget-heading\" data-id=\"2c6ef9e3\" data-element_type=\"widget\" data-widget_type=\"heading.default\">\n\t\t\t\t<div class=\"elementor-widget-container\">\n\t\t\t\t\t<h1 class=\"elementor-heading-title elementor-size-default\">LUXURY<\/h1>\t\t\t\t<\/div>\n\t\t\t\t<\/div>\n\t\t\t\t<div class=\"elementor-element elementor-element-a685c6e elementor-widget elementor-widget-heading\" data-id=\"a685c6e\" data-element_type=\"widget\" data-widget_type=\"heading.default\">\n\t\t\t\t<div class=\"elementor-widget-container\">\n\t\t\t\t\t<h1 class=\"elementor-heading-title elementor-size-default\">Cabecero<\/h1>\t\t\t\t<\/div>\n\t\t\t\t<\/div>\n\t\t\t\t<div class=\"elementor-element elementor-element-194ea807 elementor-widget elementor-widget-heading\" data-id=\"194ea807\" data-element_type=\"widget\" data-widget_type=\"heading.default\">\n\t\t\t\t<div class=\"elementor-widget-container\">\n\t\t\t\t\t<h2 class=\"elementor-heading-title elementor-size-default\">Lit raffin\u00e9, id\u00e9al pour les environnements classiques et modernes.\nLa t\u00eate se distingue par quatre plis verticaux, sur tout son p\u00e9rim\u00e8tre, ce qui brise la perception de sa hauteur remarquable. En plus d'avoir un point culminant rembourr\u00e9 et accompagn\u00e9 d'un excellent rembourrage fabriqu\u00e9 par nos ma\u00eetres artisans.<\/h2>\t\t\t\t<\/div>\n\t\t\t\t<\/div>\n\t\t\t\t\t<\/div>\n\t\t<\/div>\n\t\t\t\t<div class=\"elementor-column elementor-col-50 elementor-top-column elementor-element elementor-element-7c4412f0\" data-id=\"7c4412f0\" data-element_type=\"column\">\n\t\t\t<div class=\"elementor-widget-wrap elementor-element-populated\">\n\t\t\t\t\t\t<div class=\"elementor-element elementor-element-4b099fb8 elementor-widget elementor-widget-image\" data-id=\"4b099fb8\" data-element_type=\"widget\" data-widget_type=\"image.default\">\n\t\t\t\t<div class=\"elementor-widget-container\">\n\t\t\t\t\t\t\t\t\t\t\t\t\t\t\t<img fetchpriority=\"high\" decoding=\"async\" width=\"906\" height=\"1024\" src=\"https:\/\/syncrolattex.com\/wp-content\/uploads\/2021\/06\/Luxuri-nuevo-2-906x1024.jpg\" class=\"attachment-large size-large wp-image-8705\" alt=\"\" srcset=\"https:\/\/syncrolattex.com\/wp-content\/uploads\/2021\/06\/Luxuri-nuevo-2-906x1024.jpg 906w, https:\/\/syncrolattex.com\/wp-content\/uploads\/2021\/06\/Luxuri-nuevo-2-265x300.jpg 265w, https:\/\/syncrolattex.com\/wp-content\/uploads\/2021\/06\/Luxuri-nuevo-2-768x868.jpg 768w, https:\/\/syncrolattex.com\/wp-content\/uploads\/2021\/06\/Luxuri-nuevo-2-1359x1536.jpg 1359w, https:\/\/syncrolattex.com\/wp-content\/uploads\/2021\/06\/Luxuri-nuevo-2-600x678.jpg 600w, https:\/\/syncrolattex.com\/wp-content\/uploads\/2021\/06\/Luxuri-nuevo-2.jpg 1592w\" sizes=\"(max-width: 906px) 100vw, 906px\" \/>\t\t\t\t\t\t\t\t\t\t\t\t\t\t\t<\/div>\n\t\t\t\t<\/div>\n\t\t\t\t\t<\/div>\n\t\t<\/div>\n\t\t\t\t\t<\/div>\n\t\t<\/section>\n\t\t\t\t<section class=\"elementor-section elementor-top-section elementor-element elementor-element-9e22cec elementor-section-boxed elementor-section-height-default elementor-section-height-default\" data-id=\"9e22cec\" data-element_type=\"section\">\n\t\t\t\t\t\t<div class=\"elementor-container elementor-column-gap-default\">\n\t\t\t\t\t<div class=\"elementor-column elementor-col-100 elementor-top-column elementor-element elementor-element-9a7a663\" data-id=\"9a7a663\" data-element_type=\"column\">\n\t\t\t<div class=\"elementor-widget-wrap elementor-element-populated\">\n\t\t\t\t\t\t<div class=\"elementor-element elementor-element-c5ba5cb elementor-arrows-position-inside elementor-widget elementor-widget-image-carousel\" data-id=\"c5ba5cb\" data-element_type=\"widget\" data-settings=\"{&quot;slides_to_show&quot;:&quot;1&quot;,&quot;navigation&quot;:&quot;arrows&quot;,&quot;autoplay&quot;:&quot;no&quot;,&quot;effect&quot;:&quot;fade&quot;,&quot;infinite&quot;:&quot;yes&quot;,&quot;speed&quot;:500}\" data-widget_type=\"image-carousel.default\">\n\t\t\t\t<div class=\"elementor-widget-container\">\n\t\t\t\t\t\t\t<div class=\"elementor-image-carousel-wrapper swiper\" role=\"region\" aria-roledescription=\"carousel\" aria-label=\"Carrousel d\u2019images\" dir=\"ltr\">\n\t\t\t<div class=\"elementor-image-carousel swiper-wrapper\" aria-live=\"polite\">\n\t\t\t\t\t\t\t\t<div class=\"swiper-slide\" role=\"group\" aria-roledescription=\"slide\" aria-label=\"1 sur 3\" data-no-translation-aria-label=\"\"><a data-elementor-open-lightbox=\"yes\" data-elementor-lightbox-slideshow=\"c5ba5cb\" data-elementor-lightbox-title=\"Luxuri-nuevo-3\" data-e-action-hash=\"#elementor-action%3Aaction%3Dlightbox%26settings%3DeyJpZCI6ODcwNiwidXJsIjoiaHR0cHM6XC9cL3N5bmNyb2xhdHRleC5jb21cL3dwLWNvbnRlbnRcL3VwbG9hZHNcLzIwMjFcLzA2XC9MdXh1cmktbnVldm8tMy5qcGciLCJzbGlkZXNob3ciOiJjNWJhNWNiIn0%3D\" href=\"https:\/\/syncrolattex.com\/wp-content\/uploads\/2021\/06\/Luxuri-nuevo-3.jpg\"><figure class=\"swiper-slide-inner\"><img decoding=\"async\" class=\"swiper-slide-image\" src=\"https:\/\/syncrolattex.com\/wp-content\/uploads\/2021\/06\/Luxuri-nuevo-3.jpg\" alt=\"Luxuri-nuevo-3\" \/><\/figure><\/a><\/div><div class=\"swiper-slide\" role=\"group\" aria-roledescription=\"slide\" aria-label=\"2 sur 3\" data-no-translation-aria-label=\"\"><a data-elementor-open-lightbox=\"yes\" data-elementor-lightbox-slideshow=\"c5ba5cb\" data-elementor-lightbox-title=\"Luxuri-nuevo-2\" data-e-action-hash=\"#elementor-action%3Aaction%3Dlightbox%26settings%3DeyJpZCI6ODcwNSwidXJsIjoiaHR0cHM6XC9cL3N5bmNyb2xhdHRleC5jb21cL3dwLWNvbnRlbnRcL3VwbG9hZHNcLzIwMjFcLzA2XC9MdXh1cmktbnVldm8tMi5qcGciLCJzbGlkZXNob3ciOiJjNWJhNWNiIn0%3D\" href=\"https:\/\/syncrolattex.com\/wp-content\/uploads\/2021\/06\/Luxuri-nuevo-2.jpg\"><figure class=\"swiper-slide-inner\"><img decoding=\"async\" class=\"swiper-slide-image\" src=\"https:\/\/syncrolattex.com\/wp-content\/uploads\/2021\/06\/Luxuri-nuevo-2.jpg\" alt=\"Luxuri-nuevo-2\" \/><\/figure><\/a><\/div><div class=\"swiper-slide\" role=\"group\" aria-roledescription=\"slide\" aria-label=\"3 sur 3\" data-no-translation-aria-label=\"\"><a data-elementor-open-lightbox=\"yes\" data-elementor-lightbox-slideshow=\"c5ba5cb\" data-elementor-lightbox-title=\"luxury-nuevo\" data-e-action-hash=\"#elementor-action%3Aaction%3Dlightbox%26settings%3DeyJpZCI6ODcwNywidXJsIjoiaHR0cHM6XC9cL3N5bmNyb2xhdHRleC5jb21cL3dwLWNvbnRlbnRcL3VwbG9hZHNcLzIwMjFcLzA2XC9sdXh1cnktbnVldm8uanBnIiwic2xpZGVzaG93IjoiYzViYTVjYiJ9\" href=\"https:\/\/syncrolattex.com\/wp-content\/uploads\/2021\/06\/luxury-nuevo.jpg\"><figure class=\"swiper-slide-inner\"><img decoding=\"async\" class=\"swiper-slide-image\" src=\"https:\/\/syncrolattex.com\/wp-content\/uploads\/2021\/06\/luxury-nuevo.jpg\" alt=\"luxury-nuevo\" \/><\/figure><\/a><\/div>\t\t\t<\/div>\n\t\t\t\t\t\t\t\t\t\t\t\t<div class=\"elementor-swiper-button elementor-swiper-button-prev\" role=\"button\" tabindex=\"0\">\n\t\t\t\t\t\t<i aria-hidden=\"true\" class=\"eicon-chevron-left\"><\/i>\t\t\t\t\t<\/div>\n\t\t\t\t\t<div class=\"elementor-swiper-button elementor-swiper-button-next\" role=\"button\" tabindex=\"0\">\n\t\t\t\t\t\t<i aria-hidden=\"true\" class=\"eicon-chevron-right\"><\/i>\t\t\t\t\t<\/div>\n\t\t\t\t\n\t\t\t\t\t\t\t\t\t<\/div>\n\t\t\t\t\t\t<\/div>\n\t\t\t\t<\/div>\n\t\t\t\t\t<\/div>\n\t\t<\/div>\n\t\t\t\t\t<\/div>\n\t\t<\/section>\n\t\t\t\t<section class=\"elementor-section elementor-top-section elementor-element elementor-element-7457b593 elementor-section-boxed elementor-section-height-default elementor-section-height-default\" data-id=\"7457b593\" data-element_type=\"section\">\n\t\t\t\t\t\t<div class=\"elementor-container elementor-column-gap-default\">\n\t\t\t\t\t<div class=\"elementor-column elementor-col-50 elementor-top-column elementor-element elementor-element-1a3c4456\" data-id=\"1a3c4456\" data-element_type=\"column\">\n\t\t\t<div class=\"elementor-widget-wrap elementor-element-populated\">\n\t\t\t\t\t\t<div class=\"elementor-element elementor-element-13e8bba1 elementor-widget elementor-widget-heading\" data-id=\"13e8bba1\" data-element_type=\"widget\" data-widget_type=\"heading.default\">\n\t\t\t\t<div class=\"elementor-widget-container\">\n\t\t\t\t\t<h5 class=\"elementor-heading-title elementor-size-default\">Caract\u00e9ristiques techniques<\/h5>\t\t\t\t<\/div>\n\t\t\t\t<\/div>\n\t\t\t\t\t<\/div>\n\t\t<\/div>\n\t\t\t\t<div class=\"elementor-column elementor-col-50 elementor-top-column elementor-element elementor-element-3f3fbbf2\" data-id=\"3f3fbbf2\" data-element_type=\"column\">\n\t\t\t<div class=\"elementor-widget-wrap\">\n\t\t\t\t\t\t\t<\/div>\n\t\t<\/div>\n\t\t\t\t\t<\/div>\n\t\t<\/section>\n\t\t\t\t<section class=\"elementor-section elementor-top-section elementor-element elementor-element-1868d943 elementor-section-boxed elementor-section-height-default elementor-section-height-default\" data-id=\"1868d943\" data-element_type=\"section\">\n\t\t\t\t\t\t<div class=\"elementor-container elementor-column-gap-default\">\n\t\t\t\t\t<div class=\"elementor-column elementor-col-33 elementor-top-column elementor-element elementor-element-2d963ca8\" data-id=\"2d963ca8\" data-element_type=\"column\">\n\t\t\t<div class=\"elementor-widget-wrap elementor-element-populated\">\n\t\t\t\t\t\t<div class=\"elementor-element elementor-element-5816ec79 elementor-widget elementor-widget-image\" data-id=\"5816ec79\" data-element_type=\"widget\" data-widget_type=\"image.default\">\n\t\t\t\t<div class=\"elementor-widget-container\">\n\t\t\t\t\t\t\t\t\t\t\t\t\t\t\t\t<a href=\"http:\/\/syncrolattex.com\/wp-content\/uploads\/2019\/04\/Gen-Tech.jpg\" data-elementor-open-lightbox=\"no\">\n\t\t\t\t\t\t\t<img decoding=\"async\" width=\"800\" height=\"600\" src=\"https:\/\/syncrolattex.com\/wp-content\/uploads\/2019\/04\/Gen-Tech.jpg\" class=\"attachment-large size-large wp-image-5475\" alt=\"\" srcset=\"https:\/\/syncrolattex.com\/wp-content\/uploads\/2019\/04\/Gen-Tech.jpg 800w, https:\/\/syncrolattex.com\/wp-content\/uploads\/2019\/04\/Gen-Tech-300x225.jpg 300w, https:\/\/syncrolattex.com\/wp-content\/uploads\/2019\/04\/Gen-Tech-768x576.jpg 768w, https:\/\/syncrolattex.com\/wp-content\/uploads\/2019\/04\/Gen-Tech-600x450.jpg 600w\" sizes=\"(max-width: 800px) 100vw, 800px\" \/>\t\t\t\t\t\t\t\t<\/a>\n\t\t\t\t\t\t\t\t\t\t\t\t\t\t\t<\/div>\n\t\t\t\t<\/div>\n\t\t\t\t\t<\/div>\n\t\t<\/div>\n\t\t\t\t<div class=\"elementor-column elementor-col-33 elementor-top-column elementor-element elementor-element-63826dfc\" data-id=\"63826dfc\" data-element_type=\"column\">\n\t\t\t<div class=\"elementor-widget-wrap elementor-element-populated\">\n\t\t\t\t\t\t<div class=\"elementor-element elementor-element-106f7214 elementor-widget elementor-widget-image\" data-id=\"106f7214\" data-element_type=\"widget\" data-widget_type=\"image.default\">\n\t\t\t\t<div class=\"elementor-widget-container\">\n\t\t\t\t\t\t\t\t\t\t\t\t\t\t\t\t<a href=\"http:\/\/syncrolattex.com\/wp-content\/uploads\/2019\/04\/TchLuxury.jpg\" data-elementor-open-lightbox=\"no\">\n\t\t\t\t\t\t\t<img decoding=\"async\" width=\"800\" height=\"600\" src=\"https:\/\/syncrolattex.com\/wp-content\/uploads\/2019\/04\/TchLuxury.jpg\" class=\"attachment-large size-large wp-image-5625\" alt=\"\" srcset=\"https:\/\/syncrolattex.com\/wp-content\/uploads\/2019\/04\/TchLuxury.jpg 800w, https:\/\/syncrolattex.com\/wp-content\/uploads\/2019\/04\/TchLuxury-300x225.jpg 300w, https:\/\/syncrolattex.com\/wp-content\/uploads\/2019\/04\/TchLuxury-768x576.jpg 768w, https:\/\/syncrolattex.com\/wp-content\/uploads\/2019\/04\/TchLuxury-600x450.jpg 600w\" sizes=\"(max-width: 800px) 100vw, 800px\" \/>\t\t\t\t\t\t\t\t<\/a>\n\t\t\t\t\t\t\t\t\t\t\t\t\t\t\t<\/div>\n\t\t\t\t<\/div>\n\t\t\t\t\t<\/div>\n\t\t<\/div>\n\t\t\t\t<div class=\"elementor-column elementor-col-33 elementor-top-column elementor-element elementor-element-25ae4bd2\" data-id=\"25ae4bd2\" data-element_type=\"column\">\n\t\t\t<div class=\"elementor-widget-wrap\">\n\t\t\t\t\t\t\t<\/div>\n\t\t<\/div>\n\t\t\t\t\t<\/div>\n\t\t<\/section>\n\t\t\t\t<section class=\"elementor-section elementor-top-section elementor-element elementor-element-11bc9563 elementor-section-boxed elementor-section-height-default elementor-section-height-default\" data-id=\"11bc9563\" data-element_type=\"section\">\n\t\t\t\t\t\t<div class=\"elementor-container elementor-column-gap-default\">\n\t\t\t\t\t<div class=\"elementor-column elementor-col-33 elementor-top-column elementor-element elementor-element-3b886216\" data-id=\"3b886216\" data-element_type=\"column\">\n\t\t\t<div class=\"elementor-widget-wrap elementor-element-populated\">\n\t\t\t\t\t\t<div class=\"elementor-element elementor-element-56ee4f2e elementor-widget elementor-widget-text-editor\" data-id=\"56ee4f2e\" data-element_type=\"widget\" data-widget_type=\"text-editor.default\">\n\t\t\t\t<div class=\"elementor-widget-container\">\n\t\t\t\t\t\t\t\t\t<p><strong>La structure<\/strong><\/p><p><span>T\u00eate et cadre de lit en une seule pi\u00e8ce en contreplaqu\u00e9 \u00e0 plusieurs \u00e9paisseurs assembl\u00e9 avec des \u00e9querres en m\u00e9tal pour un montage facile dans le lit;\u00a0<\/span><span>Les deux parties sont remplies de mousse de polyur\u00e9thane haute densit\u00e9 de densit\u00e9s diff\u00e9rentes.\u00a0<\/span><span>Toutes les sections matelass\u00e9es sont recouvertes d'une fibre thermo-adh\u00e9sive et associ\u00e9es \u00e0 un tissu de coton blanc qui conf\u00e8re une douceur au rembourrage qui l'isole du tissu, garantissant ainsi le naturel et l'hygi\u00e8ne.<\/span><\/p>\t\t\t\t\t\t\t\t<\/div>\n\t\t\t\t<\/div>\n\t\t\t\t<div class=\"elementor-element elementor-element-20099eb4 elementor-widget-divider--view-line elementor-widget elementor-widget-divider\" data-id=\"20099eb4\" data-element_type=\"widget\" data-widget_type=\"divider.default\">\n\t\t\t\t<div class=\"elementor-widget-container\">\n\t\t\t\t\t\t\t<div class=\"elementor-divider\">\n\t\t\t<span class=\"elementor-divider-separator\">\n\t\t\t\t\t\t<\/span>\n\t\t<\/div>\n\t\t\t\t\t\t<\/div>\n\t\t\t\t<\/div>\n\t\t\t\t\t<\/div>\n\t\t<\/div>\n\t\t\t\t<div class=\"elementor-column elementor-col-33 elementor-top-column elementor-element elementor-element-407a7a55\" data-id=\"407a7a55\" data-element_type=\"column\">\n\t\t\t<div class=\"elementor-widget-wrap elementor-element-populated\">\n\t\t\t\t\t\t<div class=\"elementor-element elementor-element-46551e6b elementor-widget elementor-widget-text-editor\" data-id=\"46551e6b\" data-element_type=\"widget\" data-widget_type=\"text-editor.default\">\n\t\t\t\t<div class=\"elementor-widget-container\">\n\t\t\t\t\t\t\t\t\t<p><strong>Rembourrage<\/strong><\/p><p>Rembourr\u00e9 avec de la mousse de polyester recycl\u00e9e \u00e0 100%, respectueuse de l'environnement et non toxique, de diff\u00e9rentes densit\u00e9s. Le cadre de la t\u00eate en contreplaqu\u00e9 tr\u00e8s \u00e9pais<\/p>\t\t\t\t\t\t\t\t<\/div>\n\t\t\t\t<\/div>\n\t\t\t\t<div class=\"elementor-element elementor-element-56d584f9 elementor-widget-divider--view-line elementor-widget elementor-widget-divider\" data-id=\"56d584f9\" data-element_type=\"widget\" data-widget_type=\"divider.default\">\n\t\t\t\t<div class=\"elementor-widget-container\">\n\t\t\t\t\t\t\t<div class=\"elementor-divider\">\n\t\t\t<span class=\"elementor-divider-separator\">\n\t\t\t\t\t\t<\/span>\n\t\t<\/div>\n\t\t\t\t\t\t<\/div>\n\t\t\t\t<\/div>\n\t\t\t\t\t<\/div>\n\t\t<\/div>\n\t\t\t\t<div class=\"elementor-column elementor-col-33 elementor-top-column elementor-element elementor-element-7ccd416f\" data-id=\"7ccd416f\" data-element_type=\"column\">\n\t\t\t<div class=\"elementor-widget-wrap elementor-element-populated\">\n\t\t\t\t\t\t<div class=\"elementor-element elementor-element-395d7cce elementor-widget elementor-widget-text-editor\" data-id=\"395d7cce\" data-element_type=\"widget\" data-widget_type=\"text-editor.default\">\n\t\t\t\t<div class=\"elementor-widget-container\">\n\t\t\t\t\t\t\t\t\t<p><strong>Pieds<\/strong><\/p><div class=\"page\" title=\"Page 29\"><div class=\"section\"><div class=\"layoutArea\"><div class=\"column\"><p>Les supports sur lesquels repose le sommier doivent \u00eatre robustes et durables, notre gamme de pieds r\u00e9pond \u00e0 ces exigences. En plus de leur fonction, ils ajouteront du caract\u00e8re \u00e0 votre lit.<\/p><\/div><\/div><\/div><\/div>\t\t\t\t\t\t\t\t<\/div>\n\t\t\t\t<\/div>\n\t\t\t\t\t<\/div>\n\t\t<\/div>\n\t\t\t\t\t<\/div>\n\t\t<\/section>\n\t\t\t\t<section class=\"elementor-section elementor-top-section elementor-element elementor-element-2c2356ed elementor-section-boxed elementor-section-height-default elementor-section-height-default\" data-id=\"2c2356ed\" data-element_type=\"section\">\n\t\t\t\t\t\t<div class=\"elementor-container elementor-column-gap-default\">\n\t\t\t\t\t<div class=\"elementor-column elementor-col-100 elementor-top-column elementor-element elementor-element-b8c16b2\" data-id=\"b8c16b2\" data-element_type=\"column\">\n\t\t\t<div class=\"elementor-widget-wrap elementor-element-populated\">\n\t\t\t\t\t\t<div class=\"elementor-element elementor-element-7f468da5 elementor-widget elementor-widget-spacer\" data-id=\"7f468da5\" data-element_type=\"widget\" data-widget_type=\"spacer.default\">\n\t\t\t\t<div class=\"elementor-widget-container\">\n\t\t\t\t\t\t\t<div class=\"elementor-spacer\">\n\t\t\t<div class=\"elementor-spacer-inner\"><\/div>\n\t\t<\/div>\n\t\t\t\t\t\t<\/div>\n\t\t\t\t<\/div>\n\t\t\t\t\t<\/div>\n\t\t<\/div>\n\t\t\t\t\t<\/div>\n\t\t<\/section>\n\t\t\t\t<section class=\"elementor-section elementor-top-section elementor-element elementor-element-3ccfa7e3 elementor-section-boxed elementor-section-height-default elementor-section-height-default\" data-id=\"3ccfa7e3\" data-element_type=\"section\">\n\t\t\t\t\t\t<div class=\"elementor-container elementor-column-gap-default\">\n\t\t\t\t\t<div class=\"elementor-column elementor-col-50 elementor-top-column elementor-element elementor-element-49ef8868\" data-id=\"49ef8868\" data-element_type=\"column\">\n\t\t\t<div class=\"elementor-widget-wrap elementor-element-populated\">\n\t\t\t\t\t\t<div class=\"elementor-element elementor-element-2bb58788 elementor-widget elementor-widget-image\" data-id=\"2bb58788\" data-element_type=\"widget\" data-widget_type=\"image.default\">\n\t\t\t\t<div class=\"elementor-widget-container\">\n\t\t\t\t\t\t\t\t\t\t\t\t\t\t\t\t<a href=\"https:\/\/syncrolattex.com\/fr\/materials\/\">\n\t\t\t\t\t\t\t<img loading=\"lazy\" decoding=\"async\" width=\"1024\" height=\"723\" src=\"https:\/\/syncrolattex.com\/wp-content\/uploads\/2019\/04\/shutterstock_778437157-1024x723.jpg\" class=\"attachment-large size-large wp-image-4991\" alt=\"\" srcset=\"https:\/\/syncrolattex.com\/wp-content\/uploads\/2019\/04\/shutterstock_778437157.jpg 1024w, https:\/\/syncrolattex.com\/wp-content\/uploads\/2019\/04\/shutterstock_778437157-300x212.jpg 300w, https:\/\/syncrolattex.com\/wp-content\/uploads\/2019\/04\/shutterstock_778437157-768x542.jpg 768w, https:\/\/syncrolattex.com\/wp-content\/uploads\/2019\/04\/shutterstock_778437157-600x424.jpg 600w\" sizes=\"(max-width: 1024px) 100vw, 1024px\" \/>\t\t\t\t\t\t\t\t<\/a>\n\t\t\t\t\t\t\t\t\t\t\t\t\t\t\t<\/div>\n\t\t\t\t<\/div>\n\t\t\t\t<div class=\"elementor-element elementor-element-3f8e0712 elementor-widget elementor-widget-heading\" data-id=\"3f8e0712\" data-element_type=\"widget\" data-widget_type=\"heading.default\">\n\t\t\t\t<div class=\"elementor-widget-container\">\n\t\t\t\t\t<h2 class=\"elementor-heading-title elementor-size-default\"><a href=\"https:\/\/syncrolattex.com\/fr\/materials\/\">Mat\u00e9riaux<\/a><\/h2>\t\t\t\t<\/div>\n\t\t\t\t<\/div>\n\t\t\t\t\t<\/div>\n\t\t<\/div>\n\t\t\t\t<div class=\"elementor-column elementor-col-50 elementor-top-column elementor-element elementor-element-2c5f7263\" data-id=\"2c5f7263\" data-element_type=\"column\">\n\t\t\t<div class=\"elementor-widget-wrap elementor-element-populated\">\n\t\t\t\t\t\t<div class=\"elementor-element elementor-element-71c6082b elementor-widget elementor-widget-image\" data-id=\"71c6082b\" data-element_type=\"widget\" data-widget_type=\"image.default\">\n\t\t\t\t<div class=\"elementor-widget-container\">\n\t\t\t\t\t\t\t\t\t\t\t\t\t\t\t\t<a href=\"https:\/\/syncrolattex.com\/fr\/mantenimiento-materiales\/\">\n\t\t\t\t\t\t\t<img loading=\"lazy\" decoding=\"async\" width=\"800\" height=\"531\" src=\"https:\/\/syncrolattex.com\/wp-content\/uploads\/2019\/04\/chuva-1.jpg\" class=\"attachment-large size-large wp-image-4989\" alt=\"\" srcset=\"https:\/\/syncrolattex.com\/wp-content\/uploads\/2019\/04\/chuva-1.jpg 800w, https:\/\/syncrolattex.com\/wp-content\/uploads\/2019\/04\/chuva-1-300x199.jpg 300w, https:\/\/syncrolattex.com\/wp-content\/uploads\/2019\/04\/chuva-1-768x510.jpg 768w, https:\/\/syncrolattex.com\/wp-content\/uploads\/2019\/04\/chuva-1-600x398.jpg 600w\" sizes=\"(max-width: 800px) 100vw, 800px\" \/>\t\t\t\t\t\t\t\t<\/a>\n\t\t\t\t\t\t\t\t\t\t\t\t\t\t\t<\/div>\n\t\t\t\t<\/div>\n\t\t\t\t<div class=\"elementor-element elementor-element-58dcaf19 elementor-widget elementor-widget-heading\" data-id=\"58dcaf19\" data-element_type=\"widget\" data-widget_type=\"heading.default\">\n\t\t\t\t<div class=\"elementor-widget-container\">\n\t\t\t\t\t<h2 class=\"elementor-heading-title elementor-size-default\"><a href=\"https:\/\/syncrolattex.com\/fr\/mantenimiento-materiales\/\">Maintenance<\/a><\/h2>\t\t\t\t<\/div>\n\t\t\t\t<\/div>\n\t\t\t\t\t<\/div>\n\t\t<\/div>\n\t\t\t\t\t<\/div>\n\t\t<\/section>\n\t\t\t\t<section class=\"elementor-section elementor-top-section elementor-element elementor-element-50b86384 elementor-section-boxed elementor-section-height-default elementor-section-height-default\" data-id=\"50b86384\" data-element_type=\"section\">\n\t\t\t\t\t\t<div class=\"elementor-container elementor-column-gap-default\">\n\t\t\t\t\t<div class=\"elementor-column elementor-col-100 elementor-top-column elementor-element elementor-element-7fca885c\" data-id=\"7fca885c\" data-element_type=\"column\">\n\t\t\t<div class=\"elementor-widget-wrap elementor-element-populated\">\n\t\t\t\t\t\t<div class=\"elementor-element elementor-element-5520c209 elementor-widget elementor-widget-spacer\" data-id=\"5520c209\" data-element_type=\"widget\" data-widget_type=\"spacer.default\">\n\t\t\t\t<div class=\"elementor-widget-container\">\n\t\t\t\t\t\t\t<div class=\"elementor-spacer\">\n\t\t\t<div class=\"elementor-spacer-inner\"><\/div>\n\t\t<\/div>\n\t\t\t\t\t\t<\/div>\n\t\t\t\t<\/div>\n\t\t\t\t\t<\/div>\n\t\t<\/div>\n\t\t\t\t\t<\/div>\n\t\t<\/section>\n\t\t\t\t<\/div>","protected":false},"excerpt":{"rendered":"<p>LUXURY LUXURY Cabecero Cama refinada, ideal para ambientes tanto cla\u0301sicos como modernos. La cabecera se distingue por cuatro plieges verticales, a lo largo de todo su peri\u0301metro, y que rompe la percepcio\u0301n de su altura remarcable. Adem\u00e1s de contar con un remarcado acolchado y acompa\u00f1ado de un excelente tapizado elaborado por nuestros maestros artesanos. Imagen [&hellip;]<\/p>","protected":false},"author":1,"featured_media":0,"parent":6192,"menu_order":0,"comment_status":"closed","ping_status":"closed","template":"elementor_header_footer","meta":{"footnotes":""},"class_list":["post-5380","page","type-page","status-publish","hentry"],"_links":{"self":[{"href":"https:\/\/syncrolattex.com\/fr\/wp-json\/wp\/v2\/pages\/5380","targetHints":{"allow":["GET"]}}],"collection":[{"href":"https:\/\/syncrolattex.com\/fr\/wp-json\/wp\/v2\/pages"}],"about":[{"href":"https:\/\/syncrolattex.com\/fr\/wp-json\/wp\/v2\/types\/page"}],"author":[{"embeddable":true,"href":"https:\/\/syncrolattex.com\/fr\/wp-json\/wp\/v2\/users\/1"}],"replies":[{"embeddable":true,"href":"https:\/\/syncrolattex.com\/fr\/wp-json\/wp\/v2\/comments?post=5380"}],"version-history":[{"count":29,"href":"https:\/\/syncrolattex.com\/fr\/wp-json\/wp\/v2\/pages\/5380\/revisions"}],"predecessor-version":[{"id":9237,"href":"https:\/\/syncrolattex.com\/fr\/wp-json\/wp\/v2\/pages\/5380\/revisions\/9237"}],"up":[{"embeddable":true,"href":"https:\/\/syncrolattex.com\/fr\/wp-json\/wp\/v2\/pages\/6192"}],"wp:attachment":[{"href":"https:\/\/syncrolattex.com\/fr\/wp-json\/wp\/v2\/media?parent=5380"}],"curies":[{"name":"wp","href":"https:\/\/api.w.org\/{rel}","templated":true}]}}