{"id":6204,"date":"2019-07-11T09:24:57","date_gmt":"2019-07-11T09:24:57","guid":{"rendered":"http:\/\/syncrolattex.com\/?page_id=6204"},"modified":"2019-09-09T11:18:48","modified_gmt":"2019-09-09T11:18:48","slug":"mantenimiento-materiales","status":"publish","type":"page","link":"https:\/\/syncrolattex.com\/fr\/mantenimiento-materiales\/","title":{"rendered":"Mat\u00e9riel d'entretien"},"content":{"rendered":"<div data-elementor-type=\"wp-post\" data-elementor-id=\"6204\" class=\"elementor elementor-6204\" data-elementor-post-type=\"page\">\n\t\t\t\t\t\t<section class=\"elementor-section elementor-top-section elementor-element elementor-element-f281dc2 elementor-section-full_width elementor-section-height-min-height elementor-section-height-default elementor-section-items-middle\" data-id=\"f281dc2\" data-element_type=\"section\" data-settings=\"{&quot;background_background&quot;:&quot;classic&quot;}\">\n\t\t\t\t\t\t<div class=\"elementor-container elementor-column-gap-default\">\n\t\t\t\t\t<div class=\"elementor-column elementor-col-100 elementor-top-column elementor-element elementor-element-8b1ade7 raven-column-flex-vertical\" data-id=\"8b1ade7\" data-element_type=\"column\">\n\t\t\t<div class=\"elementor-widget-wrap elementor-element-populated\">\n\t\t\t\t\t\t<div class=\"elementor-element elementor-element-648ec05 elementor-absolute elementor-widget elementor-widget-heading\" data-id=\"648ec05\" data-element_type=\"widget\" data-settings=\"{&quot;_position&quot;:&quot;absolute&quot;}\" data-widget_type=\"heading.default\">\n\t\t\t\t<div class=\"elementor-widget-container\">\n\t\t\t\t\t<h2 class=\"elementor-heading-title elementor-size-default\">Mat\u00e9riel d'entretien<\/h2>\t\t\t\t<\/div>\n\t\t\t\t<\/div>\n\t\t\t\t\t<\/div>\n\t\t<\/div>\n\t\t\t\t\t<\/div>\n\t\t<\/section>\n\t\t\t\t<section class=\"elementor-section elementor-top-section elementor-element elementor-element-5a0809f elementor-section-boxed elementor-section-height-default elementor-section-height-default\" data-id=\"5a0809f\" data-element_type=\"section\">\n\t\t\t\t\t\t<div class=\"elementor-container elementor-column-gap-default\">\n\t\t\t\t\t<div class=\"elementor-column elementor-col-100 elementor-top-column elementor-element elementor-element-a871903\" data-id=\"a871903\" data-element_type=\"column\">\n\t\t\t<div class=\"elementor-widget-wrap elementor-element-populated\">\n\t\t\t\t\t\t<div class=\"elementor-element elementor-element-38fb58f elementor-widget elementor-widget-spacer\" data-id=\"38fb58f\" data-element_type=\"widget\" data-widget_type=\"spacer.default\">\n\t\t\t\t<div class=\"elementor-widget-container\">\n\t\t\t\t\t\t\t<div class=\"elementor-spacer\">\n\t\t\t<div class=\"elementor-spacer-inner\"><\/div>\n\t\t<\/div>\n\t\t\t\t\t\t<\/div>\n\t\t\t\t<\/div>\n\t\t\t\t<div class=\"elementor-element elementor-element-a30f1d7 elementor-widget elementor-widget-jet-switcher\" data-id=\"a30f1d7\" data-element_type=\"widget\" data-widget_type=\"jet-switcher.default\">\n\t\t\t\t<div class=\"elementor-widget-container\">\n\t\t\t\t\t<div class=\"jet-switcher jet-switcher--preset-1 jet-switcher-none-effect jet-switcher--disable\" data-settings=\"{&quot;effect&quot;:&quot;none&quot;}\">\n\t\t\t<div class=\"jet-switcher__control-wrapper\"><div class=\"jet-switcher__control-instance\">\n\t<div class=\"jet-switcher__control-handler\"><span><\/span><\/div>\n\t<div class=\"jet-switcher__control jet-switcher__control--disable\" role=\"button\" tabindex=\"0\" aria-controls=\"jet-switcher-content-disable-a30f1d7\" aria-expanded=\"true\" aria-label=\"Tissus\"><div class=\"jet-switcher__label-text\">Tissus<\/div><\/div>\n\t<div class=\"jet-switcher__control jet-switcher__control--enable\" role=\"button\" tabindex=\"0\" aria-controls=\"jet-switcher-content-enable-a30f1d7\" aria-expanded=\"false\" aria-label=\"Bois\"><div class=\"jet-switcher__label-text\">Bois<\/div><\/div>\n<\/div>\n\n<\/div>\n\t\t\t<div class=\"jet-switcher__content-wrapper\"><div id=\"jet-switcher-content-disable-a30f1d7\" class=\"jet-switcher__content jet-switcher__content--disable active-content\" aria-hidden=\"false\">\t\t<div data-elementor-type=\"page\" data-elementor-id=\"6106\" class=\"elementor elementor-6106\" data-elementor-post-type=\"elementor_library\">\n\t\t\t\t\t\t<section class=\"elementor-section elementor-top-section elementor-element elementor-element-7616684c elementor-section-boxed elementor-section-height-default elementor-section-height-default\" data-id=\"7616684c\" data-element_type=\"section\">\n\t\t\t\t\t\t<div class=\"elementor-container elementor-column-gap-default\">\n\t\t\t\t\t<div class=\"elementor-column elementor-col-100 elementor-top-column elementor-element elementor-element-218353f0\" data-id=\"218353f0\" data-element_type=\"column\">\n\t\t\t<div class=\"elementor-widget-wrap elementor-element-populated\">\n\t\t\t\t\t\t<div class=\"elementor-element elementor-element-31a312fc elementor-widget elementor-widget-heading\" data-id=\"31a312fc\" data-element_type=\"widget\" data-widget_type=\"heading.default\">\n\t\t\t\t<div class=\"elementor-widget-container\">\n\t\t\t\t\t<h2 class=\"elementor-heading-title elementor-size-default\">Tissus<\/h2>\t\t\t\t<\/div>\n\t\t\t\t<\/div>\n\t\t\t\t<div class=\"elementor-element elementor-element-665fedbc elementor-widget elementor-widget-spacer\" data-id=\"665fedbc\" data-element_type=\"widget\" data-widget_type=\"spacer.default\">\n\t\t\t\t<div class=\"elementor-widget-container\">\n\t\t\t\t\t\t\t<div class=\"elementor-spacer\">\n\t\t\t<div class=\"elementor-spacer-inner\"><\/div>\n\t\t<\/div>\n\t\t\t\t\t\t<\/div>\n\t\t\t\t<\/div>\n\t\t\t\t<div class=\"elementor-element elementor-element-7b884ec5 elementor-widget elementor-widget-text-editor\" data-id=\"7b884ec5\" data-element_type=\"widget\" data-widget_type=\"text-editor.default\">\n\t\t\t\t<div class=\"elementor-widget-container\">\n\t\t\t\t\t\t\t\t\t<p style=\"text-align: center;\">En ce qui concerne le nettoyage quotidien du rev\u00eatement en tissu, utilisez un chiffon doux pour enlever la poussi\u00e8re. \u00c9vitez les aspirateurs qui peuvent endommager le rembourrage et le rembourrage. En cas de taches, essayez d'agir le plus t\u00f4t possible et traitez la surface avec un chiffon blanc et propre, humidifi\u00e9 avec de l'eau ti\u00e8de (en partant des bords vers l'int\u00e9rieur). Si n\u00e9cessaire, utilisez le chiffon l\u00e9g\u00e8rement humidifi\u00e9 avec un d\u00e9tergent sp\u00e9cifique. Ne pas utiliser le d\u00e9tergent directement sur le tissu. Laissez le chiffon s\u00e9cher \u00e0 l'ext\u00e9rieur. Ne pas repasser ou vaporiser.\u00a0<\/p><p>Suivez les instructions d\u2019entretien sur l\u2019\u00e9tiquette en tissu.<\/p><p style=\"text-align: center;\"><strong>Nettoyage \u00e0 sec doux:<\/strong>\u00a0apportez l'article \u00e0 un nettoyeur \u00e0 sec sp\u00e9cialis\u00e9. S'il y a des taches \/ taches, informez le nettoyeur \u00e0 sec du type de tache et de tache.<\/p><p style=\"text-align: center;\"><strong>Lavage \u00e0 l'eau:<\/strong>\u00a0laver \u00e0 la main, ne pas laver \u00e0 la machine \u00e0 laver, laver \u00e0 des temp\u00e9ratures ne d\u00e9passant pas 30 \u00b0 C (86 \u00b0 F).\u00a0<br \/>Toujours laver les bouchons de l'int\u00e9rieur. Le savon doit \u00eatre neutre, sans azurants optiques, car le d\u00e9tergent contient g\u00e9n\u00e9ralement ces agents de blanchiment qui affectent et modifient les couleurs. Ne pas tordre.\u00a0<\/p>\t\t\t\t\t\t\t\t<\/div>\n\t\t\t\t<\/div>\n\t\t\t\t\t<\/div>\n\t\t<\/div>\n\t\t\t\t\t<\/div>\n\t\t<\/section>\n\t\t\t\t<\/div>\n\t\t<\/div><div id=\"jet-switcher-content-enable-a30f1d7\" class=\"jet-switcher__content jet-switcher__content--enable\" aria-hidden=\"true\">\t\t<div data-elementor-type=\"page\" data-elementor-id=\"5119\" class=\"elementor elementor-5119\" data-elementor-post-type=\"elementor_library\">\n\t\t\t\t\t\t<section class=\"elementor-section elementor-top-section elementor-element elementor-element-cc65921 elementor-section-boxed elementor-section-height-default elementor-section-height-default\" data-id=\"cc65921\" data-element_type=\"section\">\n\t\t\t\t\t\t<div class=\"elementor-container elementor-column-gap-default\">\n\t\t\t\t\t<div class=\"elementor-column elementor-col-100 elementor-top-column elementor-element elementor-element-838abdb\" data-id=\"838abdb\" data-element_type=\"column\">\n\t\t\t<div class=\"elementor-widget-wrap elementor-element-populated\">\n\t\t\t\t\t\t<div class=\"elementor-element elementor-element-6f86894 elementor-widget elementor-widget-heading\" data-id=\"6f86894\" data-element_type=\"widget\" data-widget_type=\"heading.default\">\n\t\t\t\t<div class=\"elementor-widget-container\">\n\t\t\t\t\t<h2 class=\"elementor-heading-title elementor-size-default\">Bois<\/h2>\t\t\t\t<\/div>\n\t\t\t\t<\/div>\n\t\t\t\t<div class=\"elementor-element elementor-element-f42625c elementor-widget elementor-widget-spacer\" data-id=\"f42625c\" data-element_type=\"widget\" data-widget_type=\"spacer.default\">\n\t\t\t\t<div class=\"elementor-widget-container\">\n\t\t\t\t\t\t\t<div class=\"elementor-spacer\">\n\t\t\t<div class=\"elementor-spacer-inner\"><\/div>\n\t\t<\/div>\n\t\t\t\t\t\t<\/div>\n\t\t\t\t<\/div>\n\t\t\t\t<div class=\"elementor-element elementor-element-5567dd3 elementor-widget elementor-widget-text-editor\" data-id=\"5567dd3\" data-element_type=\"widget\" data-widget_type=\"text-editor.default\">\n\t\t\t\t<div class=\"elementor-widget-container\">\n\t\t\t\t\t\t\t\t\t<p><span>Utilisez un chiffon doux pour enlever la poussi\u00e8re: les taches laiss\u00e9es par des liquides ou des substances huileuses doivent \u00eatre \u00e9limin\u00e9es imm\u00e9diatement avec un chiffon absorbant; essuyez ensuite toute la surface avec un chiffon imbib\u00e9 d'eau ti\u00e8de. Il faut prendre soin de ne pas rayer la surface.&nbsp;<\/span><br><span>\u00c9vitez d\u2019utiliser des produits contenant de l\u2019alcool, de l\u2019ac\u00e9tone, de l\u2019ammoniac, du chlore, des solvants, des abrasifs ou de la cire pour meubles, car ils pourraient endommager la surface du produit de mani\u00e8re ind\u00e9l\u00e9bile et devenir opaques.<\/span><\/p>\t\t\t\t\t\t\t\t<\/div>\n\t\t\t\t<\/div>\n\t\t\t\t\t<\/div>\n\t\t<\/div>\n\t\t\t\t\t<\/div>\n\t\t<\/section>\n\t\t\t\t<\/div>\n\t\t<\/div><\/div>\n\t\t<\/div>\n\t\t\t\t\t\t<\/div>\n\t\t\t\t<\/div>\n\t\t\t\t<div class=\"elementor-element elementor-element-8ac2556 elementor-widget elementor-widget-spacer\" data-id=\"8ac2556\" data-element_type=\"widget\" data-widget_type=\"spacer.default\">\n\t\t\t\t<div class=\"elementor-widget-container\">\n\t\t\t\t\t\t\t<div class=\"elementor-spacer\">\n\t\t\t<div class=\"elementor-spacer-inner\"><\/div>\n\t\t<\/div>\n\t\t\t\t\t\t<\/div>\n\t\t\t\t<\/div>\n\t\t\t\t\t<\/div>\n\t\t<\/div>\n\t\t\t\t\t<\/div>\n\t\t<\/section>\n\t\t\t\t<section class=\"elementor-section elementor-top-section elementor-element elementor-element-1d91db6 elementor-section-boxed elementor-section-height-default elementor-section-height-default\" data-id=\"1d91db6\" data-element_type=\"section\">\n\t\t\t\t\t\t<div class=\"elementor-container elementor-column-gap-default\">\n\t\t\t\t\t<div class=\"elementor-column elementor-col-100 elementor-top-column elementor-element elementor-element-5e3c61d\" data-id=\"5e3c61d\" data-element_type=\"column\">\n\t\t\t<div class=\"elementor-widget-wrap elementor-element-populated\">\n\t\t\t\t\t\t<div class=\"elementor-element elementor-element-657eb84 elementor-widget elementor-widget-spacer\" data-id=\"657eb84\" data-element_type=\"widget\" data-widget_type=\"spacer.default\">\n\t\t\t\t<div class=\"elementor-widget-container\">\n\t\t\t\t\t\t\t<div class=\"elementor-spacer\">\n\t\t\t<div class=\"elementor-spacer-inner\"><\/div>\n\t\t<\/div>\n\t\t\t\t\t\t<\/div>\n\t\t\t\t<\/div>\n\t\t\t\t<div class=\"elementor-element elementor-element-90b9f63 elementor-widget elementor-widget-spacer\" data-id=\"90b9f63\" data-element_type=\"widget\" data-widget_type=\"spacer.default\">\n\t\t\t\t<div class=\"elementor-widget-container\">\n\t\t\t\t\t\t\t<div class=\"elementor-spacer\">\n\t\t\t<div class=\"elementor-spacer-inner\"><\/div>\n\t\t<\/div>\n\t\t\t\t\t\t<\/div>\n\t\t\t\t<\/div>\n\t\t\t\t\t<\/div>\n\t\t<\/div>\n\t\t\t\t\t<\/div>\n\t\t<\/section>\n\t\t\t\t<\/div>","protected":false},"excerpt":{"rendered":"<p>Mantenimiento Materiales Tejidos Maderas Tejidos Con respecto a la limpieza diaria de la tapicer\u00eda de tela, use un pa\u00f1o suave para eliminar el polvo.&nbsp;Evite las aspiradoras que pueden da\u00f1ar el acolchado y la tapicer\u00eda.&nbsp;En caso de manchas, intente actuar lo antes posible y trate la superficie con un pa\u00f1o blanco y bien limpio, humedecido con [&hellip;]<\/p>","protected":false},"author":1,"featured_media":0,"parent":0,"menu_order":0,"comment_status":"closed","ping_status":"closed","template":"elementor_header_footer","meta":{"footnotes":""},"class_list":["post-6204","page","type-page","status-publish","hentry"],"_links":{"self":[{"href":"https:\/\/syncrolattex.com\/fr\/wp-json\/wp\/v2\/pages\/6204","targetHints":{"allow":["GET"]}}],"collection":[{"href":"https:\/\/syncrolattex.com\/fr\/wp-json\/wp\/v2\/pages"}],"about":[{"href":"https:\/\/syncrolattex.com\/fr\/wp-json\/wp\/v2\/types\/page"}],"author":[{"embeddable":true,"href":"https:\/\/syncrolattex.com\/fr\/wp-json\/wp\/v2\/users\/1"}],"replies":[{"embeddable":true,"href":"https:\/\/syncrolattex.com\/fr\/wp-json\/wp\/v2\/comments?post=6204"}],"version-history":[{"count":22,"href":"https:\/\/syncrolattex.com\/fr\/wp-json\/wp\/v2\/pages\/6204\/revisions"}],"predecessor-version":[{"id":9752,"href":"https:\/\/syncrolattex.com\/fr\/wp-json\/wp\/v2\/pages\/6204\/revisions\/9752"}],"wp:attachment":[{"href":"https:\/\/syncrolattex.com\/fr\/wp-json\/wp\/v2\/media?parent=6204"}],"curies":[{"name":"wp","href":"https:\/\/api.w.org\/{rel}","templated":true}]}}