{"id":6419,"date":"2019-07-17T09:08:05","date_gmt":"2019-07-17T09:08:05","guid":{"rendered":"http:\/\/syncrolattex.com\/?page_id=6419"},"modified":"2023-06-22T09:37:44","modified_gmt":"2023-06-22T07:37:44","slug":"sobre-nosotros","status":"publish","type":"page","link":"https:\/\/syncrolattex.com\/fr\/sobre-nosotros\/","title":{"rendered":"\u00c0 propos de nous"},"content":{"rendered":"<div data-elementor-type=\"wp-post\" data-elementor-id=\"6419\" class=\"elementor elementor-6419\" data-elementor-post-type=\"page\">\n\t\t\t\t\t\t<section class=\"elementor-section elementor-top-section elementor-element elementor-element-49338d2 elementor-section-full_width elementor-section-height-min-height elementor-section-content-top elementor-section-items-bottom elementor-section-height-default\" data-id=\"49338d2\" data-element_type=\"section\" data-settings=\"{&quot;background_background&quot;:&quot;classic&quot;}\">\n\t\t\t\t\t\t\t<div class=\"elementor-background-overlay\"><\/div>\n\t\t\t\t\t\t\t<div class=\"elementor-container elementor-column-gap-default\">\n\t\t\t\t\t<div class=\"elementor-column elementor-col-100 elementor-top-column elementor-element elementor-element-4519d3d\" data-id=\"4519d3d\" data-element_type=\"column\" data-settings=\"{&quot;background_background&quot;:&quot;classic&quot;}\">\n\t\t\t<div class=\"elementor-widget-wrap elementor-element-populated\">\n\t\t\t\t\t\t<div class=\"elementor-element elementor-element-ac332d6 elementor-widget elementor-widget-heading\" data-id=\"ac332d6\" data-element_type=\"widget\" data-widget_type=\"heading.default\">\n\t\t\t\t<div class=\"elementor-widget-container\">\n\t\t\t\t\t<h2 class=\"elementor-heading-title elementor-size-default\">Histoire<\/h2>\t\t\t\t<\/div>\n\t\t\t\t<\/div>\n\t\t\t\t<div class=\"elementor-element elementor-element-b94b869 elementor-widget elementor-widget-heading\" data-id=\"b94b869\" data-element_type=\"widget\" data-widget_type=\"heading.default\">\n\t\t\t\t<div class=\"elementor-widget-container\">\n\t\t\t\t\t<h2 class=\"elementor-heading-title elementor-size-default\">Une longue tradition de r\u00eaveurs<\/h2>\t\t\t\t<\/div>\n\t\t\t\t<\/div>\n\t\t\t\t<div class=\"elementor-element elementor-element-9a20caf elementor-widget elementor-widget-spacer\" data-id=\"9a20caf\" data-element_type=\"widget\" data-widget_type=\"spacer.default\">\n\t\t\t\t<div class=\"elementor-widget-container\">\n\t\t\t\t\t\t\t<div class=\"elementor-spacer\">\n\t\t\t<div class=\"elementor-spacer-inner\"><\/div>\n\t\t<\/div>\n\t\t\t\t\t\t<\/div>\n\t\t\t\t<\/div>\n\t\t\t\t\t<\/div>\n\t\t<\/div>\n\t\t\t\t\t<\/div>\n\t\t<\/section>\n\t\t\t\t<section class=\"elementor-section elementor-top-section elementor-element elementor-element-0f1c70d elementor-section-boxed elementor-section-height-default elementor-section-height-default\" data-id=\"0f1c70d\" data-element_type=\"section\">\n\t\t\t\t\t\t<div class=\"elementor-container elementor-column-gap-default\">\n\t\t\t\t\t<div class=\"elementor-column elementor-col-50 elementor-top-column elementor-element elementor-element-6202897\" data-id=\"6202897\" data-element_type=\"column\" data-settings=\"{&quot;background_background&quot;:&quot;classic&quot;}\">\n\t\t\t<div class=\"elementor-widget-wrap elementor-element-populated\">\n\t\t\t\t\t\t<div class=\"elementor-element elementor-element-7f3bae3 elementor-widget elementor-widget-heading\" data-id=\"7f3bae3\" data-element_type=\"widget\" data-widget_type=\"heading.default\">\n\t\t\t\t<div class=\"elementor-widget-container\">\n\t\t\t\t\t<h2 class=\"elementor-heading-title elementor-size-default\">N\u00e9 en 1961 \u00e0 Silla. Son caract\u00e8re initial, qui est purement artisanal, est rapidement modifi\u00e9 et rev\u00eat depuis les ann\u00e9es 1960 des caract\u00e9ristiques et des dimensions industrielles. La prochaine \u00e9tape est due \u00e0 son fils Jose Vicente Escriv\u00e1, qui, apr\u00e8s la mort de son fondateur Jos\u00e9 Escriv\u00e1 Mu\u00f1oz en 1983, prend les r\u00eanes de la soci\u00e9t\u00e9 et entreprend un processus de croissance dans lequel il est responsable des strat\u00e9gies de la soci\u00e9t\u00e9.<\/h2>\t\t\t\t<\/div>\n\t\t\t\t<\/div>\n\t\t\t\t\t<\/div>\n\t\t<\/div>\n\t\t\t\t<div class=\"elementor-column elementor-col-50 elementor-top-column elementor-element elementor-element-0361a74\" data-id=\"0361a74\" data-element_type=\"column\">\n\t\t\t<div class=\"elementor-widget-wrap elementor-element-populated\">\n\t\t\t\t\t\t<div class=\"elementor-element elementor-element-34897fb elementor-widget elementor-widget-image\" data-id=\"34897fb\" data-element_type=\"widget\" data-widget_type=\"image.default\">\n\t\t\t\t<div class=\"elementor-widget-container\">\n\t\t\t\t\t\t\t\t\t\t\t\t\t\t\t<img fetchpriority=\"high\" decoding=\"async\" width=\"634\" height=\"1010\" src=\"https:\/\/syncrolattex.com\/wp-content\/uploads\/2019\/07\/JVF2.jpg\" class=\"attachment-medium_large size-medium_large wp-image-6443\" alt=\"\" srcset=\"https:\/\/syncrolattex.com\/wp-content\/uploads\/2019\/07\/JVF2.jpg 634w, https:\/\/syncrolattex.com\/wp-content\/uploads\/2019\/07\/JVF2-188x300.jpg 188w, https:\/\/syncrolattex.com\/wp-content\/uploads\/2019\/07\/JVF2-600x956.jpg 600w\" sizes=\"(max-width: 634px) 100vw, 634px\" \/>\t\t\t\t\t\t\t\t\t\t\t\t\t\t\t<\/div>\n\t\t\t\t<\/div>\n\t\t\t\t\t<\/div>\n\t\t<\/div>\n\t\t\t\t\t<\/div>\n\t\t<\/section>\n\t\t\t\t<section class=\"elementor-section elementor-top-section elementor-element elementor-element-2a4182c elementor-section-content-middle elementor-section-stretched elementor-section-boxed elementor-section-height-default elementor-section-height-default\" data-id=\"2a4182c\" data-element_type=\"section\" data-settings=\"{&quot;background_background&quot;:&quot;classic&quot;,&quot;stretch_section&quot;:&quot;section-stretched&quot;}\">\n\t\t\t\t\t\t<div class=\"elementor-container elementor-column-gap-wide\">\n\t\t\t\t\t<div class=\"elementor-column elementor-col-66 elementor-top-column elementor-element elementor-element-0253fa0 raven-column-flex-horizontal\" data-id=\"0253fa0\" data-element_type=\"column\" data-settings=\"{&quot;background_background&quot;:&quot;classic&quot;}\">\n\t\t\t<div class=\"elementor-widget-wrap elementor-element-populated\">\n\t\t\t\t\t<div class=\"elementor-background-overlay\"><\/div>\n\t\t\t\t\t\t<div class=\"elementor-element elementor-element-7211e0b elementor-widget elementor-widget-image\" data-id=\"7211e0b\" data-element_type=\"widget\" data-widget_type=\"image.default\">\n\t\t\t\t<div class=\"elementor-widget-container\">\n\t\t\t\t\t\t\t\t\t\t\t\t\t\t\t<img decoding=\"async\" width=\"1024\" height=\"683\" src=\"https:\/\/syncrolattex.com\/wp-content\/uploads\/2019\/07\/historia-large1-1024x683.jpg\" class=\"attachment-large size-large wp-image-6459\" alt=\"\" srcset=\"https:\/\/syncrolattex.com\/wp-content\/uploads\/2019\/07\/historia-large1.jpg 1024w, https:\/\/syncrolattex.com\/wp-content\/uploads\/2019\/07\/historia-large1-300x200.jpg 300w, https:\/\/syncrolattex.com\/wp-content\/uploads\/2019\/07\/historia-large1-768x512.jpg 768w, https:\/\/syncrolattex.com\/wp-content\/uploads\/2019\/07\/historia-large1-600x400.jpg 600w\" sizes=\"(max-width: 1024px) 100vw, 1024px\" \/>\t\t\t\t\t\t\t\t\t\t\t\t\t\t\t<\/div>\n\t\t\t\t<\/div>\n\t\t\t\t\t<\/div>\n\t\t<\/div>\n\t\t\t\t<div class=\"elementor-column elementor-col-33 elementor-top-column elementor-element elementor-element-3718988\" data-id=\"3718988\" data-element_type=\"column\" data-settings=\"{&quot;background_background&quot;:&quot;classic&quot;}\">\n\t\t\t<div class=\"elementor-widget-wrap elementor-element-populated\">\n\t\t\t\t\t\t<div class=\"elementor-element elementor-element-d2e3932 elementor-widget elementor-widget-image\" data-id=\"d2e3932\" data-element_type=\"widget\" data-widget_type=\"image.default\">\n\t\t\t\t<div class=\"elementor-widget-container\">\n\t\t\t\t\t\t\t\t\t\t\t\t\t\t\t<img decoding=\"async\" width=\"570\" height=\"800\" src=\"https:\/\/syncrolattex.com\/wp-content\/uploads\/2019\/07\/historia-short-1.jpg\" class=\"attachment-large size-large wp-image-6460\" alt=\"\" srcset=\"https:\/\/syncrolattex.com\/wp-content\/uploads\/2019\/07\/historia-short-1.jpg 570w, https:\/\/syncrolattex.com\/wp-content\/uploads\/2019\/07\/historia-short-1-214x300.jpg 214w\" sizes=\"(max-width: 570px) 100vw, 570px\" \/>\t\t\t\t\t\t\t\t\t\t\t\t\t\t\t<\/div>\n\t\t\t\t<\/div>\n\t\t\t\t\t<\/div>\n\t\t<\/div>\n\t\t\t\t\t<\/div>\n\t\t<\/section>\n\t\t\t\t<section class=\"elementor-section elementor-top-section elementor-element elementor-element-a31c42f elementor-section-content-middle elementor-section-stretched elementor-section-boxed elementor-section-height-default elementor-section-height-default\" data-id=\"a31c42f\" data-element_type=\"section\" data-settings=\"{&quot;background_background&quot;:&quot;classic&quot;,&quot;stretch_section&quot;:&quot;section-stretched&quot;}\">\n\t\t\t\t\t\t<div class=\"elementor-container elementor-column-gap-wide\">\n\t\t\t\t\t<div class=\"elementor-column elementor-col-33 elementor-top-column elementor-element elementor-element-d9bf342 raven-column-flex-horizontal\" data-id=\"d9bf342\" data-element_type=\"column\" data-settings=\"{&quot;background_background&quot;:&quot;classic&quot;}\">\n\t\t\t<div class=\"elementor-widget-wrap elementor-element-populated\">\n\t\t\t\t\t\t<div class=\"elementor-element elementor-element-06adb4f elementor-widget elementor-widget-image\" data-id=\"06adb4f\" data-element_type=\"widget\" data-widget_type=\"image.default\">\n\t\t\t\t<div class=\"elementor-widget-container\">\n\t\t\t\t\t\t\t\t\t\t\t\t\t\t\t<img decoding=\"async\" src=\"https:\/\/syncrolattex.com\/wp-content\/uploads\/2019\/07\/historia-short-2.jpg\" title=\"historia short 2\" alt=\"historia short 2\" loading=\"lazy\" \/>\t\t\t\t\t\t\t\t\t\t\t\t\t\t\t<\/div>\n\t\t\t\t<\/div>\n\t\t\t\t\t<\/div>\n\t\t<\/div>\n\t\t\t\t<div class=\"elementor-column elementor-col-66 elementor-top-column elementor-element elementor-element-0436c1b raven-column-flex-horizontal\" data-id=\"0436c1b\" data-element_type=\"column\" data-settings=\"{&quot;background_background&quot;:&quot;classic&quot;}\">\n\t\t\t<div class=\"elementor-widget-wrap elementor-element-populated\">\n\t\t\t\t\t\t<div class=\"elementor-element elementor-element-9751fd2 elementor-widget elementor-widget-image\" data-id=\"9751fd2\" data-element_type=\"widget\" data-widget_type=\"image.default\">\n\t\t\t\t<div class=\"elementor-widget-container\">\n\t\t\t\t\t\t\t\t\t\t\t\t\t\t\t<img decoding=\"async\" src=\"https:\/\/syncrolattex.com\/wp-content\/uploads\/2019\/07\/historia-large-2.jpg\" title=\"historia large 2\" alt=\"historia large 2\" loading=\"lazy\" \/>\t\t\t\t\t\t\t\t\t\t\t\t\t\t\t<\/div>\n\t\t\t\t<\/div>\n\t\t\t\t\t<\/div>\n\t\t<\/div>\n\t\t\t\t\t<\/div>\n\t\t<\/section>\n\t\t\t\t<section class=\"elementor-section elementor-top-section elementor-element elementor-element-55e789c elementor-section-height-min-height elementor-section-boxed elementor-section-height-default elementor-section-items-middle\" data-id=\"55e789c\" data-element_type=\"section\">\n\t\t\t\t\t\t<div class=\"elementor-container elementor-column-gap-default\">\n\t\t\t\t\t<div class=\"elementor-column elementor-col-50 elementor-top-column elementor-element elementor-element-ccbdb22\" data-id=\"ccbdb22\" data-element_type=\"column\">\n\t\t\t<div class=\"elementor-widget-wrap elementor-element-populated\">\n\t\t\t\t\t\t<div class=\"elementor-element elementor-element-5810f8e elementor-widget elementor-widget-image\" data-id=\"5810f8e\" data-element_type=\"widget\" data-widget_type=\"image.default\">\n\t\t\t\t<div class=\"elementor-widget-container\">\n\t\t\t\t\t\t\t\t\t\t\t\t\t\t\t<img loading=\"lazy\" decoding=\"async\" width=\"764\" height=\"768\" src=\"https:\/\/syncrolattex.com\/wp-content\/uploads\/2019\/07\/premio.png\" class=\"attachment-large size-large wp-image-6458\" alt=\"\" srcset=\"https:\/\/syncrolattex.com\/wp-content\/uploads\/2019\/07\/premio.png 764w, https:\/\/syncrolattex.com\/wp-content\/uploads\/2019\/07\/premio-298x300.png 298w, https:\/\/syncrolattex.com\/wp-content\/uploads\/2019\/07\/premio-150x150.png 150w, https:\/\/syncrolattex.com\/wp-content\/uploads\/2019\/07\/premio-600x603.png 600w, https:\/\/syncrolattex.com\/wp-content\/uploads\/2019\/07\/premio-100x100.png 100w\" sizes=\"(max-width: 764px) 100vw, 764px\" \/>\t\t\t\t\t\t\t\t\t\t\t\t\t\t\t<\/div>\n\t\t\t\t<\/div>\n\t\t\t\t\t<\/div>\n\t\t<\/div>\n\t\t\t\t<div class=\"elementor-column elementor-col-50 elementor-top-column elementor-element elementor-element-7d96e0e\" data-id=\"7d96e0e\" data-element_type=\"column\">\n\t\t\t<div class=\"elementor-widget-wrap elementor-element-populated\">\n\t\t\t\t\t\t<div class=\"elementor-element elementor-element-962965d elementor-widget elementor-widget-heading\" data-id=\"962965d\" data-element_type=\"widget\" data-widget_type=\"heading.default\">\n\t\t\t\t<div class=\"elementor-widget-container\">\n\t\t\t\t\t<h2 class=\"elementor-heading-title elementor-size-default\">A son haut niveau d'expertise s'ajoute une recherche minutieuse de mat\u00e9riaux et de solutions technologiques mettant en \u00e9vidence le go\u00fbt des d\u00e9tails impeccables, dans une tension id\u00e9ale vers l'excellence couvrant tous les secteurs de l'entreprise.<\/h2>\t\t\t\t<\/div>\n\t\t\t\t<\/div>\n\t\t\t\t<div class=\"elementor-element elementor-element-1274eee elementor-widget elementor-widget-heading\" data-id=\"1274eee\" data-element_type=\"widget\" data-widget_type=\"heading.default\">\n\t\t\t\t<div class=\"elementor-widget-container\">\n\t\t\t\t\t<h2 class=\"elementor-heading-title elementor-size-default\">La persistance de l'entreprise se refl\u00e8te dans ses produits, le travail constant au service de 40 ans d'affil\u00e9e au Salon International du Meuble de Valence, nous pouvons dire que notre travail est indissoluble car notre tradition et notre innovation, piliers fondamentaux de notre identit\u00e9. <\/h2>\t\t\t\t<\/div>\n\t\t\t\t<\/div>\n\t\t\t\t<div class=\"elementor-element elementor-element-f8001a9 elementor-widget elementor-widget-heading\" data-id=\"f8001a9\" data-element_type=\"widget\" data-widget_type=\"heading.default\">\n\t\t\t\t<div class=\"elementor-widget-container\">\n\t\t\t\t\t<h2 class=\"elementor-heading-title elementor-size-default\">Notre mod\u00e8le d'affaires est bas\u00e9 sur l'innovation, l'adaptation constante aux nouvelles tendances et aux besoins de la soci\u00e9t\u00e9, l'\u00e9tendue de l'assortiment, la sp\u00e9cialisation, la qualit\u00e9, l'attention personnalis\u00e9e, la diff\u00e9renciation, le service et le bon rapport qualit\u00e9-prix qui Ils atteignent une satisfaction client maximale.<\/h2>\t\t\t\t<\/div>\n\t\t\t\t<\/div>\n\t\t\t\t\t<\/div>\n\t\t<\/div>\n\t\t\t\t\t<\/div>\n\t\t<\/section>\n\t\t\t\t<section class=\"elementor-section elementor-top-section elementor-element elementor-element-e59daa1 elementor-section-boxed elementor-section-height-default elementor-section-height-default\" data-id=\"e59daa1\" data-element_type=\"section\">\n\t\t\t\t\t\t<div class=\"elementor-container elementor-column-gap-default\">\n\t\t\t\t\t<div class=\"elementor-column elementor-col-100 elementor-top-column elementor-element elementor-element-decd3aa\" data-id=\"decd3aa\" data-element_type=\"column\">\n\t\t\t<div class=\"elementor-widget-wrap elementor-element-populated\">\n\t\t\t\t\t\t<div class=\"elementor-element elementor-element-b96d457 elementor-widget elementor-widget-spacer\" data-id=\"b96d457\" data-element_type=\"widget\" data-widget_type=\"spacer.default\">\n\t\t\t\t<div class=\"elementor-widget-container\">\n\t\t\t\t\t\t\t<div class=\"elementor-spacer\">\n\t\t\t<div class=\"elementor-spacer-inner\"><\/div>\n\t\t<\/div>\n\t\t\t\t\t\t<\/div>\n\t\t\t\t<\/div>\n\t\t\t\t\t<\/div>\n\t\t<\/div>\n\t\t\t\t\t<\/div>\n\t\t<\/section>\n\t\t\t\t<\/div>","protected":false},"excerpt":{"rendered":"<p>Historia Una larga tradici\u00f3n de so\u00f1adores Nace en 1961 en la localidad de Silla. Su car\u00e1cter inicial meramente artesanal se ve modificado r\u00e1pidamente, y a partir de de los a\u00f1os sesenta, asume caracter\u00edsticas y dimensiones industriales. El paso siguiente se debe a su hijo Jose Vicente Escriv\u00e1, que tras la muerte de su fundador Jos\u00e9 [&hellip;]<\/p>","protected":false},"author":1,"featured_media":0,"parent":0,"menu_order":0,"comment_status":"closed","ping_status":"closed","template":"elementor_header_footer","meta":{"footnotes":""},"class_list":["post-6419","page","type-page","status-publish","hentry"],"_links":{"self":[{"href":"https:\/\/syncrolattex.com\/fr\/wp-json\/wp\/v2\/pages\/6419","targetHints":{"allow":["GET"]}}],"collection":[{"href":"https:\/\/syncrolattex.com\/fr\/wp-json\/wp\/v2\/pages"}],"about":[{"href":"https:\/\/syncrolattex.com\/fr\/wp-json\/wp\/v2\/types\/page"}],"author":[{"embeddable":true,"href":"https:\/\/syncrolattex.com\/fr\/wp-json\/wp\/v2\/users\/1"}],"replies":[{"embeddable":true,"href":"https:\/\/syncrolattex.com\/fr\/wp-json\/wp\/v2\/comments?post=6419"}],"version-history":[{"count":39,"href":"https:\/\/syncrolattex.com\/fr\/wp-json\/wp\/v2\/pages\/6419\/revisions"}],"predecessor-version":[{"id":9199,"href":"https:\/\/syncrolattex.com\/fr\/wp-json\/wp\/v2\/pages\/6419\/revisions\/9199"}],"wp:attachment":[{"href":"https:\/\/syncrolattex.com\/fr\/wp-json\/wp\/v2\/media?parent=6419"}],"curies":[{"name":"wp","href":"https:\/\/api.w.org\/{rel}","templated":true}]}}