{"id":6551,"date":"2019-07-19T08:55:13","date_gmt":"2019-07-19T08:55:13","guid":{"rendered":"http:\/\/syncrolattex.com\/?page_id=6551"},"modified":"2021-06-02T12:21:48","modified_gmt":"2021-06-02T10:21:48","slug":"cabecero-madrid","status":"publish","type":"page","link":"https:\/\/syncrolattex.com\/fr\/cabeceros-de-cama\/cabecero-madrid\/","title":{"rendered":"Madrid"},"content":{"rendered":"<div data-elementor-type=\"wp-post\" data-elementor-id=\"6551\" class=\"elementor elementor-6551\" data-elementor-post-type=\"page\">\n\t\t\t\t\t\t<section class=\"elementor-section elementor-top-section elementor-element elementor-element-2b2a3e8c elementor-section-full_width elementor-section-height-min-height elementor-section-height-default elementor-section-items-middle\" data-id=\"2b2a3e8c\" data-element_type=\"section\" data-settings=\"{&quot;background_background&quot;:&quot;classic&quot;}\">\n\t\t\t\t\t\t\t<div class=\"elementor-background-overlay\"><\/div>\n\t\t\t\t\t\t\t<div class=\"elementor-container elementor-column-gap-default\">\n\t\t\t\t\t<div class=\"elementor-column elementor-col-100 elementor-top-column elementor-element elementor-element-7b9cf254\" data-id=\"7b9cf254\" data-element_type=\"column\" data-settings=\"{&quot;background_background&quot;:&quot;classic&quot;}\">\n\t\t\t<div class=\"elementor-widget-wrap elementor-element-populated\">\n\t\t\t\t\t\t<div class=\"elementor-element elementor-element-563aa93a elementor-hidden-phone elementor-widget elementor-widget-heading\" data-id=\"563aa93a\" data-element_type=\"widget\" data-widget_type=\"heading.default\">\n\t\t\t\t<div class=\"elementor-widget-container\">\n\t\t\t\t\t<h3 class=\"elementor-heading-title elementor-size-default\">MADRID<\/h3>\t\t\t\t<\/div>\n\t\t\t\t<\/div>\n\t\t\t\t\t<\/div>\n\t\t<\/div>\n\t\t\t\t\t<\/div>\n\t\t<\/section>\n\t\t\t\t<section class=\"elementor-section elementor-top-section elementor-element elementor-element-5c90c56a elementor-section-boxed elementor-section-height-default elementor-section-height-default\" data-id=\"5c90c56a\" data-element_type=\"section\">\n\t\t\t\t\t\t<div class=\"elementor-container elementor-column-gap-default\">\n\t\t\t\t\t<div class=\"elementor-column elementor-col-50 elementor-top-column elementor-element elementor-element-5066cd38\" data-id=\"5066cd38\" data-element_type=\"column\">\n\t\t\t<div class=\"elementor-widget-wrap elementor-element-populated\">\n\t\t\t\t\t\t<div class=\"elementor-element elementor-element-24a92aa elementor-widget elementor-widget-heading\" data-id=\"24a92aa\" data-element_type=\"widget\" data-widget_type=\"heading.default\">\n\t\t\t\t<div class=\"elementor-widget-container\">\n\t\t\t\t\t<h1 class=\"elementor-heading-title elementor-size-default\">MADRID<\/h1>\t\t\t\t<\/div>\n\t\t\t\t<\/div>\n\t\t\t\t<div class=\"elementor-element elementor-element-5f0195c elementor-widget elementor-widget-heading\" data-id=\"5f0195c\" data-element_type=\"widget\" data-widget_type=\"heading.default\">\n\t\t\t\t<div class=\"elementor-widget-container\">\n\t\t\t\t\t<h1 class=\"elementor-heading-title elementor-size-default\">CABECERO<\/h1>\t\t\t\t<\/div>\n\t\t\t\t<\/div>\n\t\t\t\t<div class=\"elementor-element elementor-element-711e4a7b elementor-widget elementor-widget-heading\" data-id=\"711e4a7b\" data-element_type=\"widget\" data-widget_type=\"heading.default\">\n\t\t\t\t<div class=\"elementor-widget-container\">\n\t\t\t\t\t<h2 class=\"elementor-heading-title elementor-size-default\">Lo que m\u00e1s llama la atenci\u00f3n de MADRID es la armon\u00eda\nde sus proporciones y el perfil expresivo del cabecero,\ncon su suave acolchado y elegantes costuras verticales\ny horizontales. Como muchos de los modelos Syncrolattex, MADRID se puede colocar en el medio de la habitaci\u00f3n donde se puede admirar desde cualquier \u00e1ngulo.\nEs una cama sobria, generosa y para adultos.<\/h2>\t\t\t\t<\/div>\n\t\t\t\t<\/div>\n\t\t\t\t\t<\/div>\n\t\t<\/div>\n\t\t\t\t<div class=\"elementor-column elementor-col-50 elementor-top-column elementor-element elementor-element-1d47484d\" data-id=\"1d47484d\" data-element_type=\"column\">\n\t\t\t<div class=\"elementor-widget-wrap elementor-element-populated\">\n\t\t\t\t\t\t<div class=\"elementor-element elementor-element-4a407cde elementor-widget elementor-widget-image\" data-id=\"4a407cde\" data-element_type=\"widget\" data-widget_type=\"image.default\">\n\t\t\t\t<div class=\"elementor-widget-container\">\n\t\t\t\t\t\t\t\t\t\t\t\t\t\t\t<img fetchpriority=\"high\" decoding=\"async\" width=\"868\" height=\"1024\" src=\"https:\/\/syncrolattex.com\/wp-content\/uploads\/2021\/06\/Madrid2-868x1024.jpg\" class=\"attachment-large size-large wp-image-8651\" alt=\"\" srcset=\"https:\/\/syncrolattex.com\/wp-content\/uploads\/2021\/06\/Madrid2-868x1024.jpg 868w, https:\/\/syncrolattex.com\/wp-content\/uploads\/2021\/06\/Madrid2-254x300.jpg 254w, https:\/\/syncrolattex.com\/wp-content\/uploads\/2021\/06\/Madrid2-768x906.jpg 768w, https:\/\/syncrolattex.com\/wp-content\/uploads\/2021\/06\/Madrid2-1303x1536.jpg 1303w, https:\/\/syncrolattex.com\/wp-content\/uploads\/2021\/06\/Madrid2-1737x2048.jpg 1737w, https:\/\/syncrolattex.com\/wp-content\/uploads\/2021\/06\/Madrid2-600x707.jpg 600w, https:\/\/syncrolattex.com\/wp-content\/uploads\/2021\/06\/Madrid2-scaled.jpg 1526w\" sizes=\"(max-width: 868px) 100vw, 868px\" \/>\t\t\t\t\t\t\t\t\t\t\t\t\t\t\t<\/div>\n\t\t\t\t<\/div>\n\t\t\t\t\t<\/div>\n\t\t<\/div>\n\t\t\t\t\t<\/div>\n\t\t<\/section>\n\t\t\t\t<section class=\"elementor-section elementor-top-section elementor-element elementor-element-1b73377 elementor-section-boxed elementor-section-height-default elementor-section-height-default\" data-id=\"1b73377\" data-element_type=\"section\">\n\t\t\t\t\t\t<div class=\"elementor-container elementor-column-gap-default\">\n\t\t\t\t\t<div class=\"elementor-column elementor-col-100 elementor-top-column elementor-element elementor-element-bad73cb\" data-id=\"bad73cb\" data-element_type=\"column\">\n\t\t\t<div class=\"elementor-widget-wrap elementor-element-populated\">\n\t\t\t\t\t\t<div class=\"elementor-element elementor-element-15d8144 elementor-arrows-position-outside elementor-widget elementor-widget-image-carousel\" data-id=\"15d8144\" data-element_type=\"widget\" data-settings=\"{&quot;slides_to_show&quot;:&quot;1&quot;,&quot;navigation&quot;:&quot;arrows&quot;,&quot;autoplay&quot;:&quot;no&quot;,&quot;effect&quot;:&quot;fade&quot;,&quot;infinite&quot;:&quot;yes&quot;,&quot;speed&quot;:500}\" data-widget_type=\"image-carousel.default\">\n\t\t\t\t<div class=\"elementor-widget-container\">\n\t\t\t\t\t\t\t<div class=\"elementor-image-carousel-wrapper swiper\" role=\"region\" aria-roledescription=\"carousel\" aria-label=\"Carrousel d\u2019images\" dir=\"ltr\">\n\t\t\t<div class=\"elementor-image-carousel swiper-wrapper\" aria-live=\"polite\">\n\t\t\t\t\t\t\t\t<div class=\"swiper-slide\" role=\"group\" aria-roledescription=\"slide\" aria-label=\"1 sur 3\" data-no-translation-aria-label=\"\"><a data-elementor-open-lightbox=\"yes\" data-elementor-lightbox-slideshow=\"15d8144\" data-elementor-lightbox-title=\"Madrid3\" data-e-action-hash=\"#elementor-action%3Aaction%3Dlightbox%26settings%3DeyJpZCI6ODY1MywidXJsIjoiaHR0cHM6XC9cL3N5bmNyb2xhdHRleC5jb21cL3dwLWNvbnRlbnRcL3VwbG9hZHNcLzIwMjFcLzA2XC9NYWRyaWQzLmpwZyIsInNsaWRlc2hvdyI6IjE1ZDgxNDQifQ%3D%3D\" href=\"https:\/\/syncrolattex.com\/wp-content\/uploads\/2021\/06\/Madrid3.jpg\"><figure class=\"swiper-slide-inner\"><img decoding=\"async\" class=\"swiper-slide-image\" src=\"https:\/\/syncrolattex.com\/wp-content\/uploads\/2021\/06\/Madrid3.jpg\" alt=\"Madrid\" \/><\/figure><\/a><\/div><div class=\"swiper-slide\" role=\"group\" aria-roledescription=\"slide\" aria-label=\"2 sur 3\" data-no-translation-aria-label=\"\"><a data-elementor-open-lightbox=\"yes\" data-elementor-lightbox-slideshow=\"15d8144\" data-elementor-lightbox-title=\"Madrid2\" data-e-action-hash=\"#elementor-action%3Aaction%3Dlightbox%26settings%3DeyJpZCI6ODY1MSwidXJsIjoiaHR0cHM6XC9cL3N5bmNyb2xhdHRleC5jb21cL3dwLWNvbnRlbnRcL3VwbG9hZHNcLzIwMjFcLzA2XC9NYWRyaWQyLXNjYWxlZC5qcGciLCJzbGlkZXNob3ciOiIxNWQ4MTQ0In0%3D\" href=\"https:\/\/syncrolattex.com\/wp-content\/uploads\/2021\/06\/Madrid2-scaled.jpg\"><figure class=\"swiper-slide-inner\"><img decoding=\"async\" class=\"swiper-slide-image\" src=\"https:\/\/syncrolattex.com\/wp-content\/uploads\/2021\/06\/Madrid2-scaled.jpg\" alt=\"Madrid\" \/><\/figure><\/a><\/div><div class=\"swiper-slide\" role=\"group\" aria-roledescription=\"slide\" aria-label=\"3 sur 3\" data-no-translation-aria-label=\"\"><a data-elementor-open-lightbox=\"yes\" data-elementor-lightbox-slideshow=\"15d8144\" data-elementor-lightbox-title=\"Madrid-1\" data-e-action-hash=\"#elementor-action%3Aaction%3Dlightbox%26settings%3DeyJpZCI6ODY1MCwidXJsIjoiaHR0cHM6XC9cL3N5bmNyb2xhdHRleC5jb21cL3dwLWNvbnRlbnRcL3VwbG9hZHNcLzIwMjFcLzA2XC9NYWRyaWQtMS1zY2FsZWQuanBnIiwic2xpZGVzaG93IjoiMTVkODE0NCJ9\" href=\"https:\/\/syncrolattex.com\/wp-content\/uploads\/2021\/06\/Madrid-1-scaled.jpg\"><figure class=\"swiper-slide-inner\"><img decoding=\"async\" class=\"swiper-slide-image\" src=\"https:\/\/syncrolattex.com\/wp-content\/uploads\/2021\/06\/Madrid-1-scaled.jpg\" alt=\"Madrid\" \/><\/figure><\/a><\/div>\t\t\t<\/div>\n\t\t\t\t\t\t\t\t\t\t\t\t<div class=\"elementor-swiper-button elementor-swiper-button-prev\" role=\"button\" tabindex=\"0\">\n\t\t\t\t\t\t<i aria-hidden=\"true\" class=\"eicon-chevron-left\"><\/i>\t\t\t\t\t<\/div>\n\t\t\t\t\t<div class=\"elementor-swiper-button elementor-swiper-button-next\" role=\"button\" tabindex=\"0\">\n\t\t\t\t\t\t<i aria-hidden=\"true\" class=\"eicon-chevron-right\"><\/i>\t\t\t\t\t<\/div>\n\t\t\t\t\n\t\t\t\t\t\t\t\t\t<\/div>\n\t\t\t\t\t\t<\/div>\n\t\t\t\t<\/div>\n\t\t\t\t\t<\/div>\n\t\t<\/div>\n\t\t\t\t\t<\/div>\n\t\t<\/section>\n\t\t\t\t<section class=\"elementor-section elementor-top-section elementor-element elementor-element-5e7495bc elementor-section-boxed elementor-section-height-default elementor-section-height-default\" data-id=\"5e7495bc\" data-element_type=\"section\">\n\t\t\t\t\t\t<div class=\"elementor-container elementor-column-gap-default\">\n\t\t\t\t\t<div class=\"elementor-column elementor-col-50 elementor-top-column elementor-element elementor-element-b7f914\" data-id=\"b7f914\" data-element_type=\"column\">\n\t\t\t<div class=\"elementor-widget-wrap elementor-element-populated\">\n\t\t\t\t\t\t<div class=\"elementor-element elementor-element-f728659 elementor-widget elementor-widget-heading\" data-id=\"f728659\" data-element_type=\"widget\" data-widget_type=\"heading.default\">\n\t\t\t\t<div class=\"elementor-widget-container\">\n\t\t\t\t\t<h5 class=\"elementor-heading-title elementor-size-default\">Caract\u00e9ristiques techniques<\/h5>\t\t\t\t<\/div>\n\t\t\t\t<\/div>\n\t\t\t\t\t<\/div>\n\t\t<\/div>\n\t\t\t\t<div class=\"elementor-column elementor-col-50 elementor-top-column elementor-element elementor-element-4a6f4cd1\" data-id=\"4a6f4cd1\" data-element_type=\"column\">\n\t\t\t<div class=\"elementor-widget-wrap\">\n\t\t\t\t\t\t\t<\/div>\n\t\t<\/div>\n\t\t\t\t\t<\/div>\n\t\t<\/section>\n\t\t\t\t<section class=\"elementor-section elementor-top-section elementor-element elementor-element-1241a2e0 elementor-section-boxed elementor-section-height-default elementor-section-height-default\" data-id=\"1241a2e0\" data-element_type=\"section\">\n\t\t\t\t\t\t<div class=\"elementor-container elementor-column-gap-default\">\n\t\t\t\t\t<div class=\"elementor-column elementor-col-33 elementor-top-column elementor-element elementor-element-49e87f6a\" data-id=\"49e87f6a\" data-element_type=\"column\">\n\t\t\t<div class=\"elementor-widget-wrap elementor-element-populated\">\n\t\t\t\t\t\t<div class=\"elementor-element elementor-element-7dc36959 elementor-widget elementor-widget-image\" data-id=\"7dc36959\" data-element_type=\"widget\" data-widget_type=\"image.default\">\n\t\t\t\t<div class=\"elementor-widget-container\">\n\t\t\t\t\t\t\t\t\t\t\t\t\t\t\t\t<a href=\"http:\/\/syncrolattex.com\/wp-content\/uploads\/2019\/04\/calma-tecnic.jpg\" data-elementor-open-lightbox=\"no\">\n\t\t\t\t\t\t\t<img decoding=\"async\" width=\"800\" height=\"600\" src=\"https:\/\/syncrolattex.com\/wp-content\/uploads\/2019\/04\/calma-tecnic.jpg\" class=\"attachment-large size-large wp-image-5143\" alt=\"\" srcset=\"https:\/\/syncrolattex.com\/wp-content\/uploads\/2019\/04\/calma-tecnic.jpg 800w, https:\/\/syncrolattex.com\/wp-content\/uploads\/2019\/04\/calma-tecnic-300x225.jpg 300w, https:\/\/syncrolattex.com\/wp-content\/uploads\/2019\/04\/calma-tecnic-768x576.jpg 768w, https:\/\/syncrolattex.com\/wp-content\/uploads\/2019\/04\/calma-tecnic-600x450.jpg 600w\" sizes=\"(max-width: 800px) 100vw, 800px\" \/>\t\t\t\t\t\t\t\t<\/a>\n\t\t\t\t\t\t\t\t\t\t\t\t\t\t\t<\/div>\n\t\t\t\t<\/div>\n\t\t\t\t\t<\/div>\n\t\t<\/div>\n\t\t\t\t<div class=\"elementor-column elementor-col-33 elementor-top-column elementor-element elementor-element-4436e0e4\" data-id=\"4436e0e4\" data-element_type=\"column\">\n\t\t\t<div class=\"elementor-widget-wrap elementor-element-populated\">\n\t\t\t\t\t\t<div class=\"elementor-element elementor-element-4b7bfa52 elementor-widget elementor-widget-image\" data-id=\"4b7bfa52\" data-element_type=\"widget\" data-widget_type=\"image.default\">\n\t\t\t\t<div class=\"elementor-widget-container\">\n\t\t\t\t\t\t\t\t\t\t\t\t\t\t\t\t<a href=\"http:\/\/syncrolattex.com\/wp-content\/uploads\/2019\/07\/TchMadrid.jpg\" data-elementor-open-lightbox=\"no\">\n\t\t\t\t\t\t\t<img decoding=\"async\" width=\"800\" height=\"600\" src=\"https:\/\/syncrolattex.com\/wp-content\/uploads\/2019\/07\/TchMadrid.jpg\" class=\"attachment-large size-large wp-image-6558\" alt=\"\" srcset=\"https:\/\/syncrolattex.com\/wp-content\/uploads\/2019\/07\/TchMadrid.jpg 800w, https:\/\/syncrolattex.com\/wp-content\/uploads\/2019\/07\/TchMadrid-300x225.jpg 300w, https:\/\/syncrolattex.com\/wp-content\/uploads\/2019\/07\/TchMadrid-768x576.jpg 768w, https:\/\/syncrolattex.com\/wp-content\/uploads\/2019\/07\/TchMadrid-600x450.jpg 600w\" sizes=\"(max-width: 800px) 100vw, 800px\" \/>\t\t\t\t\t\t\t\t<\/a>\n\t\t\t\t\t\t\t\t\t\t\t\t\t\t\t<\/div>\n\t\t\t\t<\/div>\n\t\t\t\t\t<\/div>\n\t\t<\/div>\n\t\t\t\t<div class=\"elementor-column elementor-col-33 elementor-top-column elementor-element elementor-element-6d31da5\" data-id=\"6d31da5\" data-element_type=\"column\">\n\t\t\t<div class=\"elementor-widget-wrap\">\n\t\t\t\t\t\t\t<\/div>\n\t\t<\/div>\n\t\t\t\t\t<\/div>\n\t\t<\/section>\n\t\t\t\t<section class=\"elementor-section elementor-top-section elementor-element elementor-element-3d4ca333 elementor-section-boxed elementor-section-height-default elementor-section-height-default\" data-id=\"3d4ca333\" data-element_type=\"section\">\n\t\t\t\t\t\t<div class=\"elementor-container elementor-column-gap-default\">\n\t\t\t\t\t<div class=\"elementor-column elementor-col-33 elementor-top-column elementor-element elementor-element-1e07b485\" data-id=\"1e07b485\" data-element_type=\"column\">\n\t\t\t<div class=\"elementor-widget-wrap elementor-element-populated\">\n\t\t\t\t\t\t<div class=\"elementor-element elementor-element-45004460 elementor-widget elementor-widget-text-editor\" data-id=\"45004460\" data-element_type=\"widget\" data-widget_type=\"text-editor.default\">\n\t\t\t\t<div class=\"elementor-widget-container\">\n\t\t\t\t\t\t\t\t\t<p><strong>La structure<\/strong><\/p><p><span>T\u00eate et cadre de lit en une seule pi\u00e8ce en contreplaqu\u00e9 \u00e0 plusieurs \u00e9paisseurs assembl\u00e9 avec des \u00e9querres en m\u00e9tal pour un montage facile dans le lit;\u00a0<\/span><span>Les deux parties sont remplies de mousse de polyur\u00e9thane haute densit\u00e9 de densit\u00e9s diff\u00e9rentes.\u00a0<\/span><span>Toutes les sections matelass\u00e9es sont recouvertes d'une fibre thermo-adh\u00e9sive et associ\u00e9es \u00e0 un tissu de coton blanc qui conf\u00e8re une douceur au rembourrage qui l'isole du tissu, garantissant ainsi le naturel et l'hygi\u00e8ne.<\/span><\/p>\t\t\t\t\t\t\t\t<\/div>\n\t\t\t\t<\/div>\n\t\t\t\t<div class=\"elementor-element elementor-element-6c616825 elementor-widget-divider--view-line elementor-widget elementor-widget-divider\" data-id=\"6c616825\" data-element_type=\"widget\" data-widget_type=\"divider.default\">\n\t\t\t\t<div class=\"elementor-widget-container\">\n\t\t\t\t\t\t\t<div class=\"elementor-divider\">\n\t\t\t<span class=\"elementor-divider-separator\">\n\t\t\t\t\t\t<\/span>\n\t\t<\/div>\n\t\t\t\t\t\t<\/div>\n\t\t\t\t<\/div>\n\t\t\t\t\t<\/div>\n\t\t<\/div>\n\t\t\t\t<div class=\"elementor-column elementor-col-33 elementor-top-column elementor-element elementor-element-6b963f92\" data-id=\"6b963f92\" data-element_type=\"column\">\n\t\t\t<div class=\"elementor-widget-wrap elementor-element-populated\">\n\t\t\t\t\t\t<div class=\"elementor-element elementor-element-6d3db566 elementor-widget elementor-widget-text-editor\" data-id=\"6d3db566\" data-element_type=\"widget\" data-widget_type=\"text-editor.default\">\n\t\t\t\t<div class=\"elementor-widget-container\">\n\t\t\t\t\t\t\t\t\t<p><strong>Rembourrage<\/strong><\/p><p>Rembourr\u00e9 avec de la mousse de polyester recycl\u00e9e \u00e0 100%, respectueuse de l'environnement et non toxique, de diff\u00e9rentes densit\u00e9s. Le cadre de la t\u00eate en contreplaqu\u00e9 tr\u00e8s \u00e9pais<\/p>\t\t\t\t\t\t\t\t<\/div>\n\t\t\t\t<\/div>\n\t\t\t\t<div class=\"elementor-element elementor-element-7c4e2a8f elementor-widget-divider--view-line elementor-widget elementor-widget-divider\" data-id=\"7c4e2a8f\" data-element_type=\"widget\" data-widget_type=\"divider.default\">\n\t\t\t\t<div class=\"elementor-widget-container\">\n\t\t\t\t\t\t\t<div class=\"elementor-divider\">\n\t\t\t<span class=\"elementor-divider-separator\">\n\t\t\t\t\t\t<\/span>\n\t\t<\/div>\n\t\t\t\t\t\t<\/div>\n\t\t\t\t<\/div>\n\t\t\t\t\t<\/div>\n\t\t<\/div>\n\t\t\t\t<div class=\"elementor-column elementor-col-33 elementor-top-column elementor-element elementor-element-7e687ca5\" data-id=\"7e687ca5\" data-element_type=\"column\">\n\t\t\t<div class=\"elementor-widget-wrap elementor-element-populated\">\n\t\t\t\t\t\t<div class=\"elementor-element elementor-element-112a3794 elementor-widget elementor-widget-text-editor\" data-id=\"112a3794\" data-element_type=\"widget\" data-widget_type=\"text-editor.default\">\n\t\t\t\t<div class=\"elementor-widget-container\">\n\t\t\t\t\t\t\t\t\t<p><strong>Pieds<\/strong><\/p><div class=\"page\" title=\"Page 29\"><div class=\"section\"><div class=\"layoutArea\"><div class=\"column\"><p>Les supports sur lesquels repose le sommier doivent \u00eatre robustes et durables, notre gamme de pieds r\u00e9pond \u00e0 ces exigences. En plus de leur fonction, ils ajouteront du caract\u00e8re \u00e0 votre lit.<\/p><\/div><\/div><\/div><\/div>\t\t\t\t\t\t\t\t<\/div>\n\t\t\t\t<\/div>\n\t\t\t\t\t<\/div>\n\t\t<\/div>\n\t\t\t\t\t<\/div>\n\t\t<\/section>\n\t\t\t\t<section class=\"elementor-section elementor-top-section elementor-element elementor-element-6876e1c0 elementor-section-boxed elementor-section-height-default elementor-section-height-default\" data-id=\"6876e1c0\" data-element_type=\"section\">\n\t\t\t\t\t\t<div class=\"elementor-container elementor-column-gap-default\">\n\t\t\t\t\t<div class=\"elementor-column elementor-col-100 elementor-top-column elementor-element elementor-element-7a056efa\" data-id=\"7a056efa\" data-element_type=\"column\">\n\t\t\t<div class=\"elementor-widget-wrap elementor-element-populated\">\n\t\t\t\t\t\t<div class=\"elementor-element elementor-element-6764e0ce elementor-widget elementor-widget-spacer\" data-id=\"6764e0ce\" data-element_type=\"widget\" data-widget_type=\"spacer.default\">\n\t\t\t\t<div class=\"elementor-widget-container\">\n\t\t\t\t\t\t\t<div class=\"elementor-spacer\">\n\t\t\t<div class=\"elementor-spacer-inner\"><\/div>\n\t\t<\/div>\n\t\t\t\t\t\t<\/div>\n\t\t\t\t<\/div>\n\t\t\t\t\t<\/div>\n\t\t<\/div>\n\t\t\t\t\t<\/div>\n\t\t<\/section>\n\t\t\t\t<section class=\"elementor-section elementor-top-section elementor-element elementor-element-b197b02 elementor-section-boxed elementor-section-height-default elementor-section-height-default\" data-id=\"b197b02\" data-element_type=\"section\">\n\t\t\t\t\t\t<div class=\"elementor-container elementor-column-gap-default\">\n\t\t\t\t\t<div class=\"elementor-column elementor-col-50 elementor-top-column elementor-element elementor-element-5ae3c9d\" data-id=\"5ae3c9d\" data-element_type=\"column\">\n\t\t\t<div class=\"elementor-widget-wrap elementor-element-populated\">\n\t\t\t\t\t\t<div class=\"elementor-element elementor-element-5dff1347 elementor-widget elementor-widget-image\" data-id=\"5dff1347\" data-element_type=\"widget\" data-widget_type=\"image.default\">\n\t\t\t\t<div class=\"elementor-widget-container\">\n\t\t\t\t\t\t\t\t\t\t\t\t\t\t\t\t<a href=\"https:\/\/syncrolattex.com\/fr\/materials\/\">\n\t\t\t\t\t\t\t<img loading=\"lazy\" decoding=\"async\" width=\"1024\" height=\"723\" src=\"https:\/\/syncrolattex.com\/wp-content\/uploads\/2019\/04\/shutterstock_778437157-1024x723.jpg\" class=\"attachment-large size-large wp-image-4991\" alt=\"\" srcset=\"https:\/\/syncrolattex.com\/wp-content\/uploads\/2019\/04\/shutterstock_778437157.jpg 1024w, https:\/\/syncrolattex.com\/wp-content\/uploads\/2019\/04\/shutterstock_778437157-300x212.jpg 300w, https:\/\/syncrolattex.com\/wp-content\/uploads\/2019\/04\/shutterstock_778437157-768x542.jpg 768w, https:\/\/syncrolattex.com\/wp-content\/uploads\/2019\/04\/shutterstock_778437157-600x424.jpg 600w\" sizes=\"(max-width: 1024px) 100vw, 1024px\" \/>\t\t\t\t\t\t\t\t<\/a>\n\t\t\t\t\t\t\t\t\t\t\t\t\t\t\t<\/div>\n\t\t\t\t<\/div>\n\t\t\t\t<div class=\"elementor-element elementor-element-eb10ef9 elementor-widget elementor-widget-heading\" data-id=\"eb10ef9\" data-element_type=\"widget\" data-widget_type=\"heading.default\">\n\t\t\t\t<div class=\"elementor-widget-container\">\n\t\t\t\t\t<h2 class=\"elementor-heading-title elementor-size-default\"><a href=\"https:\/\/syncrolattex.com\/fr\/materials\/\">Mat\u00e9riaux<\/a><\/h2>\t\t\t\t<\/div>\n\t\t\t\t<\/div>\n\t\t\t\t\t<\/div>\n\t\t<\/div>\n\t\t\t\t<div class=\"elementor-column elementor-col-50 elementor-top-column elementor-element elementor-element-561509d5\" data-id=\"561509d5\" data-element_type=\"column\">\n\t\t\t<div class=\"elementor-widget-wrap elementor-element-populated\">\n\t\t\t\t\t\t<div class=\"elementor-element elementor-element-40d8fe24 elementor-widget elementor-widget-image\" data-id=\"40d8fe24\" data-element_type=\"widget\" data-widget_type=\"image.default\">\n\t\t\t\t<div class=\"elementor-widget-container\">\n\t\t\t\t\t\t\t\t\t\t\t\t\t\t\t\t<a href=\"https:\/\/syncrolattex.com\/fr\/mantenimiento-materiales\/\">\n\t\t\t\t\t\t\t<img loading=\"lazy\" decoding=\"async\" width=\"800\" height=\"531\" src=\"https:\/\/syncrolattex.com\/wp-content\/uploads\/2019\/04\/chuva-1.jpg\" class=\"attachment-large size-large wp-image-4989\" alt=\"\" srcset=\"https:\/\/syncrolattex.com\/wp-content\/uploads\/2019\/04\/chuva-1.jpg 800w, https:\/\/syncrolattex.com\/wp-content\/uploads\/2019\/04\/chuva-1-300x199.jpg 300w, https:\/\/syncrolattex.com\/wp-content\/uploads\/2019\/04\/chuva-1-768x510.jpg 768w, https:\/\/syncrolattex.com\/wp-content\/uploads\/2019\/04\/chuva-1-600x398.jpg 600w\" sizes=\"(max-width: 800px) 100vw, 800px\" \/>\t\t\t\t\t\t\t\t<\/a>\n\t\t\t\t\t\t\t\t\t\t\t\t\t\t\t<\/div>\n\t\t\t\t<\/div>\n\t\t\t\t<div class=\"elementor-element elementor-element-7fcf5974 elementor-widget elementor-widget-heading\" data-id=\"7fcf5974\" data-element_type=\"widget\" data-widget_type=\"heading.default\">\n\t\t\t\t<div class=\"elementor-widget-container\">\n\t\t\t\t\t<h2 class=\"elementor-heading-title elementor-size-default\"><a href=\"https:\/\/syncrolattex.com\/fr\/mantenimiento-materiales\/\">Maintenance<\/a><\/h2>\t\t\t\t<\/div>\n\t\t\t\t<\/div>\n\t\t\t\t\t<\/div>\n\t\t<\/div>\n\t\t\t\t\t<\/div>\n\t\t<\/section>\n\t\t\t\t<section class=\"elementor-section elementor-top-section elementor-element elementor-element-1a8c015b elementor-section-boxed elementor-section-height-default elementor-section-height-default\" data-id=\"1a8c015b\" data-element_type=\"section\">\n\t\t\t\t\t\t<div class=\"elementor-container elementor-column-gap-default\">\n\t\t\t\t\t<div class=\"elementor-column elementor-col-100 elementor-top-column elementor-element elementor-element-32a5cf3f\" data-id=\"32a5cf3f\" data-element_type=\"column\">\n\t\t\t<div class=\"elementor-widget-wrap elementor-element-populated\">\n\t\t\t\t\t\t<div class=\"elementor-element elementor-element-1d16a1c2 elementor-widget elementor-widget-spacer\" data-id=\"1d16a1c2\" data-element_type=\"widget\" data-widget_type=\"spacer.default\">\n\t\t\t\t<div class=\"elementor-widget-container\">\n\t\t\t\t\t\t\t<div class=\"elementor-spacer\">\n\t\t\t<div class=\"elementor-spacer-inner\"><\/div>\n\t\t<\/div>\n\t\t\t\t\t\t<\/div>\n\t\t\t\t<\/div>\n\t\t\t\t\t<\/div>\n\t\t<\/div>\n\t\t\t\t\t<\/div>\n\t\t<\/section>\n\t\t\t\t<\/div>","protected":false},"excerpt":{"rendered":"<p>MADRID MADRID CABECERO Lo que m\u00e1s llama la atenci\u00f3n de MADRID es la armon\u00eda de sus proporciones y el perfil expresivo del cabecero, con su suave acolchado y elegantes costuras verticales y horizontales. Como muchos de los modelos Syncrolattex, MADRID se puede colocar en el medio de la habitaci\u00f3n donde se puede admirar desde cualquier [&hellip;]<\/p>","protected":false},"author":1,"featured_media":0,"parent":6192,"menu_order":0,"comment_status":"closed","ping_status":"closed","template":"elementor_header_footer","meta":{"footnotes":""},"class_list":["post-6551","page","type-page","status-publish","hentry"],"_links":{"self":[{"href":"https:\/\/syncrolattex.com\/fr\/wp-json\/wp\/v2\/pages\/6551","targetHints":{"allow":["GET"]}}],"collection":[{"href":"https:\/\/syncrolattex.com\/fr\/wp-json\/wp\/v2\/pages"}],"about":[{"href":"https:\/\/syncrolattex.com\/fr\/wp-json\/wp\/v2\/types\/page"}],"author":[{"embeddable":true,"href":"https:\/\/syncrolattex.com\/fr\/wp-json\/wp\/v2\/users\/1"}],"replies":[{"embeddable":true,"href":"https:\/\/syncrolattex.com\/fr\/wp-json\/wp\/v2\/comments?post=6551"}],"version-history":[{"count":40,"href":"https:\/\/syncrolattex.com\/fr\/wp-json\/wp\/v2\/pages\/6551\/revisions"}],"predecessor-version":[{"id":8757,"href":"https:\/\/syncrolattex.com\/fr\/wp-json\/wp\/v2\/pages\/6551\/revisions\/8757"}],"up":[{"embeddable":true,"href":"https:\/\/syncrolattex.com\/fr\/wp-json\/wp\/v2\/pages\/6192"}],"wp:attachment":[{"href":"https:\/\/syncrolattex.com\/fr\/wp-json\/wp\/v2\/media?parent=6551"}],"curies":[{"name":"wp","href":"https:\/\/api.w.org\/{rel}","templated":true}]}}