{"id":6902,"date":"2019-09-16T11:31:58","date_gmt":"2019-09-16T11:31:58","guid":{"rendered":"https:\/\/syncrolattex.com\/?page_id=6902"},"modified":"2025-12-03T12:10:11","modified_gmt":"2025-12-03T11:10:11","slug":"catalogo-2021","status":"publish","type":"page","link":"https:\/\/syncrolattex.com\/fr\/catalogo-2021\/","title":{"rendered":"Cat\u00e1logo 2021"},"content":{"rendered":"<div data-elementor-type=\"wp-post\" data-elementor-id=\"6902\" class=\"elementor elementor-6902\" data-elementor-post-type=\"page\">\n\t\t\t\t\t\t<section class=\"elementor-section elementor-top-section elementor-element elementor-element-790da1c elementor-section-boxed elementor-section-height-default elementor-section-height-default\" data-id=\"790da1c\" data-element_type=\"section\">\n\t\t\t\t\t\t<div class=\"elementor-container elementor-column-gap-default\">\n\t\t\t\t\t<div class=\"elementor-column elementor-col-100 elementor-top-column elementor-element elementor-element-dd8d409\" data-id=\"dd8d409\" data-element_type=\"column\">\n\t\t\t<div class=\"elementor-widget-wrap elementor-element-populated\">\n\t\t\t\t\t\t<div class=\"elementor-element elementor-element-86c1924 elementor-widget elementor-widget-spacer\" data-id=\"86c1924\" data-element_type=\"widget\" data-widget_type=\"spacer.default\">\n\t\t\t\t<div class=\"elementor-widget-container\">\n\t\t\t\t\t\t\t<div class=\"elementor-spacer\">\n\t\t\t<div class=\"elementor-spacer-inner\"><\/div>\n\t\t<\/div>\n\t\t\t\t\t\t<\/div>\n\t\t\t\t<\/div>\n\t\t\t\t\t<\/div>\n\t\t<\/div>\n\t\t\t\t\t<\/div>\n\t\t<\/section>\n\t\t\t\t<section class=\"elementor-section elementor-top-section elementor-element elementor-element-7e0e4bf elementor-section-boxed elementor-section-height-default elementor-section-height-default\" data-id=\"7e0e4bf\" data-element_type=\"section\">\n\t\t\t\t\t\t<div class=\"elementor-container elementor-column-gap-default\">\n\t\t\t\t\t<div class=\"elementor-column elementor-col-100 elementor-top-column elementor-element elementor-element-846fe72\" data-id=\"846fe72\" data-element_type=\"column\">\n\t\t\t<div class=\"elementor-widget-wrap elementor-element-populated\">\n\t\t\t\t\t\t<div class=\"elementor-element elementor-element-9e754e9 elementor-widget elementor-widget-spacer\" data-id=\"9e754e9\" data-element_type=\"widget\" data-widget_type=\"spacer.default\">\n\t\t\t\t<div class=\"elementor-widget-container\">\n\t\t\t\t\t\t\t<div class=\"elementor-spacer\">\n\t\t\t<div class=\"elementor-spacer-inner\"><\/div>\n\t\t<\/div>\n\t\t\t\t\t\t<\/div>\n\t\t\t\t<\/div>\n\t\t\t\t\t<\/div>\n\t\t<\/div>\n\t\t\t\t\t<\/div>\n\t\t<\/section>\n\t\t\t\t<section class=\"elementor-section elementor-top-section elementor-element elementor-element-e8b5c66 elementor-section-boxed elementor-section-height-default elementor-section-height-default\" data-id=\"e8b5c66\" data-element_type=\"section\">\n\t\t\t\t\t\t<div class=\"elementor-container elementor-column-gap-default\">\n\t\t\t\t\t<div class=\"elementor-column elementor-col-33 elementor-top-column elementor-element elementor-element-7e12e2c\" data-id=\"7e12e2c\" data-element_type=\"column\">\n\t\t\t<div class=\"elementor-widget-wrap elementor-element-populated\">\n\t\t\t\t\t\t<div class=\"elementor-element elementor-element-7fa9c1b elementor-widget elementor-widget-heading\" data-id=\"7fa9c1b\" data-element_type=\"widget\" data-widget_type=\"heading.default\">\n\t\t\t\t<div class=\"elementor-widget-container\">\n\t\t\t\t\t<h1 class=\"elementor-heading-title elementor-size-default\">Cat\u00e1logo 2026<\/h1>\t\t\t\t<\/div>\n\t\t\t\t<\/div>\n\t\t\t\t<div class=\"elementor-element elementor-element-19f44c0 elementor-widget elementor-widget-heading\" data-id=\"19f44c0\" data-element_type=\"widget\" data-widget_type=\"heading.default\">\n\t\t\t\t<div class=\"elementor-widget-container\">\n\t\t\t\t\t<h2 class=\"elementor-heading-title elementor-size-default\">D\u00e9couvrez notre catalogue de produits, o\u00f9 vous pouvez trouver tout l'\u00e9quipement de votre chambre \u00e0 coucher, t\u00eates de lit, sommiers, tables de chevet et toutes sortes d'accessoires pour votre lit.<\/h2>\t\t\t\t<\/div>\n\t\t\t\t<\/div>\n\t\t\t\t\t<\/div>\n\t\t<\/div>\n\t\t\t\t<div class=\"elementor-column elementor-col-66 elementor-top-column elementor-element elementor-element-a373698\" data-id=\"a373698\" data-element_type=\"column\">\n\t\t\t<div class=\"elementor-widget-wrap elementor-element-populated\">\n\t\t\t\t\t\t<div class=\"elementor-element elementor-element-8af4aae elementor-widget elementor-widget-image\" data-id=\"8af4aae\" data-element_type=\"widget\" data-widget_type=\"image.default\">\n\t\t\t\t<div class=\"elementor-widget-container\">\n\t\t\t\t\t\t\t\t\t\t\t\t\t\t\t\t<a href=\"https:\/\/syncrolattex.com\/wp-content\/uploads\/2022\/06\/Catalogo-2022-Syncrolattex_.pdf\" target=\"_blank\">\n\t\t\t\t\t\t\t<img fetchpriority=\"high\" decoding=\"async\" width=\"546\" height=\"525\" src=\"https:\/\/syncrolattex.com\/wp-content\/uploads\/2021\/07\/WEB-CAT-POPUP.png\" class=\"attachment-large size-large wp-image-9008\" alt=\"\" srcset=\"https:\/\/syncrolattex.com\/wp-content\/uploads\/2021\/07\/WEB-CAT-POPUP.png 546w, https:\/\/syncrolattex.com\/wp-content\/uploads\/2021\/07\/WEB-CAT-POPUP-300x288.png 300w\" sizes=\"(max-width: 546px) 100vw, 546px\" \/>\t\t\t\t\t\t\t\t<\/a>\n\t\t\t\t\t\t\t\t\t\t\t\t\t\t\t<\/div>\n\t\t\t\t<\/div>\n\t\t\t\t\t<\/div>\n\t\t<\/div>\n\t\t\t\t\t<\/div>\n\t\t<\/section>\n\t\t\t\t<section class=\"elementor-section elementor-top-section elementor-element elementor-element-1534a24 elementor-section-boxed elementor-section-height-default elementor-section-height-default\" data-id=\"1534a24\" data-element_type=\"section\">\n\t\t\t\t\t\t<div class=\"elementor-container elementor-column-gap-default\">\n\t\t\t\t\t<div class=\"elementor-column elementor-col-100 elementor-top-column elementor-element elementor-element-c797c5e\" data-id=\"c797c5e\" data-element_type=\"column\">\n\t\t\t<div class=\"elementor-widget-wrap elementor-element-populated\">\n\t\t\t\t\t\t<div class=\"elementor-element elementor-element-e66bee8 elementor-widget elementor-widget-spacer\" data-id=\"e66bee8\" data-element_type=\"widget\" data-widget_type=\"spacer.default\">\n\t\t\t\t<div class=\"elementor-widget-container\">\n\t\t\t\t\t\t\t<div class=\"elementor-spacer\">\n\t\t\t<div class=\"elementor-spacer-inner\"><\/div>\n\t\t<\/div>\n\t\t\t\t\t\t<\/div>\n\t\t\t\t<\/div>\n\t\t\t\t<div class=\"elementor-element elementor-element-221217b elementor-widget elementor-widget-heading\" data-id=\"221217b\" data-element_type=\"widget\" data-widget_type=\"heading.default\">\n\t\t\t\t<div class=\"elementor-widget-container\">\n\t\t\t\t\t<h2 class=\"elementor-heading-title elementor-size-default translation-block\"><b>Observations:\n<\/b>Les illustrations et les descriptions de produits dans ce catalogue sont purement indicatives. Syncrolattex, se r\u00e9serve le droit d'apporter des modifications \u00e0\nnature esth\u00e9tique et \/ ou fonctionnelle dans tous ces produits sans pr\u00e9avis et \u00e0 condition que ces modifications soient jug\u00e9es n\u00e9cessaires pour des raisons\nCommercial ou fabrication. Syncrolattex d\u00e9cline toute responsabilit\u00e9 pour les erreurs et omissions d\u2019impression.<\/h2>\t\t\t\t<\/div>\n\t\t\t\t<\/div>\n\t\t\t\t<div class=\"elementor-element elementor-element-4202568 elementor-widget elementor-widget-spacer\" data-id=\"4202568\" data-element_type=\"widget\" data-widget_type=\"spacer.default\">\n\t\t\t\t<div class=\"elementor-widget-container\">\n\t\t\t\t\t\t\t<div class=\"elementor-spacer\">\n\t\t\t<div class=\"elementor-spacer-inner\"><\/div>\n\t\t<\/div>\n\t\t\t\t\t\t<\/div>\n\t\t\t\t<\/div>\n\t\t\t\t\t<\/div>\n\t\t<\/div>\n\t\t\t\t\t<\/div>\n\t\t<\/section>\n\t\t\t\t<\/div>","protected":false},"excerpt":{"rendered":"<p>Cat\u00e1logo 2026 Descubre nuestro cat\u00e1logo de productos, en el que podr\u00e1s encontrar todo el equipamiento para tu dormitorio, desde cabeceros, somieres, mesitas de noche y todo tipo de complementos para tu cama. Observaciones: Ilustraciones y descripciones de productos en este cat\u00e1logo son meramente orientativas. Syncrolattex, se reserva el derecho de realizar cambios de naturaleza est\u00e9tica [&hellip;]<\/p>","protected":false},"author":1,"featured_media":0,"parent":0,"menu_order":0,"comment_status":"closed","ping_status":"closed","template":"elementor_header_footer","meta":{"footnotes":""},"class_list":["post-6902","page","type-page","status-publish","hentry"],"_links":{"self":[{"href":"https:\/\/syncrolattex.com\/fr\/wp-json\/wp\/v2\/pages\/6902","targetHints":{"allow":["GET"]}}],"collection":[{"href":"https:\/\/syncrolattex.com\/fr\/wp-json\/wp\/v2\/pages"}],"about":[{"href":"https:\/\/syncrolattex.com\/fr\/wp-json\/wp\/v2\/types\/page"}],"author":[{"embeddable":true,"href":"https:\/\/syncrolattex.com\/fr\/wp-json\/wp\/v2\/users\/1"}],"replies":[{"embeddable":true,"href":"https:\/\/syncrolattex.com\/fr\/wp-json\/wp\/v2\/comments?post=6902"}],"version-history":[{"count":46,"href":"https:\/\/syncrolattex.com\/fr\/wp-json\/wp\/v2\/pages\/6902\/revisions"}],"predecessor-version":[{"id":9724,"href":"https:\/\/syncrolattex.com\/fr\/wp-json\/wp\/v2\/pages\/6902\/revisions\/9724"}],"wp:attachment":[{"href":"https:\/\/syncrolattex.com\/fr\/wp-json\/wp\/v2\/media?parent=6902"}],"curies":[{"name":"wp","href":"https:\/\/api.w.org\/{rel}","templated":true}]}}