{"id":8784,"date":"2021-06-02T13:39:53","date_gmt":"2021-06-02T11:39:53","guid":{"rendered":"https:\/\/syncrolattex.com\/?page_id=8784"},"modified":"2021-06-02T14:54:45","modified_gmt":"2021-06-02T12:54:45","slug":"bali-2","status":"publish","type":"page","link":"https:\/\/syncrolattex.com\/fr\/cabeceros-de-cama\/bali-2\/","title":{"rendered":"BALI"},"content":{"rendered":"<div data-elementor-type=\"wp-page\" data-elementor-id=\"8784\" class=\"elementor elementor-8784\" data-elementor-post-type=\"page\">\n\t\t\t\t\t\t<section class=\"elementor-section elementor-top-section elementor-element elementor-element-7c943854 elementor-section-full_width elementor-section-height-min-height elementor-section-height-default elementor-section-items-middle\" data-id=\"7c943854\" data-element_type=\"section\" data-settings=\"{&quot;background_background&quot;:&quot;classic&quot;}\">\n\t\t\t\t\t\t\t<div class=\"elementor-background-overlay\"><\/div>\n\t\t\t\t\t\t\t<div class=\"elementor-container elementor-column-gap-default\">\n\t\t\t\t\t<div class=\"elementor-column elementor-col-100 elementor-top-column elementor-element elementor-element-7617b84b\" data-id=\"7617b84b\" data-element_type=\"column\" data-settings=\"{&quot;background_background&quot;:&quot;classic&quot;}\">\n\t\t\t<div class=\"elementor-widget-wrap elementor-element-populated\">\n\t\t\t\t\t\t<div class=\"elementor-element elementor-element-91f23bf elementor-hidden-phone elementor-widget elementor-widget-heading\" data-id=\"91f23bf\" data-element_type=\"widget\" data-widget_type=\"heading.default\">\n\t\t\t\t<div class=\"elementor-widget-container\">\n\t\t\t\t\t<h3 class=\"elementor-heading-title elementor-size-default\">BALI<\/h3>\t\t\t\t<\/div>\n\t\t\t\t<\/div>\n\t\t\t\t\t<\/div>\n\t\t<\/div>\n\t\t\t\t\t<\/div>\n\t\t<\/section>\n\t\t\t\t<section class=\"elementor-section elementor-top-section elementor-element elementor-element-75ca5c45 elementor-section-boxed elementor-section-height-default elementor-section-height-default\" data-id=\"75ca5c45\" data-element_type=\"section\">\n\t\t\t\t\t\t<div class=\"elementor-container elementor-column-gap-default\">\n\t\t\t\t\t<div class=\"elementor-column elementor-col-50 elementor-top-column elementor-element elementor-element-7d0eb096\" data-id=\"7d0eb096\" data-element_type=\"column\">\n\t\t\t<div class=\"elementor-widget-wrap elementor-element-populated\">\n\t\t\t\t\t\t<div class=\"elementor-element elementor-element-6b899627 elementor-widget elementor-widget-heading\" data-id=\"6b899627\" data-element_type=\"widget\" data-widget_type=\"heading.default\">\n\t\t\t\t<div class=\"elementor-widget-container\">\n\t\t\t\t\t<h1 class=\"elementor-heading-title elementor-size-default\">BALI<\/h1>\t\t\t\t<\/div>\n\t\t\t\t<\/div>\n\t\t\t\t<div class=\"elementor-element elementor-element-25ff7556 elementor-widget elementor-widget-heading\" data-id=\"25ff7556\" data-element_type=\"widget\" data-widget_type=\"heading.default\">\n\t\t\t\t<div class=\"elementor-widget-container\">\n\t\t\t\t\t<h1 class=\"elementor-heading-title elementor-size-default\">CABECERO<\/h1>\t\t\t\t<\/div>\n\t\t\t\t<\/div>\n\t\t\t\t<div class=\"elementor-element elementor-element-252aba55 elementor-widget elementor-widget-heading\" data-id=\"252aba55\" data-element_type=\"widget\" data-widget_type=\"heading.default\">\n\t\t\t\t<div class=\"elementor-widget-container\">\n\t\t\t\t\t<h2 class=\"elementor-heading-title elementor-size-default\">Una cama de generosas proporciones subrayada por el cabecero de gran tama\u00f1o, un gran soporte que puede superar los\nbordes del marco de la cama o de lo contrario se mantiene al\nlimite y define el espacio de confort.\nEl ligero \u00e1ngulo, resaltado por una amplia costura horizontal\nvisible, le da importancia y car\u00e1cter.\nUn dise\u00f1o compuesto por unas caracter\u00edsticas decididamente\ndefinidas, para una cama destinada a convertirse en la estrella\nindiscutible del dormitorio.\nEl resultado est\u00e9tico cambia con el grosor del somier, disponible en alturas de 12, 16\ny 22 cm.\nComo todas las camas syncrolattex, Bali tambi\u00e9n adquiere m\u00e1s personalidad en el\ntejido de tapicer\u00eda, que se puede elegir entre la amplia gama puesta a disposici\u00f3n de\ntodos nuestros clientes.<\/h2>\t\t\t\t<\/div>\n\t\t\t\t<\/div>\n\t\t\t\t\t<\/div>\n\t\t<\/div>\n\t\t\t\t<div class=\"elementor-column elementor-col-50 elementor-top-column elementor-element elementor-element-65b92c20\" data-id=\"65b92c20\" data-element_type=\"column\">\n\t\t\t<div class=\"elementor-widget-wrap elementor-element-populated\">\n\t\t\t\t\t\t<div class=\"elementor-element elementor-element-5def804f elementor-widget elementor-widget-image\" data-id=\"5def804f\" data-element_type=\"widget\" data-widget_type=\"image.default\">\n\t\t\t\t<div class=\"elementor-widget-container\">\n\t\t\t\t\t\t\t\t\t\t\t\t\t\t\t<img fetchpriority=\"high\" decoding=\"async\" width=\"906\" height=\"1024\" src=\"https:\/\/syncrolattex.com\/wp-content\/uploads\/2021\/06\/Bali3-906x1024.jpg\" class=\"attachment-large size-large wp-image-8788\" alt=\"\" srcset=\"https:\/\/syncrolattex.com\/wp-content\/uploads\/2021\/06\/Bali3-906x1024.jpg 906w, https:\/\/syncrolattex.com\/wp-content\/uploads\/2021\/06\/Bali3-266x300.jpg 266w, https:\/\/syncrolattex.com\/wp-content\/uploads\/2021\/06\/Bali3-768x868.jpg 768w, https:\/\/syncrolattex.com\/wp-content\/uploads\/2021\/06\/Bali3-1359x1536.jpg 1359w, https:\/\/syncrolattex.com\/wp-content\/uploads\/2021\/06\/Bali3-600x678.jpg 600w, https:\/\/syncrolattex.com\/wp-content\/uploads\/2021\/06\/Bali3.jpg 1593w\" sizes=\"(max-width: 906px) 100vw, 906px\" \/>\t\t\t\t\t\t\t\t\t\t\t\t\t\t\t<\/div>\n\t\t\t\t<\/div>\n\t\t\t\t\t<\/div>\n\t\t<\/div>\n\t\t\t\t\t<\/div>\n\t\t<\/section>\n\t\t\t\t<section class=\"elementor-section elementor-top-section elementor-element elementor-element-3b529e5c elementor-section-boxed elementor-section-height-default elementor-section-height-default\" data-id=\"3b529e5c\" data-element_type=\"section\">\n\t\t\t\t\t\t<div class=\"elementor-container elementor-column-gap-default\">\n\t\t\t\t\t<div class=\"elementor-column elementor-col-100 elementor-top-column elementor-element elementor-element-74ab682e\" data-id=\"74ab682e\" data-element_type=\"column\">\n\t\t\t<div class=\"elementor-widget-wrap elementor-element-populated\">\n\t\t\t\t\t\t<div class=\"elementor-element elementor-element-33442bef elementor-arrows-position-outside elementor-widget elementor-widget-image-carousel\" data-id=\"33442bef\" data-element_type=\"widget\" data-settings=\"{&quot;slides_to_show&quot;:&quot;1&quot;,&quot;navigation&quot;:&quot;arrows&quot;,&quot;autoplay&quot;:&quot;no&quot;,&quot;effect&quot;:&quot;fade&quot;,&quot;infinite&quot;:&quot;yes&quot;,&quot;speed&quot;:500}\" data-widget_type=\"image-carousel.default\">\n\t\t\t\t<div class=\"elementor-widget-container\">\n\t\t\t\t\t\t\t<div class=\"elementor-image-carousel-wrapper swiper\" role=\"region\" aria-roledescription=\"carousel\" aria-label=\"Carrousel d\u2019images\" dir=\"ltr\">\n\t\t\t<div class=\"elementor-image-carousel swiper-wrapper\" aria-live=\"polite\">\n\t\t\t\t\t\t\t\t<div class=\"swiper-slide\" role=\"group\" aria-roledescription=\"slide\" aria-label=\"1 sur 3\" data-no-translation-aria-label=\"\"><a data-elementor-open-lightbox=\"yes\" data-elementor-lightbox-slideshow=\"33442bef\" data-elementor-lightbox-title=\"Bali-nuevo-render\" data-e-action-hash=\"#elementor-action%3Aaction%3Dlightbox%26settings%3DeyJpZCI6ODc5MCwidXJsIjoiaHR0cHM6XC9cL3N5bmNyb2xhdHRleC5jb21cL3dwLWNvbnRlbnRcL3VwbG9hZHNcLzIwMjFcLzA2XC9CYWxpLW51ZXZvLXJlbmRlci5qcGciLCJzbGlkZXNob3ciOiIzMzQ0MmJlZiJ9\" href=\"https:\/\/syncrolattex.com\/wp-content\/uploads\/2021\/06\/Bali-nuevo-render.jpg\"><figure class=\"swiper-slide-inner\"><img decoding=\"async\" class=\"swiper-slide-image\" src=\"https:\/\/syncrolattex.com\/wp-content\/uploads\/2021\/06\/Bali-nuevo-render.jpg\" alt=\"Bali-nuevo-render\" \/><\/figure><\/a><\/div><div class=\"swiper-slide\" role=\"group\" aria-roledescription=\"slide\" aria-label=\"2 sur 3\" data-no-translation-aria-label=\"\"><a data-elementor-open-lightbox=\"yes\" data-elementor-lightbox-slideshow=\"33442bef\" data-elementor-lightbox-title=\"Bali3\" data-e-action-hash=\"#elementor-action%3Aaction%3Dlightbox%26settings%3DeyJpZCI6ODc4OCwidXJsIjoiaHR0cHM6XC9cL3N5bmNyb2xhdHRleC5jb21cL3dwLWNvbnRlbnRcL3VwbG9hZHNcLzIwMjFcLzA2XC9CYWxpMy5qcGciLCJzbGlkZXNob3ciOiIzMzQ0MmJlZiJ9\" href=\"https:\/\/syncrolattex.com\/wp-content\/uploads\/2021\/06\/Bali3.jpg\"><figure class=\"swiper-slide-inner\"><img decoding=\"async\" class=\"swiper-slide-image\" src=\"https:\/\/syncrolattex.com\/wp-content\/uploads\/2021\/06\/Bali3.jpg\" alt=\"Bali3\" \/><\/figure><\/a><\/div><div class=\"swiper-slide\" role=\"group\" aria-roledescription=\"slide\" aria-label=\"3 sur 3\" data-no-translation-aria-label=\"\"><a data-elementor-open-lightbox=\"yes\" data-elementor-lightbox-slideshow=\"33442bef\" data-elementor-lightbox-title=\"Bali-3\" data-e-action-hash=\"#elementor-action%3Aaction%3Dlightbox%26settings%3DeyJpZCI6ODc4OSwidXJsIjoiaHR0cHM6XC9cL3N5bmNyb2xhdHRleC5jb21cL3dwLWNvbnRlbnRcL3VwbG9hZHNcLzIwMjFcLzA2XC9CYWxpLTMuanBnIiwic2xpZGVzaG93IjoiMzM0NDJiZWYifQ%3D%3D\" href=\"https:\/\/syncrolattex.com\/wp-content\/uploads\/2021\/06\/Bali-3.jpg\"><figure class=\"swiper-slide-inner\"><img decoding=\"async\" class=\"swiper-slide-image\" src=\"https:\/\/syncrolattex.com\/wp-content\/uploads\/2021\/06\/Bali-3.jpg\" alt=\"Bali-3\" \/><\/figure><\/a><\/div>\t\t\t<\/div>\n\t\t\t\t\t\t\t\t\t\t\t\t<div class=\"elementor-swiper-button elementor-swiper-button-prev\" role=\"button\" tabindex=\"0\">\n\t\t\t\t\t\t<i aria-hidden=\"true\" class=\"eicon-chevron-left\"><\/i>\t\t\t\t\t<\/div>\n\t\t\t\t\t<div class=\"elementor-swiper-button elementor-swiper-button-next\" role=\"button\" tabindex=\"0\">\n\t\t\t\t\t\t<i aria-hidden=\"true\" class=\"eicon-chevron-right\"><\/i>\t\t\t\t\t<\/div>\n\t\t\t\t\n\t\t\t\t\t\t\t\t\t<\/div>\n\t\t\t\t\t\t<\/div>\n\t\t\t\t<\/div>\n\t\t\t\t\t<\/div>\n\t\t<\/div>\n\t\t\t\t\t<\/div>\n\t\t<\/section>\n\t\t\t\t<section class=\"elementor-section elementor-top-section elementor-element elementor-element-249e569c elementor-section-boxed elementor-section-height-default elementor-section-height-default\" data-id=\"249e569c\" data-element_type=\"section\">\n\t\t\t\t\t\t<div class=\"elementor-container elementor-column-gap-default\">\n\t\t\t\t\t<div class=\"elementor-column elementor-col-50 elementor-top-column elementor-element elementor-element-56a3e7ea\" data-id=\"56a3e7ea\" data-element_type=\"column\">\n\t\t\t<div class=\"elementor-widget-wrap elementor-element-populated\">\n\t\t\t\t\t\t<div class=\"elementor-element elementor-element-28f6995c elementor-widget elementor-widget-heading\" data-id=\"28f6995c\" data-element_type=\"widget\" data-widget_type=\"heading.default\">\n\t\t\t\t<div class=\"elementor-widget-container\">\n\t\t\t\t\t<h5 class=\"elementor-heading-title elementor-size-default\">Caract\u00e9ristiques techniques<\/h5>\t\t\t\t<\/div>\n\t\t\t\t<\/div>\n\t\t\t\t\t<\/div>\n\t\t<\/div>\n\t\t\t\t<div class=\"elementor-column elementor-col-50 elementor-top-column elementor-element elementor-element-1622a7bd\" data-id=\"1622a7bd\" data-element_type=\"column\">\n\t\t\t<div class=\"elementor-widget-wrap\">\n\t\t\t\t\t\t\t<\/div>\n\t\t<\/div>\n\t\t\t\t\t<\/div>\n\t\t<\/section>\n\t\t\t\t<section class=\"elementor-section elementor-top-section elementor-element elementor-element-368f0153 elementor-section-boxed elementor-section-height-default elementor-section-height-default\" data-id=\"368f0153\" data-element_type=\"section\">\n\t\t\t\t\t\t<div class=\"elementor-container elementor-column-gap-default\">\n\t\t\t\t\t<div class=\"elementor-column elementor-col-33 elementor-top-column elementor-element elementor-element-6f8481ce\" data-id=\"6f8481ce\" data-element_type=\"column\">\n\t\t\t<div class=\"elementor-widget-wrap elementor-element-populated\">\n\t\t\t\t\t\t<div class=\"elementor-element elementor-element-e13f84c elementor-widget elementor-widget-image\" data-id=\"e13f84c\" data-element_type=\"widget\" data-widget_type=\"image.default\">\n\t\t\t\t<div class=\"elementor-widget-container\">\n\t\t\t\t\t\t\t\t\t\t\t\t\t\t\t\t<a href=\"http:\/\/syncrolattex.com\/wp-content\/uploads\/2019\/04\/calma-tecnic.jpg\" data-elementor-open-lightbox=\"no\">\n\t\t\t\t\t\t\t<img decoding=\"async\" width=\"800\" height=\"600\" src=\"https:\/\/syncrolattex.com\/wp-content\/uploads\/2019\/04\/calma-tecnic.jpg\" class=\"attachment-large size-large wp-image-5143\" alt=\"\" srcset=\"https:\/\/syncrolattex.com\/wp-content\/uploads\/2019\/04\/calma-tecnic.jpg 800w, https:\/\/syncrolattex.com\/wp-content\/uploads\/2019\/04\/calma-tecnic-300x225.jpg 300w, https:\/\/syncrolattex.com\/wp-content\/uploads\/2019\/04\/calma-tecnic-768x576.jpg 768w, https:\/\/syncrolattex.com\/wp-content\/uploads\/2019\/04\/calma-tecnic-600x450.jpg 600w\" sizes=\"(max-width: 800px) 100vw, 800px\" \/>\t\t\t\t\t\t\t\t<\/a>\n\t\t\t\t\t\t\t\t\t\t\t\t\t\t\t<\/div>\n\t\t\t\t<\/div>\n\t\t\t\t\t<\/div>\n\t\t<\/div>\n\t\t\t\t<div class=\"elementor-column elementor-col-33 elementor-top-column elementor-element elementor-element-7931b9e0\" data-id=\"7931b9e0\" data-element_type=\"column\">\n\t\t\t<div class=\"elementor-widget-wrap elementor-element-populated\">\n\t\t\t\t\t\t<div class=\"elementor-element elementor-element-3f8145cf elementor-widget elementor-widget-image\" data-id=\"3f8145cf\" data-element_type=\"widget\" data-widget_type=\"image.default\">\n\t\t\t\t<div class=\"elementor-widget-container\">\n\t\t\t\t\t\t\t\t\t\t\t\t\t\t\t\t<a href=\"https:\/\/syncrolattex.com\/wp-content\/uploads\/2021\/06\/TchBali.jpg\" data-elementor-open-lightbox=\"no\">\n\t\t\t\t\t\t\t<img decoding=\"async\" width=\"842\" height=\"595\" src=\"https:\/\/syncrolattex.com\/wp-content\/uploads\/2021\/06\/TchBali.jpg\" class=\"attachment-large size-large wp-image-8793\" alt=\"\" srcset=\"https:\/\/syncrolattex.com\/wp-content\/uploads\/2021\/06\/TchBali.jpg 842w, https:\/\/syncrolattex.com\/wp-content\/uploads\/2021\/06\/TchBali-300x212.jpg 300w, https:\/\/syncrolattex.com\/wp-content\/uploads\/2021\/06\/TchBali-768x543.jpg 768w, https:\/\/syncrolattex.com\/wp-content\/uploads\/2021\/06\/TchBali-600x424.jpg 600w\" sizes=\"(max-width: 842px) 100vw, 842px\" \/>\t\t\t\t\t\t\t\t<\/a>\n\t\t\t\t\t\t\t\t\t\t\t\t\t\t\t<\/div>\n\t\t\t\t<\/div>\n\t\t\t\t\t<\/div>\n\t\t<\/div>\n\t\t\t\t<div class=\"elementor-column elementor-col-33 elementor-top-column elementor-element elementor-element-68eea444\" data-id=\"68eea444\" data-element_type=\"column\">\n\t\t\t<div class=\"elementor-widget-wrap\">\n\t\t\t\t\t\t\t<\/div>\n\t\t<\/div>\n\t\t\t\t\t<\/div>\n\t\t<\/section>\n\t\t\t\t<section class=\"elementor-section elementor-top-section elementor-element elementor-element-1c43d15b elementor-section-boxed elementor-section-height-default elementor-section-height-default\" data-id=\"1c43d15b\" data-element_type=\"section\">\n\t\t\t\t\t\t<div class=\"elementor-container elementor-column-gap-default\">\n\t\t\t\t\t<div class=\"elementor-column elementor-col-33 elementor-top-column elementor-element elementor-element-3b73eeb5\" data-id=\"3b73eeb5\" data-element_type=\"column\">\n\t\t\t<div class=\"elementor-widget-wrap elementor-element-populated\">\n\t\t\t\t\t\t<div class=\"elementor-element elementor-element-98a8d6f elementor-widget elementor-widget-text-editor\" data-id=\"98a8d6f\" data-element_type=\"widget\" data-widget_type=\"text-editor.default\">\n\t\t\t\t<div class=\"elementor-widget-container\">\n\t\t\t\t\t\t\t\t\t<p><strong>La structure<\/strong><\/p><p><span>T\u00eate et cadre de lit en une seule pi\u00e8ce en contreplaqu\u00e9 \u00e0 plusieurs \u00e9paisseurs assembl\u00e9 avec des \u00e9querres en m\u00e9tal pour un montage facile dans le lit;\u00a0<\/span><span>Les deux parties sont remplies de mousse de polyur\u00e9thane haute densit\u00e9 de densit\u00e9s diff\u00e9rentes.\u00a0<\/span><span>Toutes les sections matelass\u00e9es sont recouvertes d'une fibre thermo-adh\u00e9sive et associ\u00e9es \u00e0 un tissu de coton blanc qui conf\u00e8re une douceur au rembourrage qui l'isole du tissu, garantissant ainsi le naturel et l'hygi\u00e8ne.<\/span><\/p>\t\t\t\t\t\t\t\t<\/div>\n\t\t\t\t<\/div>\n\t\t\t\t<div class=\"elementor-element elementor-element-2755d523 elementor-widget-divider--view-line elementor-widget elementor-widget-divider\" data-id=\"2755d523\" data-element_type=\"widget\" data-widget_type=\"divider.default\">\n\t\t\t\t<div class=\"elementor-widget-container\">\n\t\t\t\t\t\t\t<div class=\"elementor-divider\">\n\t\t\t<span class=\"elementor-divider-separator\">\n\t\t\t\t\t\t<\/span>\n\t\t<\/div>\n\t\t\t\t\t\t<\/div>\n\t\t\t\t<\/div>\n\t\t\t\t\t<\/div>\n\t\t<\/div>\n\t\t\t\t<div class=\"elementor-column elementor-col-33 elementor-top-column elementor-element elementor-element-1324ad9c\" data-id=\"1324ad9c\" data-element_type=\"column\">\n\t\t\t<div class=\"elementor-widget-wrap elementor-element-populated\">\n\t\t\t\t\t\t<div class=\"elementor-element elementor-element-3107c052 elementor-widget elementor-widget-text-editor\" data-id=\"3107c052\" data-element_type=\"widget\" data-widget_type=\"text-editor.default\">\n\t\t\t\t<div class=\"elementor-widget-container\">\n\t\t\t\t\t\t\t\t\t<p><strong>Rembourrage<\/strong><\/p><p>Rembourr\u00e9 avec de la mousse de polyester recycl\u00e9e \u00e0 100%, respectueuse de l'environnement et non toxique, de diff\u00e9rentes densit\u00e9s. Le cadre de la t\u00eate en contreplaqu\u00e9 tr\u00e8s \u00e9pais<\/p>\t\t\t\t\t\t\t\t<\/div>\n\t\t\t\t<\/div>\n\t\t\t\t<div class=\"elementor-element elementor-element-4036e1c2 elementor-widget-divider--view-line elementor-widget elementor-widget-divider\" data-id=\"4036e1c2\" data-element_type=\"widget\" data-widget_type=\"divider.default\">\n\t\t\t\t<div class=\"elementor-widget-container\">\n\t\t\t\t\t\t\t<div class=\"elementor-divider\">\n\t\t\t<span class=\"elementor-divider-separator\">\n\t\t\t\t\t\t<\/span>\n\t\t<\/div>\n\t\t\t\t\t\t<\/div>\n\t\t\t\t<\/div>\n\t\t\t\t\t<\/div>\n\t\t<\/div>\n\t\t\t\t<div class=\"elementor-column elementor-col-33 elementor-top-column elementor-element elementor-element-2b504ee1\" data-id=\"2b504ee1\" data-element_type=\"column\">\n\t\t\t<div class=\"elementor-widget-wrap elementor-element-populated\">\n\t\t\t\t\t\t<div class=\"elementor-element elementor-element-4959d42 elementor-widget elementor-widget-text-editor\" data-id=\"4959d42\" data-element_type=\"widget\" data-widget_type=\"text-editor.default\">\n\t\t\t\t<div class=\"elementor-widget-container\">\n\t\t\t\t\t\t\t\t\t<p><strong>Pieds<\/strong><\/p><div class=\"page\" title=\"Page 29\"><div class=\"section\"><div class=\"layoutArea\"><div class=\"column\"><p>Les supports sur lesquels repose le sommier doivent \u00eatre robustes et durables, notre gamme de pieds r\u00e9pond \u00e0 ces exigences. En plus de leur fonction, ils ajouteront du caract\u00e8re \u00e0 votre lit.<\/p><\/div><\/div><\/div><\/div>\t\t\t\t\t\t\t\t<\/div>\n\t\t\t\t<\/div>\n\t\t\t\t\t<\/div>\n\t\t<\/div>\n\t\t\t\t\t<\/div>\n\t\t<\/section>\n\t\t\t\t<section class=\"elementor-section elementor-top-section elementor-element elementor-element-7cd6782 elementor-section-boxed elementor-section-height-default elementor-section-height-default\" data-id=\"7cd6782\" data-element_type=\"section\">\n\t\t\t\t\t\t<div class=\"elementor-container elementor-column-gap-default\">\n\t\t\t\t\t<div class=\"elementor-column elementor-col-100 elementor-top-column elementor-element elementor-element-27e48735\" data-id=\"27e48735\" data-element_type=\"column\">\n\t\t\t<div class=\"elementor-widget-wrap elementor-element-populated\">\n\t\t\t\t\t\t<div class=\"elementor-element elementor-element-7aad558d elementor-widget elementor-widget-spacer\" data-id=\"7aad558d\" data-element_type=\"widget\" data-widget_type=\"spacer.default\">\n\t\t\t\t<div class=\"elementor-widget-container\">\n\t\t\t\t\t\t\t<div class=\"elementor-spacer\">\n\t\t\t<div class=\"elementor-spacer-inner\"><\/div>\n\t\t<\/div>\n\t\t\t\t\t\t<\/div>\n\t\t\t\t<\/div>\n\t\t\t\t\t<\/div>\n\t\t<\/div>\n\t\t\t\t\t<\/div>\n\t\t<\/section>\n\t\t\t\t<section class=\"elementor-section elementor-top-section elementor-element elementor-element-31e07722 elementor-section-boxed elementor-section-height-default elementor-section-height-default\" data-id=\"31e07722\" data-element_type=\"section\">\n\t\t\t\t\t\t<div class=\"elementor-container elementor-column-gap-default\">\n\t\t\t\t\t<div class=\"elementor-column elementor-col-50 elementor-top-column elementor-element elementor-element-4dc1818\" data-id=\"4dc1818\" data-element_type=\"column\">\n\t\t\t<div class=\"elementor-widget-wrap elementor-element-populated\">\n\t\t\t\t\t\t<div class=\"elementor-element elementor-element-20accae3 elementor-widget elementor-widget-image\" data-id=\"20accae3\" data-element_type=\"widget\" data-widget_type=\"image.default\">\n\t\t\t\t<div class=\"elementor-widget-container\">\n\t\t\t\t\t\t\t\t\t\t\t\t\t\t\t\t<a href=\"https:\/\/syncrolattex.com\/fr\/materials\/\">\n\t\t\t\t\t\t\t<img loading=\"lazy\" decoding=\"async\" width=\"1024\" height=\"723\" src=\"https:\/\/syncrolattex.com\/wp-content\/uploads\/2019\/04\/shutterstock_778437157-1024x723.jpg\" class=\"attachment-large size-large wp-image-4991\" alt=\"\" srcset=\"https:\/\/syncrolattex.com\/wp-content\/uploads\/2019\/04\/shutterstock_778437157.jpg 1024w, https:\/\/syncrolattex.com\/wp-content\/uploads\/2019\/04\/shutterstock_778437157-300x212.jpg 300w, https:\/\/syncrolattex.com\/wp-content\/uploads\/2019\/04\/shutterstock_778437157-768x542.jpg 768w, https:\/\/syncrolattex.com\/wp-content\/uploads\/2019\/04\/shutterstock_778437157-600x424.jpg 600w\" sizes=\"(max-width: 1024px) 100vw, 1024px\" \/>\t\t\t\t\t\t\t\t<\/a>\n\t\t\t\t\t\t\t\t\t\t\t\t\t\t\t<\/div>\n\t\t\t\t<\/div>\n\t\t\t\t<div class=\"elementor-element elementor-element-4d0f418b elementor-widget elementor-widget-heading\" data-id=\"4d0f418b\" data-element_type=\"widget\" data-widget_type=\"heading.default\">\n\t\t\t\t<div class=\"elementor-widget-container\">\n\t\t\t\t\t<h2 class=\"elementor-heading-title elementor-size-default\"><a href=\"https:\/\/syncrolattex.com\/fr\/materials\/\">Mat\u00e9riaux<\/a><\/h2>\t\t\t\t<\/div>\n\t\t\t\t<\/div>\n\t\t\t\t\t<\/div>\n\t\t<\/div>\n\t\t\t\t<div class=\"elementor-column elementor-col-50 elementor-top-column elementor-element elementor-element-7aa6745e\" data-id=\"7aa6745e\" data-element_type=\"column\">\n\t\t\t<div class=\"elementor-widget-wrap elementor-element-populated\">\n\t\t\t\t\t\t<div class=\"elementor-element elementor-element-7e9c4b33 elementor-widget elementor-widget-image\" data-id=\"7e9c4b33\" data-element_type=\"widget\" data-widget_type=\"image.default\">\n\t\t\t\t<div class=\"elementor-widget-container\">\n\t\t\t\t\t\t\t\t\t\t\t\t\t\t\t\t<a href=\"https:\/\/syncrolattex.com\/fr\/mantenimiento-materiales\/\">\n\t\t\t\t\t\t\t<img loading=\"lazy\" decoding=\"async\" width=\"800\" height=\"531\" src=\"https:\/\/syncrolattex.com\/wp-content\/uploads\/2019\/04\/chuva-1.jpg\" class=\"attachment-large size-large wp-image-4989\" alt=\"\" srcset=\"https:\/\/syncrolattex.com\/wp-content\/uploads\/2019\/04\/chuva-1.jpg 800w, https:\/\/syncrolattex.com\/wp-content\/uploads\/2019\/04\/chuva-1-300x199.jpg 300w, https:\/\/syncrolattex.com\/wp-content\/uploads\/2019\/04\/chuva-1-768x510.jpg 768w, https:\/\/syncrolattex.com\/wp-content\/uploads\/2019\/04\/chuva-1-600x398.jpg 600w\" sizes=\"(max-width: 800px) 100vw, 800px\" \/>\t\t\t\t\t\t\t\t<\/a>\n\t\t\t\t\t\t\t\t\t\t\t\t\t\t\t<\/div>\n\t\t\t\t<\/div>\n\t\t\t\t<div class=\"elementor-element elementor-element-32c86dab elementor-widget elementor-widget-heading\" data-id=\"32c86dab\" data-element_type=\"widget\" data-widget_type=\"heading.default\">\n\t\t\t\t<div class=\"elementor-widget-container\">\n\t\t\t\t\t<h2 class=\"elementor-heading-title elementor-size-default\"><a href=\"https:\/\/syncrolattex.com\/fr\/mantenimiento-materiales\/\">Maintenance<\/a><\/h2>\t\t\t\t<\/div>\n\t\t\t\t<\/div>\n\t\t\t\t\t<\/div>\n\t\t<\/div>\n\t\t\t\t\t<\/div>\n\t\t<\/section>\n\t\t\t\t<section class=\"elementor-section elementor-top-section elementor-element elementor-element-5ad7107f elementor-section-boxed elementor-section-height-default elementor-section-height-default\" data-id=\"5ad7107f\" data-element_type=\"section\">\n\t\t\t\t\t\t<div class=\"elementor-container elementor-column-gap-default\">\n\t\t\t\t\t<div class=\"elementor-column elementor-col-100 elementor-top-column elementor-element elementor-element-35f912ba\" data-id=\"35f912ba\" data-element_type=\"column\">\n\t\t\t<div class=\"elementor-widget-wrap elementor-element-populated\">\n\t\t\t\t\t\t<div class=\"elementor-element elementor-element-2773d5d9 elementor-widget elementor-widget-spacer\" data-id=\"2773d5d9\" data-element_type=\"widget\" data-widget_type=\"spacer.default\">\n\t\t\t\t<div class=\"elementor-widget-container\">\n\t\t\t\t\t\t\t<div class=\"elementor-spacer\">\n\t\t\t<div class=\"elementor-spacer-inner\"><\/div>\n\t\t<\/div>\n\t\t\t\t\t\t<\/div>\n\t\t\t\t<\/div>\n\t\t\t\t\t<\/div>\n\t\t<\/div>\n\t\t\t\t\t<\/div>\n\t\t<\/section>\n\t\t\t\t<\/div>","protected":false},"excerpt":{"rendered":"<p>BALI BALI CABECERO Una cama de generosas proporciones subrayada por el cabecero de gran tama\u00f1o, un gran soporte que puede superar los bordes del marco de la cama o de lo contrario se mantiene al limite y define el espacio de confort. El ligero \u00e1ngulo, resaltado por una amplia costura horizontal visible, le da importancia [&hellip;]<\/p>","protected":false},"author":1,"featured_media":0,"parent":6192,"menu_order":0,"comment_status":"closed","ping_status":"closed","template":"elementor_header_footer","meta":{"footnotes":""},"class_list":["post-8784","page","type-page","status-publish","hentry"],"_links":{"self":[{"href":"https:\/\/syncrolattex.com\/fr\/wp-json\/wp\/v2\/pages\/8784","targetHints":{"allow":["GET"]}}],"collection":[{"href":"https:\/\/syncrolattex.com\/fr\/wp-json\/wp\/v2\/pages"}],"about":[{"href":"https:\/\/syncrolattex.com\/fr\/wp-json\/wp\/v2\/types\/page"}],"author":[{"embeddable":true,"href":"https:\/\/syncrolattex.com\/fr\/wp-json\/wp\/v2\/users\/1"}],"replies":[{"embeddable":true,"href":"https:\/\/syncrolattex.com\/fr\/wp-json\/wp\/v2\/comments?post=8784"}],"version-history":[{"count":6,"href":"https:\/\/syncrolattex.com\/fr\/wp-json\/wp\/v2\/pages\/8784\/revisions"}],"predecessor-version":[{"id":8828,"href":"https:\/\/syncrolattex.com\/fr\/wp-json\/wp\/v2\/pages\/8784\/revisions\/8828"}],"up":[{"embeddable":true,"href":"https:\/\/syncrolattex.com\/fr\/wp-json\/wp\/v2\/pages\/6192"}],"wp:attachment":[{"href":"https:\/\/syncrolattex.com\/fr\/wp-json\/wp\/v2\/media?parent=8784"}],"curies":[{"name":"wp","href":"https:\/\/api.w.org\/{rel}","templated":true}]}}