{"id":8809,"date":"2021-06-02T14:30:59","date_gmt":"2021-06-02T12:30:59","guid":{"rendered":"https:\/\/syncrolattex.com\/?page_id=8809"},"modified":"2021-06-02T14:36:38","modified_gmt":"2021-06-02T12:36:38","slug":"sail-2","status":"publish","type":"page","link":"https:\/\/syncrolattex.com\/fr\/cabeceros-de-cama\/sail-2\/","title":{"rendered":"SAIL"},"content":{"rendered":"<div data-elementor-type=\"wp-page\" data-elementor-id=\"8809\" class=\"elementor elementor-8809\" data-elementor-post-type=\"page\">\n\t\t\t\t\t\t<section class=\"elementor-section elementor-top-section elementor-element elementor-element-5de02fcf elementor-section-full_width elementor-section-height-min-height elementor-section-height-default elementor-section-items-middle\" data-id=\"5de02fcf\" data-element_type=\"section\" data-settings=\"{&quot;background_background&quot;:&quot;classic&quot;}\">\n\t\t\t\t\t\t\t<div class=\"elementor-background-overlay\"><\/div>\n\t\t\t\t\t\t\t<div class=\"elementor-container elementor-column-gap-default\">\n\t\t\t\t\t<div class=\"elementor-column elementor-col-100 elementor-top-column elementor-element elementor-element-2044de46\" data-id=\"2044de46\" data-element_type=\"column\" data-settings=\"{&quot;background_background&quot;:&quot;classic&quot;}\">\n\t\t\t<div class=\"elementor-widget-wrap elementor-element-populated\">\n\t\t\t\t\t\t<div class=\"elementor-element elementor-element-4f106b06 elementor-hidden-phone elementor-widget elementor-widget-heading\" data-id=\"4f106b06\" data-element_type=\"widget\" data-widget_type=\"heading.default\">\n\t\t\t\t<div class=\"elementor-widget-container\">\n\t\t\t\t\t<h3 class=\"elementor-heading-title elementor-size-default\">SAIL<\/h3>\t\t\t\t<\/div>\n\t\t\t\t<\/div>\n\t\t\t\t\t<\/div>\n\t\t<\/div>\n\t\t\t\t\t<\/div>\n\t\t<\/section>\n\t\t\t\t<section class=\"elementor-section elementor-top-section elementor-element elementor-element-6ffa1548 elementor-section-boxed elementor-section-height-default elementor-section-height-default\" data-id=\"6ffa1548\" data-element_type=\"section\">\n\t\t\t\t\t\t<div class=\"elementor-container elementor-column-gap-default\">\n\t\t\t\t\t<div class=\"elementor-column elementor-col-50 elementor-top-column elementor-element elementor-element-2fc6ee53\" data-id=\"2fc6ee53\" data-element_type=\"column\">\n\t\t\t<div class=\"elementor-widget-wrap elementor-element-populated\">\n\t\t\t\t\t\t<div class=\"elementor-element elementor-element-375a6a0e elementor-widget elementor-widget-heading\" data-id=\"375a6a0e\" data-element_type=\"widget\" data-widget_type=\"heading.default\">\n\t\t\t\t<div class=\"elementor-widget-container\">\n\t\t\t\t\t<h1 class=\"elementor-heading-title elementor-size-default\">SAIL<\/h1>\t\t\t\t<\/div>\n\t\t\t\t<\/div>\n\t\t\t\t<div class=\"elementor-element elementor-element-588f4560 elementor-widget elementor-widget-heading\" data-id=\"588f4560\" data-element_type=\"widget\" data-widget_type=\"heading.default\">\n\t\t\t\t<div class=\"elementor-widget-container\">\n\t\t\t\t\t<h1 class=\"elementor-heading-title elementor-size-default\">CABECERO<\/h1>\t\t\t\t<\/div>\n\t\t\t\t<\/div>\n\t\t\t\t<div class=\"elementor-element elementor-element-5ce8303f elementor-widget elementor-widget-heading\" data-id=\"5ce8303f\" data-element_type=\"widget\" data-widget_type=\"heading.default\">\n\t\t\t\t<div class=\"elementor-widget-container\">\n\t\t\t\t\t<h2 class=\"elementor-heading-title elementor-size-default\">El cabecero ancho transmite una sensaci\u00f3n\nde calidez y protecci\u00f3n, la ausencia total de\nbordes aumenta la percepci\u00f3n de suavidad\ngeneral.\nUna forma suave y desestructurada, que\nparece sostenerse en virtud de su propia\nligereza. Acentuada a\u00fan m\u00e1s por los tejidos\nde tapicer\u00eda suaves y texturizados,<\/h2>\t\t\t\t<\/div>\n\t\t\t\t<\/div>\n\t\t\t\t\t<\/div>\n\t\t<\/div>\n\t\t\t\t<div class=\"elementor-column elementor-col-50 elementor-top-column elementor-element elementor-element-62dfd218\" data-id=\"62dfd218\" data-element_type=\"column\">\n\t\t\t<div class=\"elementor-widget-wrap elementor-element-populated\">\n\t\t\t\t\t\t<div class=\"elementor-element elementor-element-5e5e8430 elementor-widget elementor-widget-image\" data-id=\"5e5e8430\" data-element_type=\"widget\" data-widget_type=\"image.default\">\n\t\t\t\t<div class=\"elementor-widget-container\">\n\t\t\t\t\t\t\t\t\t\t\t\t\t\t\t<img fetchpriority=\"high\" decoding=\"async\" width=\"1024\" height=\"672\" src=\"https:\/\/syncrolattex.com\/wp-content\/uploads\/2021\/06\/sail-nuevo-2-1024x672.jpg\" class=\"attachment-large size-large wp-image-8813\" alt=\"\" srcset=\"https:\/\/syncrolattex.com\/wp-content\/uploads\/2021\/06\/sail-nuevo-2-1024x672.jpg 1024w, https:\/\/syncrolattex.com\/wp-content\/uploads\/2021\/06\/sail-nuevo-2-300x197.jpg 300w, https:\/\/syncrolattex.com\/wp-content\/uploads\/2021\/06\/sail-nuevo-2-768x504.jpg 768w, https:\/\/syncrolattex.com\/wp-content\/uploads\/2021\/06\/sail-nuevo-2-1536x1008.jpg 1536w, https:\/\/syncrolattex.com\/wp-content\/uploads\/2021\/06\/sail-nuevo-2-600x394.jpg 600w, https:\/\/syncrolattex.com\/wp-content\/uploads\/2021\/06\/sail-nuevo-2-2048x1343.jpg 2048w, https:\/\/syncrolattex.com\/wp-content\/uploads\/2021\/06\/sail-nuevo-2.jpg 1800w\" sizes=\"(max-width: 1024px) 100vw, 1024px\" \/>\t\t\t\t\t\t\t\t\t\t\t\t\t\t\t<\/div>\n\t\t\t\t<\/div>\n\t\t\t\t\t<\/div>\n\t\t<\/div>\n\t\t\t\t\t<\/div>\n\t\t<\/section>\n\t\t\t\t<section class=\"elementor-section elementor-top-section elementor-element elementor-element-7ae95214 elementor-section-boxed elementor-section-height-default elementor-section-height-default\" data-id=\"7ae95214\" data-element_type=\"section\">\n\t\t\t\t\t\t<div class=\"elementor-container elementor-column-gap-default\">\n\t\t\t\t\t<div class=\"elementor-column elementor-col-100 elementor-top-column elementor-element elementor-element-2be2095a\" data-id=\"2be2095a\" data-element_type=\"column\">\n\t\t\t<div class=\"elementor-widget-wrap elementor-element-populated\">\n\t\t\t\t\t\t<div class=\"elementor-element elementor-element-3b7b28 elementor-arrows-position-outside elementor-widget elementor-widget-image-carousel\" data-id=\"3b7b28\" data-element_type=\"widget\" data-settings=\"{&quot;slides_to_show&quot;:&quot;1&quot;,&quot;navigation&quot;:&quot;arrows&quot;,&quot;autoplay&quot;:&quot;no&quot;,&quot;effect&quot;:&quot;fade&quot;,&quot;infinite&quot;:&quot;yes&quot;,&quot;speed&quot;:500}\" data-widget_type=\"image-carousel.default\">\n\t\t\t\t<div class=\"elementor-widget-container\">\n\t\t\t\t\t\t\t<div class=\"elementor-image-carousel-wrapper swiper\" role=\"region\" aria-roledescription=\"carousel\" aria-label=\"Carrousel d\u2019images\" dir=\"ltr\">\n\t\t\t<div class=\"elementor-image-carousel swiper-wrapper\" aria-live=\"polite\">\n\t\t\t\t\t\t\t\t<div class=\"swiper-slide\" role=\"group\" aria-roledescription=\"slide\" aria-label=\"1 sur 2\" data-no-translation-aria-label=\"\"><a data-elementor-open-lightbox=\"yes\" data-elementor-lightbox-slideshow=\"3b7b28\" data-elementor-lightbox-title=\"sail-nuevo\" data-e-action-hash=\"#elementor-action%3Aaction%3Dlightbox%26settings%3DeyJpZCI6ODgxMiwidXJsIjoiaHR0cHM6XC9cL3N5bmNyb2xhdHRleC5jb21cL3dwLWNvbnRlbnRcL3VwbG9hZHNcLzIwMjFcLzA2XC9zYWlsLW51ZXZvLmpwZyIsInNsaWRlc2hvdyI6IjNiN2IyOCJ9\" href=\"https:\/\/syncrolattex.com\/wp-content\/uploads\/2021\/06\/sail-nuevo.jpg\"><figure class=\"swiper-slide-inner\"><img decoding=\"async\" class=\"swiper-slide-image\" src=\"https:\/\/syncrolattex.com\/wp-content\/uploads\/2021\/06\/sail-nuevo.jpg\" alt=\"sail-nuevo\" \/><\/figure><\/a><\/div><div class=\"swiper-slide\" role=\"group\" aria-roledescription=\"slide\" aria-label=\"2 sur 2\" data-no-translation-aria-label=\"\"><a data-elementor-open-lightbox=\"yes\" data-elementor-lightbox-slideshow=\"3b7b28\" data-elementor-lightbox-title=\"sail-nuevo-2\" data-e-action-hash=\"#elementor-action%3Aaction%3Dlightbox%26settings%3DeyJpZCI6ODgxMywidXJsIjoiaHR0cHM6XC9cL3N5bmNyb2xhdHRleC5jb21cL3dwLWNvbnRlbnRcL3VwbG9hZHNcLzIwMjFcLzA2XC9zYWlsLW51ZXZvLTIuanBnIiwic2xpZGVzaG93IjoiM2I3YjI4In0%3D\" href=\"https:\/\/syncrolattex.com\/wp-content\/uploads\/2021\/06\/sail-nuevo-2.jpg\"><figure class=\"swiper-slide-inner\"><img decoding=\"async\" class=\"swiper-slide-image\" src=\"https:\/\/syncrolattex.com\/wp-content\/uploads\/2021\/06\/sail-nuevo-2.jpg\" alt=\"sail-nuevo-2\" \/><\/figure><\/a><\/div>\t\t\t<\/div>\n\t\t\t\t\t\t\t\t\t\t\t\t<div class=\"elementor-swiper-button elementor-swiper-button-prev\" role=\"button\" tabindex=\"0\">\n\t\t\t\t\t\t<i aria-hidden=\"true\" class=\"eicon-chevron-left\"><\/i>\t\t\t\t\t<\/div>\n\t\t\t\t\t<div class=\"elementor-swiper-button elementor-swiper-button-next\" role=\"button\" tabindex=\"0\">\n\t\t\t\t\t\t<i aria-hidden=\"true\" class=\"eicon-chevron-right\"><\/i>\t\t\t\t\t<\/div>\n\t\t\t\t\n\t\t\t\t\t\t\t\t\t<\/div>\n\t\t\t\t\t\t<\/div>\n\t\t\t\t<\/div>\n\t\t\t\t\t<\/div>\n\t\t<\/div>\n\t\t\t\t\t<\/div>\n\t\t<\/section>\n\t\t\t\t<section class=\"elementor-section elementor-top-section elementor-element elementor-element-284e61e4 elementor-section-boxed elementor-section-height-default elementor-section-height-default\" data-id=\"284e61e4\" data-element_type=\"section\">\n\t\t\t\t\t\t<div class=\"elementor-container elementor-column-gap-default\">\n\t\t\t\t\t<div class=\"elementor-column elementor-col-50 elementor-top-column elementor-element elementor-element-7ddb0926\" data-id=\"7ddb0926\" data-element_type=\"column\">\n\t\t\t<div class=\"elementor-widget-wrap elementor-element-populated\">\n\t\t\t\t\t\t<div class=\"elementor-element elementor-element-82ef847 elementor-widget elementor-widget-heading\" data-id=\"82ef847\" data-element_type=\"widget\" data-widget_type=\"heading.default\">\n\t\t\t\t<div class=\"elementor-widget-container\">\n\t\t\t\t\t<h5 class=\"elementor-heading-title elementor-size-default\">Caract\u00e9ristiques techniques<\/h5>\t\t\t\t<\/div>\n\t\t\t\t<\/div>\n\t\t\t\t\t<\/div>\n\t\t<\/div>\n\t\t\t\t<div class=\"elementor-column elementor-col-50 elementor-top-column elementor-element elementor-element-75751126\" data-id=\"75751126\" data-element_type=\"column\">\n\t\t\t<div class=\"elementor-widget-wrap\">\n\t\t\t\t\t\t\t<\/div>\n\t\t<\/div>\n\t\t\t\t\t<\/div>\n\t\t<\/section>\n\t\t\t\t<section class=\"elementor-section elementor-top-section elementor-element elementor-element-4f9ed534 elementor-section-boxed elementor-section-height-default elementor-section-height-default\" data-id=\"4f9ed534\" data-element_type=\"section\">\n\t\t\t\t\t\t<div class=\"elementor-container elementor-column-gap-default\">\n\t\t\t\t\t<div class=\"elementor-column elementor-col-33 elementor-top-column elementor-element elementor-element-436cbe79\" data-id=\"436cbe79\" data-element_type=\"column\">\n\t\t\t<div class=\"elementor-widget-wrap elementor-element-populated\">\n\t\t\t\t\t\t<div class=\"elementor-element elementor-element-4bc08659 elementor-widget elementor-widget-image\" data-id=\"4bc08659\" data-element_type=\"widget\" data-widget_type=\"image.default\">\n\t\t\t\t<div class=\"elementor-widget-container\">\n\t\t\t\t\t\t\t\t\t\t\t\t\t\t\t\t<a href=\"http:\/\/syncrolattex.com\/wp-content\/uploads\/2019\/04\/calma-tecnic.jpg\" data-elementor-open-lightbox=\"no\">\n\t\t\t\t\t\t\t<img decoding=\"async\" width=\"800\" height=\"600\" src=\"https:\/\/syncrolattex.com\/wp-content\/uploads\/2019\/04\/calma-tecnic.jpg\" class=\"attachment-large size-large wp-image-5143\" alt=\"\" srcset=\"https:\/\/syncrolattex.com\/wp-content\/uploads\/2019\/04\/calma-tecnic.jpg 800w, https:\/\/syncrolattex.com\/wp-content\/uploads\/2019\/04\/calma-tecnic-300x225.jpg 300w, https:\/\/syncrolattex.com\/wp-content\/uploads\/2019\/04\/calma-tecnic-768x576.jpg 768w, https:\/\/syncrolattex.com\/wp-content\/uploads\/2019\/04\/calma-tecnic-600x450.jpg 600w\" sizes=\"(max-width: 800px) 100vw, 800px\" \/>\t\t\t\t\t\t\t\t<\/a>\n\t\t\t\t\t\t\t\t\t\t\t\t\t\t\t<\/div>\n\t\t\t\t<\/div>\n\t\t\t\t\t<\/div>\n\t\t<\/div>\n\t\t\t\t<div class=\"elementor-column elementor-col-33 elementor-top-column elementor-element elementor-element-8b2f267\" data-id=\"8b2f267\" data-element_type=\"column\">\n\t\t\t<div class=\"elementor-widget-wrap elementor-element-populated\">\n\t\t\t\t\t\t<div class=\"elementor-element elementor-element-7f49be73 elementor-widget elementor-widget-image\" data-id=\"7f49be73\" data-element_type=\"widget\" data-widget_type=\"image.default\">\n\t\t\t\t<div class=\"elementor-widget-container\">\n\t\t\t\t\t\t\t\t\t\t\t\t\t\t\t\t<a href=\"https:\/\/syncrolattex.com\/wp-content\/uploads\/2021\/06\/TchSAIL.jpg\" data-elementor-open-lightbox=\"no\">\n\t\t\t\t\t\t\t<img decoding=\"async\" width=\"842\" height=\"595\" src=\"https:\/\/syncrolattex.com\/wp-content\/uploads\/2021\/06\/TchSAIL.jpg\" class=\"attachment-large size-large wp-image-8816\" alt=\"\" srcset=\"https:\/\/syncrolattex.com\/wp-content\/uploads\/2021\/06\/TchSAIL.jpg 842w, https:\/\/syncrolattex.com\/wp-content\/uploads\/2021\/06\/TchSAIL-300x212.jpg 300w, https:\/\/syncrolattex.com\/wp-content\/uploads\/2021\/06\/TchSAIL-768x543.jpg 768w, https:\/\/syncrolattex.com\/wp-content\/uploads\/2021\/06\/TchSAIL-600x424.jpg 600w\" sizes=\"(max-width: 842px) 100vw, 842px\" \/>\t\t\t\t\t\t\t\t<\/a>\n\t\t\t\t\t\t\t\t\t\t\t\t\t\t\t<\/div>\n\t\t\t\t<\/div>\n\t\t\t\t\t<\/div>\n\t\t<\/div>\n\t\t\t\t<div class=\"elementor-column elementor-col-33 elementor-top-column elementor-element elementor-element-4db3dd3\" data-id=\"4db3dd3\" data-element_type=\"column\">\n\t\t\t<div class=\"elementor-widget-wrap\">\n\t\t\t\t\t\t\t<\/div>\n\t\t<\/div>\n\t\t\t\t\t<\/div>\n\t\t<\/section>\n\t\t\t\t<section class=\"elementor-section elementor-top-section elementor-element elementor-element-296eb0f1 elementor-section-boxed elementor-section-height-default elementor-section-height-default\" data-id=\"296eb0f1\" data-element_type=\"section\">\n\t\t\t\t\t\t<div class=\"elementor-container elementor-column-gap-default\">\n\t\t\t\t\t<div class=\"elementor-column elementor-col-33 elementor-top-column elementor-element elementor-element-6f1bcc42\" data-id=\"6f1bcc42\" data-element_type=\"column\">\n\t\t\t<div class=\"elementor-widget-wrap elementor-element-populated\">\n\t\t\t\t\t\t<div class=\"elementor-element elementor-element-61200a76 elementor-widget elementor-widget-text-editor\" data-id=\"61200a76\" data-element_type=\"widget\" data-widget_type=\"text-editor.default\">\n\t\t\t\t<div class=\"elementor-widget-container\">\n\t\t\t\t\t\t\t\t\t<p><strong>La structure<\/strong><\/p><p><span>T\u00eate et cadre de lit en une seule pi\u00e8ce en contreplaqu\u00e9 \u00e0 plusieurs \u00e9paisseurs assembl\u00e9 avec des \u00e9querres en m\u00e9tal pour un montage facile dans le lit;\u00a0<\/span><span>Les deux parties sont remplies de mousse de polyur\u00e9thane haute densit\u00e9 de densit\u00e9s diff\u00e9rentes.\u00a0<\/span><span>Toutes les sections matelass\u00e9es sont recouvertes d'une fibre thermo-adh\u00e9sive et associ\u00e9es \u00e0 un tissu de coton blanc qui conf\u00e8re une douceur au rembourrage qui l'isole du tissu, garantissant ainsi le naturel et l'hygi\u00e8ne.<\/span><\/p>\t\t\t\t\t\t\t\t<\/div>\n\t\t\t\t<\/div>\n\t\t\t\t<div class=\"elementor-element elementor-element-40cae246 elementor-widget-divider--view-line elementor-widget elementor-widget-divider\" data-id=\"40cae246\" data-element_type=\"widget\" data-widget_type=\"divider.default\">\n\t\t\t\t<div class=\"elementor-widget-container\">\n\t\t\t\t\t\t\t<div class=\"elementor-divider\">\n\t\t\t<span class=\"elementor-divider-separator\">\n\t\t\t\t\t\t<\/span>\n\t\t<\/div>\n\t\t\t\t\t\t<\/div>\n\t\t\t\t<\/div>\n\t\t\t\t\t<\/div>\n\t\t<\/div>\n\t\t\t\t<div class=\"elementor-column elementor-col-33 elementor-top-column elementor-element elementor-element-5a5e45eb\" data-id=\"5a5e45eb\" data-element_type=\"column\">\n\t\t\t<div class=\"elementor-widget-wrap elementor-element-populated\">\n\t\t\t\t\t\t<div class=\"elementor-element elementor-element-54934dc elementor-widget elementor-widget-text-editor\" data-id=\"54934dc\" data-element_type=\"widget\" data-widget_type=\"text-editor.default\">\n\t\t\t\t<div class=\"elementor-widget-container\">\n\t\t\t\t\t\t\t\t\t<p><strong>Rembourrage<\/strong><\/p><p>Rembourr\u00e9 avec de la mousse de polyester recycl\u00e9e \u00e0 100%, respectueuse de l'environnement et non toxique, de diff\u00e9rentes densit\u00e9s. Le cadre de la t\u00eate en contreplaqu\u00e9 tr\u00e8s \u00e9pais<\/p>\t\t\t\t\t\t\t\t<\/div>\n\t\t\t\t<\/div>\n\t\t\t\t<div class=\"elementor-element elementor-element-10763f9a elementor-widget-divider--view-line elementor-widget elementor-widget-divider\" data-id=\"10763f9a\" data-element_type=\"widget\" data-widget_type=\"divider.default\">\n\t\t\t\t<div class=\"elementor-widget-container\">\n\t\t\t\t\t\t\t<div class=\"elementor-divider\">\n\t\t\t<span class=\"elementor-divider-separator\">\n\t\t\t\t\t\t<\/span>\n\t\t<\/div>\n\t\t\t\t\t\t<\/div>\n\t\t\t\t<\/div>\n\t\t\t\t\t<\/div>\n\t\t<\/div>\n\t\t\t\t<div class=\"elementor-column elementor-col-33 elementor-top-column elementor-element elementor-element-31f0d9de\" data-id=\"31f0d9de\" data-element_type=\"column\">\n\t\t\t<div class=\"elementor-widget-wrap elementor-element-populated\">\n\t\t\t\t\t\t<div class=\"elementor-element elementor-element-7a12a248 elementor-widget elementor-widget-text-editor\" data-id=\"7a12a248\" data-element_type=\"widget\" data-widget_type=\"text-editor.default\">\n\t\t\t\t<div class=\"elementor-widget-container\">\n\t\t\t\t\t\t\t\t\t<p><strong>Pieds<\/strong><\/p><div class=\"page\" title=\"Page 29\"><div class=\"section\"><div class=\"layoutArea\"><div class=\"column\"><p>Les supports sur lesquels repose le sommier doivent \u00eatre robustes et durables, notre gamme de pieds r\u00e9pond \u00e0 ces exigences. En plus de leur fonction, ils ajouteront du caract\u00e8re \u00e0 votre lit.<\/p><\/div><\/div><\/div><\/div>\t\t\t\t\t\t\t\t<\/div>\n\t\t\t\t<\/div>\n\t\t\t\t\t<\/div>\n\t\t<\/div>\n\t\t\t\t\t<\/div>\n\t\t<\/section>\n\t\t\t\t<section class=\"elementor-section elementor-top-section elementor-element elementor-element-60c91aff elementor-section-boxed elementor-section-height-default elementor-section-height-default\" data-id=\"60c91aff\" data-element_type=\"section\">\n\t\t\t\t\t\t<div class=\"elementor-container elementor-column-gap-default\">\n\t\t\t\t\t<div class=\"elementor-column elementor-col-100 elementor-top-column elementor-element elementor-element-fd109ad\" data-id=\"fd109ad\" data-element_type=\"column\">\n\t\t\t<div class=\"elementor-widget-wrap elementor-element-populated\">\n\t\t\t\t\t\t<div class=\"elementor-element elementor-element-1a57808e elementor-widget elementor-widget-spacer\" data-id=\"1a57808e\" data-element_type=\"widget\" data-widget_type=\"spacer.default\">\n\t\t\t\t<div class=\"elementor-widget-container\">\n\t\t\t\t\t\t\t<div class=\"elementor-spacer\">\n\t\t\t<div class=\"elementor-spacer-inner\"><\/div>\n\t\t<\/div>\n\t\t\t\t\t\t<\/div>\n\t\t\t\t<\/div>\n\t\t\t\t\t<\/div>\n\t\t<\/div>\n\t\t\t\t\t<\/div>\n\t\t<\/section>\n\t\t\t\t<section class=\"elementor-section elementor-top-section elementor-element elementor-element-5180c548 elementor-section-boxed elementor-section-height-default elementor-section-height-default\" data-id=\"5180c548\" data-element_type=\"section\">\n\t\t\t\t\t\t<div class=\"elementor-container elementor-column-gap-default\">\n\t\t\t\t\t<div class=\"elementor-column elementor-col-50 elementor-top-column elementor-element elementor-element-10900952\" data-id=\"10900952\" data-element_type=\"column\">\n\t\t\t<div class=\"elementor-widget-wrap elementor-element-populated\">\n\t\t\t\t\t\t<div class=\"elementor-element elementor-element-72e6c5ef elementor-widget elementor-widget-image\" data-id=\"72e6c5ef\" data-element_type=\"widget\" data-widget_type=\"image.default\">\n\t\t\t\t<div class=\"elementor-widget-container\">\n\t\t\t\t\t\t\t\t\t\t\t\t\t\t\t\t<a href=\"https:\/\/syncrolattex.com\/fr\/materials\/\">\n\t\t\t\t\t\t\t<img loading=\"lazy\" decoding=\"async\" width=\"1024\" height=\"723\" src=\"https:\/\/syncrolattex.com\/wp-content\/uploads\/2019\/04\/shutterstock_778437157-1024x723.jpg\" class=\"attachment-large size-large wp-image-4991\" alt=\"\" srcset=\"https:\/\/syncrolattex.com\/wp-content\/uploads\/2019\/04\/shutterstock_778437157.jpg 1024w, https:\/\/syncrolattex.com\/wp-content\/uploads\/2019\/04\/shutterstock_778437157-300x212.jpg 300w, https:\/\/syncrolattex.com\/wp-content\/uploads\/2019\/04\/shutterstock_778437157-768x542.jpg 768w, https:\/\/syncrolattex.com\/wp-content\/uploads\/2019\/04\/shutterstock_778437157-600x424.jpg 600w\" sizes=\"(max-width: 1024px) 100vw, 1024px\" \/>\t\t\t\t\t\t\t\t<\/a>\n\t\t\t\t\t\t\t\t\t\t\t\t\t\t\t<\/div>\n\t\t\t\t<\/div>\n\t\t\t\t<div class=\"elementor-element elementor-element-6cb939ec elementor-widget elementor-widget-heading\" data-id=\"6cb939ec\" data-element_type=\"widget\" data-widget_type=\"heading.default\">\n\t\t\t\t<div class=\"elementor-widget-container\">\n\t\t\t\t\t<h2 class=\"elementor-heading-title elementor-size-default\"><a href=\"https:\/\/syncrolattex.com\/fr\/materials\/\">Mat\u00e9riaux<\/a><\/h2>\t\t\t\t<\/div>\n\t\t\t\t<\/div>\n\t\t\t\t\t<\/div>\n\t\t<\/div>\n\t\t\t\t<div class=\"elementor-column elementor-col-50 elementor-top-column elementor-element elementor-element-8a1e9b\" data-id=\"8a1e9b\" data-element_type=\"column\">\n\t\t\t<div class=\"elementor-widget-wrap elementor-element-populated\">\n\t\t\t\t\t\t<div class=\"elementor-element elementor-element-51454a1f elementor-widget elementor-widget-image\" data-id=\"51454a1f\" data-element_type=\"widget\" data-widget_type=\"image.default\">\n\t\t\t\t<div class=\"elementor-widget-container\">\n\t\t\t\t\t\t\t\t\t\t\t\t\t\t\t\t<a href=\"https:\/\/syncrolattex.com\/fr\/mantenimiento-materiales\/\">\n\t\t\t\t\t\t\t<img loading=\"lazy\" decoding=\"async\" width=\"800\" height=\"531\" src=\"https:\/\/syncrolattex.com\/wp-content\/uploads\/2019\/04\/chuva-1.jpg\" class=\"attachment-large size-large wp-image-4989\" alt=\"\" srcset=\"https:\/\/syncrolattex.com\/wp-content\/uploads\/2019\/04\/chuva-1.jpg 800w, https:\/\/syncrolattex.com\/wp-content\/uploads\/2019\/04\/chuva-1-300x199.jpg 300w, https:\/\/syncrolattex.com\/wp-content\/uploads\/2019\/04\/chuva-1-768x510.jpg 768w, https:\/\/syncrolattex.com\/wp-content\/uploads\/2019\/04\/chuva-1-600x398.jpg 600w\" sizes=\"(max-width: 800px) 100vw, 800px\" \/>\t\t\t\t\t\t\t\t<\/a>\n\t\t\t\t\t\t\t\t\t\t\t\t\t\t\t<\/div>\n\t\t\t\t<\/div>\n\t\t\t\t<div class=\"elementor-element elementor-element-4f990c04 elementor-widget elementor-widget-heading\" data-id=\"4f990c04\" data-element_type=\"widget\" data-widget_type=\"heading.default\">\n\t\t\t\t<div class=\"elementor-widget-container\">\n\t\t\t\t\t<h2 class=\"elementor-heading-title elementor-size-default\"><a href=\"https:\/\/syncrolattex.com\/fr\/mantenimiento-materiales\/\">Maintenance<\/a><\/h2>\t\t\t\t<\/div>\n\t\t\t\t<\/div>\n\t\t\t\t\t<\/div>\n\t\t<\/div>\n\t\t\t\t\t<\/div>\n\t\t<\/section>\n\t\t\t\t<section class=\"elementor-section elementor-top-section elementor-element elementor-element-59afbd8f elementor-section-boxed elementor-section-height-default elementor-section-height-default\" data-id=\"59afbd8f\" data-element_type=\"section\">\n\t\t\t\t\t\t<div class=\"elementor-container elementor-column-gap-default\">\n\t\t\t\t\t<div class=\"elementor-column elementor-col-100 elementor-top-column elementor-element elementor-element-7b7370af\" data-id=\"7b7370af\" data-element_type=\"column\">\n\t\t\t<div class=\"elementor-widget-wrap elementor-element-populated\">\n\t\t\t\t\t\t<div class=\"elementor-element elementor-element-7b7b155f elementor-widget elementor-widget-spacer\" data-id=\"7b7b155f\" data-element_type=\"widget\" data-widget_type=\"spacer.default\">\n\t\t\t\t<div class=\"elementor-widget-container\">\n\t\t\t\t\t\t\t<div class=\"elementor-spacer\">\n\t\t\t<div class=\"elementor-spacer-inner\"><\/div>\n\t\t<\/div>\n\t\t\t\t\t\t<\/div>\n\t\t\t\t<\/div>\n\t\t\t\t\t<\/div>\n\t\t<\/div>\n\t\t\t\t\t<\/div>\n\t\t<\/section>\n\t\t\t\t<\/div>","protected":false},"excerpt":{"rendered":"<p>SAIL SAIL CABECERO El cabecero ancho transmite una sensaci\u00f3n de calidez y protecci\u00f3n, la ausencia total de bordes aumenta la percepci\u00f3n de suavidad general. Una forma suave y desestructurada, que parece sostenerse en virtud de su propia ligereza. Acentuada a\u00fan m\u00e1s por los tejidos de tapicer\u00eda suaves y texturizados, Anterior Siguiente Caracter\u00edsticas t\u00e9cnicas Estructura Cabezal [&hellip;]<\/p>","protected":false},"author":1,"featured_media":0,"parent":6192,"menu_order":0,"comment_status":"closed","ping_status":"closed","template":"elementor_header_footer","meta":{"footnotes":""},"class_list":["post-8809","page","type-page","status-publish","hentry"],"_links":{"self":[{"href":"https:\/\/syncrolattex.com\/fr\/wp-json\/wp\/v2\/pages\/8809","targetHints":{"allow":["GET"]}}],"collection":[{"href":"https:\/\/syncrolattex.com\/fr\/wp-json\/wp\/v2\/pages"}],"about":[{"href":"https:\/\/syncrolattex.com\/fr\/wp-json\/wp\/v2\/types\/page"}],"author":[{"embeddable":true,"href":"https:\/\/syncrolattex.com\/fr\/wp-json\/wp\/v2\/users\/1"}],"replies":[{"embeddable":true,"href":"https:\/\/syncrolattex.com\/fr\/wp-json\/wp\/v2\/comments?post=8809"}],"version-history":[{"count":4,"href":"https:\/\/syncrolattex.com\/fr\/wp-json\/wp\/v2\/pages\/8809\/revisions"}],"predecessor-version":[{"id":8817,"href":"https:\/\/syncrolattex.com\/fr\/wp-json\/wp\/v2\/pages\/8809\/revisions\/8817"}],"up":[{"embeddable":true,"href":"https:\/\/syncrolattex.com\/fr\/wp-json\/wp\/v2\/pages\/6192"}],"wp:attachment":[{"href":"https:\/\/syncrolattex.com\/fr\/wp-json\/wp\/v2\/media?parent=8809"}],"curies":[{"name":"wp","href":"https:\/\/api.w.org\/{rel}","templated":true}]}}