{"id":8818,"date":"2021-06-02T14:38:28","date_gmt":"2021-06-02T12:38:28","guid":{"rendered":"https:\/\/syncrolattex.com\/?page_id=8818"},"modified":"2021-06-02T14:49:30","modified_gmt":"2021-06-02T12:49:30","slug":"superb","status":"publish","type":"page","link":"https:\/\/syncrolattex.com\/fr\/cabeceros-de-cama\/superb\/","title":{"rendered":"SUPERB"},"content":{"rendered":"<div data-elementor-type=\"wp-page\" data-elementor-id=\"8818\" class=\"elementor elementor-8818\" data-elementor-post-type=\"page\">\n\t\t\t\t\t\t<section class=\"elementor-section elementor-top-section elementor-element elementor-element-47ffb178 elementor-section-full_width elementor-section-height-min-height elementor-section-height-default elementor-section-items-middle\" data-id=\"47ffb178\" data-element_type=\"section\" data-settings=\"{&quot;background_background&quot;:&quot;classic&quot;}\">\n\t\t\t\t\t\t\t<div class=\"elementor-background-overlay\"><\/div>\n\t\t\t\t\t\t\t<div class=\"elementor-container elementor-column-gap-default\">\n\t\t\t\t\t<div class=\"elementor-column elementor-col-100 elementor-top-column elementor-element elementor-element-6635895f\" data-id=\"6635895f\" data-element_type=\"column\" data-settings=\"{&quot;background_background&quot;:&quot;classic&quot;}\">\n\t\t\t<div class=\"elementor-widget-wrap elementor-element-populated\">\n\t\t\t\t\t\t<div class=\"elementor-element elementor-element-1fc2b36b elementor-hidden-phone elementor-widget elementor-widget-heading\" data-id=\"1fc2b36b\" data-element_type=\"widget\" data-widget_type=\"heading.default\">\n\t\t\t\t<div class=\"elementor-widget-container\">\n\t\t\t\t\t<h3 class=\"elementor-heading-title elementor-size-default\">SUPERB<\/h3>\t\t\t\t<\/div>\n\t\t\t\t<\/div>\n\t\t\t\t\t<\/div>\n\t\t<\/div>\n\t\t\t\t\t<\/div>\n\t\t<\/section>\n\t\t\t\t<section class=\"elementor-section elementor-top-section elementor-element elementor-element-364676b2 elementor-section-boxed elementor-section-height-default elementor-section-height-default\" data-id=\"364676b2\" data-element_type=\"section\">\n\t\t\t\t\t\t<div class=\"elementor-container elementor-column-gap-default\">\n\t\t\t\t\t<div class=\"elementor-column elementor-col-50 elementor-top-column elementor-element elementor-element-4771ebbb\" data-id=\"4771ebbb\" data-element_type=\"column\">\n\t\t\t<div class=\"elementor-widget-wrap elementor-element-populated\">\n\t\t\t\t\t\t<div class=\"elementor-element elementor-element-36e2070e elementor-widget elementor-widget-heading\" data-id=\"36e2070e\" data-element_type=\"widget\" data-widget_type=\"heading.default\">\n\t\t\t\t<div class=\"elementor-widget-container\">\n\t\t\t\t\t<h1 class=\"elementor-heading-title elementor-size-default\">SUPERB<\/h1>\t\t\t\t<\/div>\n\t\t\t\t<\/div>\n\t\t\t\t<div class=\"elementor-element elementor-element-1a08cbb7 elementor-widget elementor-widget-heading\" data-id=\"1a08cbb7\" data-element_type=\"widget\" data-widget_type=\"heading.default\">\n\t\t\t\t<div class=\"elementor-widget-container\">\n\t\t\t\t\t<h1 class=\"elementor-heading-title elementor-size-default\">CABECERO<\/h1>\t\t\t\t<\/div>\n\t\t\t\t<\/div>\n\t\t\t\t<div class=\"elementor-element elementor-element-28c3d0b6 elementor-widget elementor-widget-heading\" data-id=\"28c3d0b6\" data-element_type=\"widget\" data-widget_type=\"heading.default\">\n\t\t\t\t<div class=\"elementor-widget-container\">\n\t\t\t\t\t<h2 class=\"elementor-heading-title elementor-size-default\">La cama Superb es un nuevo icono de las colecciones Syncrolattex. El cabecero es mas\nbajo y profundo para una comodidad inmejorable. La estructura interior es de madera\nmaciza con un generoso acolchado, toda la tapicer\u00eda se puede elegir dentro de nuestra\ngama de tejidos.<\/h2>\t\t\t\t<\/div>\n\t\t\t\t<\/div>\n\t\t\t\t\t<\/div>\n\t\t<\/div>\n\t\t\t\t<div class=\"elementor-column elementor-col-50 elementor-top-column elementor-element elementor-element-4f1bc09f\" data-id=\"4f1bc09f\" data-element_type=\"column\">\n\t\t\t<div class=\"elementor-widget-wrap elementor-element-populated\">\n\t\t\t\t\t\t<div class=\"elementor-element elementor-element-5dedb119 elementor-widget elementor-widget-image\" data-id=\"5dedb119\" data-element_type=\"widget\" data-widget_type=\"image.default\">\n\t\t\t\t<div class=\"elementor-widget-container\">\n\t\t\t\t\t\t\t\t\t\t\t\t\t\t\t<img fetchpriority=\"high\" decoding=\"async\" width=\"1024\" height=\"712\" src=\"https:\/\/syncrolattex.com\/wp-content\/uploads\/2021\/06\/Superv-black-2-1024x712.jpg\" class=\"attachment-large size-large wp-image-8822\" alt=\"\" srcset=\"https:\/\/syncrolattex.com\/wp-content\/uploads\/2021\/06\/Superv-black-2-1024x712.jpg 1024w, https:\/\/syncrolattex.com\/wp-content\/uploads\/2021\/06\/Superv-black-2-300x209.jpg 300w, https:\/\/syncrolattex.com\/wp-content\/uploads\/2021\/06\/Superv-black-2-768x534.jpg 768w, https:\/\/syncrolattex.com\/wp-content\/uploads\/2021\/06\/Superv-black-2-1536x1068.jpg 1536w, https:\/\/syncrolattex.com\/wp-content\/uploads\/2021\/06\/Superv-black-2-600x417.jpg 600w, https:\/\/syncrolattex.com\/wp-content\/uploads\/2021\/06\/Superv-black-2-2048x1423.jpg 2048w, https:\/\/syncrolattex.com\/wp-content\/uploads\/2021\/06\/Superv-black-2.jpg 1800w\" sizes=\"(max-width: 1024px) 100vw, 1024px\" \/>\t\t\t\t\t\t\t\t\t\t\t\t\t\t\t<\/div>\n\t\t\t\t<\/div>\n\t\t\t\t\t<\/div>\n\t\t<\/div>\n\t\t\t\t\t<\/div>\n\t\t<\/section>\n\t\t\t\t<section class=\"elementor-section elementor-top-section elementor-element elementor-element-79c74851 elementor-section-boxed elementor-section-height-default elementor-section-height-default\" data-id=\"79c74851\" data-element_type=\"section\">\n\t\t\t\t\t\t<div class=\"elementor-container elementor-column-gap-default\">\n\t\t\t\t\t<div class=\"elementor-column elementor-col-100 elementor-top-column elementor-element elementor-element-38c0d242\" data-id=\"38c0d242\" data-element_type=\"column\">\n\t\t\t<div class=\"elementor-widget-wrap elementor-element-populated\">\n\t\t\t\t\t\t<div class=\"elementor-element elementor-element-41773f96 elementor-arrows-position-outside elementor-widget elementor-widget-image-carousel\" data-id=\"41773f96\" data-element_type=\"widget\" data-settings=\"{&quot;slides_to_show&quot;:&quot;1&quot;,&quot;navigation&quot;:&quot;arrows&quot;,&quot;autoplay&quot;:&quot;no&quot;,&quot;effect&quot;:&quot;fade&quot;,&quot;infinite&quot;:&quot;yes&quot;,&quot;speed&quot;:500}\" data-widget_type=\"image-carousel.default\">\n\t\t\t\t<div class=\"elementor-widget-container\">\n\t\t\t\t\t\t\t<div class=\"elementor-image-carousel-wrapper swiper\" role=\"region\" aria-roledescription=\"carousel\" aria-label=\"Carrousel d\u2019images\" dir=\"ltr\">\n\t\t\t<div class=\"elementor-image-carousel swiper-wrapper\" aria-live=\"polite\">\n\t\t\t\t\t\t\t\t<div class=\"swiper-slide\" role=\"group\" aria-roledescription=\"slide\" aria-label=\"1 sur 3\" data-no-translation-aria-label=\"\"><a data-elementor-open-lightbox=\"yes\" data-elementor-lightbox-slideshow=\"41773f96\" data-elementor-lightbox-title=\"Superv-black-3\" data-e-action-hash=\"#elementor-action%3Aaction%3Dlightbox%26settings%3DeyJpZCI6ODgyMywidXJsIjoiaHR0cHM6XC9cL3N5bmNyb2xhdHRleC5jb21cL3dwLWNvbnRlbnRcL3VwbG9hZHNcLzIwMjFcLzA2XC9TdXBlcnYtYmxhY2stMy5qcGciLCJzbGlkZXNob3ciOiI0MTc3M2Y5NiJ9\" href=\"https:\/\/syncrolattex.com\/wp-content\/uploads\/2021\/06\/Superv-black-3.jpg\"><figure class=\"swiper-slide-inner\"><img decoding=\"async\" class=\"swiper-slide-image\" src=\"https:\/\/syncrolattex.com\/wp-content\/uploads\/2021\/06\/Superv-black-3.jpg\" alt=\"Superv-black-3\" \/><\/figure><\/a><\/div><div class=\"swiper-slide\" role=\"group\" aria-roledescription=\"slide\" aria-label=\"2 sur 3\" data-no-translation-aria-label=\"\"><a data-elementor-open-lightbox=\"yes\" data-elementor-lightbox-slideshow=\"41773f96\" data-elementor-lightbox-title=\"Superv-black-2\" data-e-action-hash=\"#elementor-action%3Aaction%3Dlightbox%26settings%3DeyJpZCI6ODgyMiwidXJsIjoiaHR0cHM6XC9cL3N5bmNyb2xhdHRleC5jb21cL3dwLWNvbnRlbnRcL3VwbG9hZHNcLzIwMjFcLzA2XC9TdXBlcnYtYmxhY2stMi5qcGciLCJzbGlkZXNob3ciOiI0MTc3M2Y5NiJ9\" href=\"https:\/\/syncrolattex.com\/wp-content\/uploads\/2021\/06\/Superv-black-2.jpg\"><figure class=\"swiper-slide-inner\"><img decoding=\"async\" class=\"swiper-slide-image\" src=\"https:\/\/syncrolattex.com\/wp-content\/uploads\/2021\/06\/Superv-black-2.jpg\" alt=\"Superv-black-2\" \/><\/figure><\/a><\/div><div class=\"swiper-slide\" role=\"group\" aria-roledescription=\"slide\" aria-label=\"3 sur 3\" data-no-translation-aria-label=\"\"><a data-elementor-open-lightbox=\"yes\" data-elementor-lightbox-slideshow=\"41773f96\" data-elementor-lightbox-title=\"Superv-Black\" data-e-action-hash=\"#elementor-action%3Aaction%3Dlightbox%26settings%3DeyJpZCI6ODgyMSwidXJsIjoiaHR0cHM6XC9cL3N5bmNyb2xhdHRleC5jb21cL3dwLWNvbnRlbnRcL3VwbG9hZHNcLzIwMjFcLzA2XC9TdXBlcnYtQmxhY2suanBnIiwic2xpZGVzaG93IjoiNDE3NzNmOTYifQ%3D%3D\" href=\"https:\/\/syncrolattex.com\/wp-content\/uploads\/2021\/06\/Superv-Black.jpg\"><figure class=\"swiper-slide-inner\"><img decoding=\"async\" class=\"swiper-slide-image\" src=\"https:\/\/syncrolattex.com\/wp-content\/uploads\/2021\/06\/Superv-Black.jpg\" alt=\"Superv-Black\" \/><\/figure><\/a><\/div>\t\t\t<\/div>\n\t\t\t\t\t\t\t\t\t\t\t\t<div class=\"elementor-swiper-button elementor-swiper-button-prev\" role=\"button\" tabindex=\"0\">\n\t\t\t\t\t\t<i aria-hidden=\"true\" class=\"eicon-chevron-left\"><\/i>\t\t\t\t\t<\/div>\n\t\t\t\t\t<div class=\"elementor-swiper-button elementor-swiper-button-next\" role=\"button\" tabindex=\"0\">\n\t\t\t\t\t\t<i aria-hidden=\"true\" class=\"eicon-chevron-right\"><\/i>\t\t\t\t\t<\/div>\n\t\t\t\t\n\t\t\t\t\t\t\t\t\t<\/div>\n\t\t\t\t\t\t<\/div>\n\t\t\t\t<\/div>\n\t\t\t\t\t<\/div>\n\t\t<\/div>\n\t\t\t\t\t<\/div>\n\t\t<\/section>\n\t\t\t\t<section class=\"elementor-section elementor-top-section elementor-element elementor-element-2bb4640e elementor-section-boxed elementor-section-height-default elementor-section-height-default\" data-id=\"2bb4640e\" data-element_type=\"section\">\n\t\t\t\t\t\t<div class=\"elementor-container elementor-column-gap-default\">\n\t\t\t\t\t<div class=\"elementor-column elementor-col-50 elementor-top-column elementor-element elementor-element-5ce5f590\" data-id=\"5ce5f590\" data-element_type=\"column\">\n\t\t\t<div class=\"elementor-widget-wrap elementor-element-populated\">\n\t\t\t\t\t\t<div class=\"elementor-element elementor-element-3702dde5 elementor-widget elementor-widget-heading\" data-id=\"3702dde5\" data-element_type=\"widget\" data-widget_type=\"heading.default\">\n\t\t\t\t<div class=\"elementor-widget-container\">\n\t\t\t\t\t<h5 class=\"elementor-heading-title elementor-size-default\">Caract\u00e9ristiques techniques<\/h5>\t\t\t\t<\/div>\n\t\t\t\t<\/div>\n\t\t\t\t\t<\/div>\n\t\t<\/div>\n\t\t\t\t<div class=\"elementor-column elementor-col-50 elementor-top-column elementor-element elementor-element-27aa3b4\" data-id=\"27aa3b4\" data-element_type=\"column\">\n\t\t\t<div class=\"elementor-widget-wrap\">\n\t\t\t\t\t\t\t<\/div>\n\t\t<\/div>\n\t\t\t\t\t<\/div>\n\t\t<\/section>\n\t\t\t\t<section class=\"elementor-section elementor-top-section elementor-element elementor-element-2a2f177e elementor-section-boxed elementor-section-height-default elementor-section-height-default\" data-id=\"2a2f177e\" data-element_type=\"section\">\n\t\t\t\t\t\t<div class=\"elementor-container elementor-column-gap-default\">\n\t\t\t\t\t<div class=\"elementor-column elementor-col-33 elementor-top-column elementor-element elementor-element-5b4b5999\" data-id=\"5b4b5999\" data-element_type=\"column\">\n\t\t\t<div class=\"elementor-widget-wrap elementor-element-populated\">\n\t\t\t\t\t\t<div class=\"elementor-element elementor-element-196638da elementor-widget elementor-widget-image\" data-id=\"196638da\" data-element_type=\"widget\" data-widget_type=\"image.default\">\n\t\t\t\t<div class=\"elementor-widget-container\">\n\t\t\t\t\t\t\t\t\t\t\t\t\t\t\t\t<a href=\"http:\/\/syncrolattex.com\/wp-content\/uploads\/2019\/04\/calma-tecnic.jpg\" data-elementor-open-lightbox=\"no\">\n\t\t\t\t\t\t\t<img decoding=\"async\" width=\"800\" height=\"600\" src=\"https:\/\/syncrolattex.com\/wp-content\/uploads\/2019\/04\/calma-tecnic.jpg\" class=\"attachment-large size-large wp-image-5143\" alt=\"\" srcset=\"https:\/\/syncrolattex.com\/wp-content\/uploads\/2019\/04\/calma-tecnic.jpg 800w, https:\/\/syncrolattex.com\/wp-content\/uploads\/2019\/04\/calma-tecnic-300x225.jpg 300w, https:\/\/syncrolattex.com\/wp-content\/uploads\/2019\/04\/calma-tecnic-768x576.jpg 768w, https:\/\/syncrolattex.com\/wp-content\/uploads\/2019\/04\/calma-tecnic-600x450.jpg 600w\" sizes=\"(max-width: 800px) 100vw, 800px\" \/>\t\t\t\t\t\t\t\t<\/a>\n\t\t\t\t\t\t\t\t\t\t\t\t\t\t\t<\/div>\n\t\t\t\t<\/div>\n\t\t\t\t\t<\/div>\n\t\t<\/div>\n\t\t\t\t<div class=\"elementor-column elementor-col-33 elementor-top-column elementor-element elementor-element-957c4a3\" data-id=\"957c4a3\" data-element_type=\"column\">\n\t\t\t<div class=\"elementor-widget-wrap elementor-element-populated\">\n\t\t\t\t\t\t<div class=\"elementor-element elementor-element-40d131f6 elementor-widget elementor-widget-image\" data-id=\"40d131f6\" data-element_type=\"widget\" data-widget_type=\"image.default\">\n\t\t\t\t<div class=\"elementor-widget-container\">\n\t\t\t\t\t\t\t\t\t\t\t\t\t\t\t\t<a href=\"https:\/\/syncrolattex.com\/wp-content\/uploads\/2021\/06\/TchSUPERB.jpg\" data-elementor-open-lightbox=\"no\">\n\t\t\t\t\t\t\t<img decoding=\"async\" width=\"842\" height=\"595\" src=\"https:\/\/syncrolattex.com\/wp-content\/uploads\/2021\/06\/TchSUPERB.jpg\" class=\"attachment-large size-large wp-image-8826\" alt=\"\" srcset=\"https:\/\/syncrolattex.com\/wp-content\/uploads\/2021\/06\/TchSUPERB.jpg 842w, https:\/\/syncrolattex.com\/wp-content\/uploads\/2021\/06\/TchSUPERB-300x212.jpg 300w, https:\/\/syncrolattex.com\/wp-content\/uploads\/2021\/06\/TchSUPERB-768x543.jpg 768w, https:\/\/syncrolattex.com\/wp-content\/uploads\/2021\/06\/TchSUPERB-600x424.jpg 600w\" sizes=\"(max-width: 842px) 100vw, 842px\" \/>\t\t\t\t\t\t\t\t<\/a>\n\t\t\t\t\t\t\t\t\t\t\t\t\t\t\t<\/div>\n\t\t\t\t<\/div>\n\t\t\t\t\t<\/div>\n\t\t<\/div>\n\t\t\t\t<div class=\"elementor-column elementor-col-33 elementor-top-column elementor-element elementor-element-82097de\" data-id=\"82097de\" data-element_type=\"column\">\n\t\t\t<div class=\"elementor-widget-wrap\">\n\t\t\t\t\t\t\t<\/div>\n\t\t<\/div>\n\t\t\t\t\t<\/div>\n\t\t<\/section>\n\t\t\t\t<section class=\"elementor-section elementor-top-section elementor-element elementor-element-29796296 elementor-section-boxed elementor-section-height-default elementor-section-height-default\" data-id=\"29796296\" data-element_type=\"section\">\n\t\t\t\t\t\t<div class=\"elementor-container elementor-column-gap-default\">\n\t\t\t\t\t<div class=\"elementor-column elementor-col-33 elementor-top-column elementor-element elementor-element-702286a3\" data-id=\"702286a3\" data-element_type=\"column\">\n\t\t\t<div class=\"elementor-widget-wrap elementor-element-populated\">\n\t\t\t\t\t\t<div class=\"elementor-element elementor-element-4659ae22 elementor-widget elementor-widget-text-editor\" data-id=\"4659ae22\" data-element_type=\"widget\" data-widget_type=\"text-editor.default\">\n\t\t\t\t<div class=\"elementor-widget-container\">\n\t\t\t\t\t\t\t\t\t<p><strong>La structure<\/strong><\/p><p><span>T\u00eate et cadre de lit en une seule pi\u00e8ce en contreplaqu\u00e9 \u00e0 plusieurs \u00e9paisseurs assembl\u00e9 avec des \u00e9querres en m\u00e9tal pour un montage facile dans le lit;\u00a0<\/span><span>Les deux parties sont remplies de mousse de polyur\u00e9thane haute densit\u00e9 de densit\u00e9s diff\u00e9rentes.\u00a0<\/span><span>Toutes les sections matelass\u00e9es sont recouvertes d'une fibre thermo-adh\u00e9sive et associ\u00e9es \u00e0 un tissu de coton blanc qui conf\u00e8re une douceur au rembourrage qui l'isole du tissu, garantissant ainsi le naturel et l'hygi\u00e8ne.<\/span><\/p>\t\t\t\t\t\t\t\t<\/div>\n\t\t\t\t<\/div>\n\t\t\t\t<div class=\"elementor-element elementor-element-39fb750d elementor-widget-divider--view-line elementor-widget elementor-widget-divider\" data-id=\"39fb750d\" data-element_type=\"widget\" data-widget_type=\"divider.default\">\n\t\t\t\t<div class=\"elementor-widget-container\">\n\t\t\t\t\t\t\t<div class=\"elementor-divider\">\n\t\t\t<span class=\"elementor-divider-separator\">\n\t\t\t\t\t\t<\/span>\n\t\t<\/div>\n\t\t\t\t\t\t<\/div>\n\t\t\t\t<\/div>\n\t\t\t\t\t<\/div>\n\t\t<\/div>\n\t\t\t\t<div class=\"elementor-column elementor-col-33 elementor-top-column elementor-element elementor-element-9b6af2b\" data-id=\"9b6af2b\" data-element_type=\"column\">\n\t\t\t<div class=\"elementor-widget-wrap elementor-element-populated\">\n\t\t\t\t\t\t<div class=\"elementor-element elementor-element-546a18ef elementor-widget elementor-widget-text-editor\" data-id=\"546a18ef\" data-element_type=\"widget\" data-widget_type=\"text-editor.default\">\n\t\t\t\t<div class=\"elementor-widget-container\">\n\t\t\t\t\t\t\t\t\t<p><strong>Rembourrage<\/strong><\/p><p>Rembourr\u00e9 avec de la mousse de polyester recycl\u00e9e \u00e0 100%, respectueuse de l'environnement et non toxique, de diff\u00e9rentes densit\u00e9s. Le cadre de la t\u00eate en contreplaqu\u00e9 tr\u00e8s \u00e9pais<\/p>\t\t\t\t\t\t\t\t<\/div>\n\t\t\t\t<\/div>\n\t\t\t\t<div class=\"elementor-element elementor-element-7a9c6cc8 elementor-widget-divider--view-line elementor-widget elementor-widget-divider\" data-id=\"7a9c6cc8\" data-element_type=\"widget\" data-widget_type=\"divider.default\">\n\t\t\t\t<div class=\"elementor-widget-container\">\n\t\t\t\t\t\t\t<div class=\"elementor-divider\">\n\t\t\t<span class=\"elementor-divider-separator\">\n\t\t\t\t\t\t<\/span>\n\t\t<\/div>\n\t\t\t\t\t\t<\/div>\n\t\t\t\t<\/div>\n\t\t\t\t\t<\/div>\n\t\t<\/div>\n\t\t\t\t<div class=\"elementor-column elementor-col-33 elementor-top-column elementor-element elementor-element-3e1025b7\" data-id=\"3e1025b7\" data-element_type=\"column\">\n\t\t\t<div class=\"elementor-widget-wrap elementor-element-populated\">\n\t\t\t\t\t\t<div class=\"elementor-element elementor-element-abdc651 elementor-widget elementor-widget-text-editor\" data-id=\"abdc651\" data-element_type=\"widget\" data-widget_type=\"text-editor.default\">\n\t\t\t\t<div class=\"elementor-widget-container\">\n\t\t\t\t\t\t\t\t\t<p><strong>Pieds<\/strong><\/p><div class=\"page\" title=\"Page 29\"><div class=\"section\"><div class=\"layoutArea\"><div class=\"column\"><p>Les supports sur lesquels repose le sommier doivent \u00eatre robustes et durables, notre gamme de pieds r\u00e9pond \u00e0 ces exigences. En plus de leur fonction, ils ajouteront du caract\u00e8re \u00e0 votre lit.<\/p><\/div><\/div><\/div><\/div>\t\t\t\t\t\t\t\t<\/div>\n\t\t\t\t<\/div>\n\t\t\t\t\t<\/div>\n\t\t<\/div>\n\t\t\t\t\t<\/div>\n\t\t<\/section>\n\t\t\t\t<section class=\"elementor-section elementor-top-section elementor-element elementor-element-605b69a4 elementor-section-boxed elementor-section-height-default elementor-section-height-default\" data-id=\"605b69a4\" data-element_type=\"section\">\n\t\t\t\t\t\t<div class=\"elementor-container elementor-column-gap-default\">\n\t\t\t\t\t<div class=\"elementor-column elementor-col-100 elementor-top-column elementor-element elementor-element-60fd72f\" data-id=\"60fd72f\" data-element_type=\"column\">\n\t\t\t<div class=\"elementor-widget-wrap elementor-element-populated\">\n\t\t\t\t\t\t<div class=\"elementor-element elementor-element-70f34fb1 elementor-widget elementor-widget-spacer\" data-id=\"70f34fb1\" data-element_type=\"widget\" data-widget_type=\"spacer.default\">\n\t\t\t\t<div class=\"elementor-widget-container\">\n\t\t\t\t\t\t\t<div class=\"elementor-spacer\">\n\t\t\t<div class=\"elementor-spacer-inner\"><\/div>\n\t\t<\/div>\n\t\t\t\t\t\t<\/div>\n\t\t\t\t<\/div>\n\t\t\t\t\t<\/div>\n\t\t<\/div>\n\t\t\t\t\t<\/div>\n\t\t<\/section>\n\t\t\t\t<section class=\"elementor-section elementor-top-section elementor-element elementor-element-2a610c17 elementor-section-boxed elementor-section-height-default elementor-section-height-default\" data-id=\"2a610c17\" data-element_type=\"section\">\n\t\t\t\t\t\t<div class=\"elementor-container elementor-column-gap-default\">\n\t\t\t\t\t<div class=\"elementor-column elementor-col-50 elementor-top-column elementor-element elementor-element-27cd5560\" data-id=\"27cd5560\" data-element_type=\"column\">\n\t\t\t<div class=\"elementor-widget-wrap elementor-element-populated\">\n\t\t\t\t\t\t<div class=\"elementor-element elementor-element-afc1b68 elementor-widget elementor-widget-image\" data-id=\"afc1b68\" data-element_type=\"widget\" data-widget_type=\"image.default\">\n\t\t\t\t<div class=\"elementor-widget-container\">\n\t\t\t\t\t\t\t\t\t\t\t\t\t\t\t\t<a href=\"https:\/\/syncrolattex.com\/fr\/materials\/\">\n\t\t\t\t\t\t\t<img loading=\"lazy\" decoding=\"async\" width=\"1024\" height=\"723\" src=\"https:\/\/syncrolattex.com\/wp-content\/uploads\/2019\/04\/shutterstock_778437157-1024x723.jpg\" class=\"attachment-large size-large wp-image-4991\" alt=\"\" srcset=\"https:\/\/syncrolattex.com\/wp-content\/uploads\/2019\/04\/shutterstock_778437157.jpg 1024w, https:\/\/syncrolattex.com\/wp-content\/uploads\/2019\/04\/shutterstock_778437157-300x212.jpg 300w, https:\/\/syncrolattex.com\/wp-content\/uploads\/2019\/04\/shutterstock_778437157-768x542.jpg 768w, https:\/\/syncrolattex.com\/wp-content\/uploads\/2019\/04\/shutterstock_778437157-600x424.jpg 600w\" sizes=\"(max-width: 1024px) 100vw, 1024px\" \/>\t\t\t\t\t\t\t\t<\/a>\n\t\t\t\t\t\t\t\t\t\t\t\t\t\t\t<\/div>\n\t\t\t\t<\/div>\n\t\t\t\t<div class=\"elementor-element elementor-element-2ed3a7e6 elementor-widget elementor-widget-heading\" data-id=\"2ed3a7e6\" data-element_type=\"widget\" data-widget_type=\"heading.default\">\n\t\t\t\t<div class=\"elementor-widget-container\">\n\t\t\t\t\t<h2 class=\"elementor-heading-title elementor-size-default\"><a href=\"https:\/\/syncrolattex.com\/fr\/materials\/\">Mat\u00e9riaux<\/a><\/h2>\t\t\t\t<\/div>\n\t\t\t\t<\/div>\n\t\t\t\t\t<\/div>\n\t\t<\/div>\n\t\t\t\t<div class=\"elementor-column elementor-col-50 elementor-top-column elementor-element elementor-element-5e13cc12\" data-id=\"5e13cc12\" data-element_type=\"column\">\n\t\t\t<div class=\"elementor-widget-wrap elementor-element-populated\">\n\t\t\t\t\t\t<div class=\"elementor-element elementor-element-68e9cc81 elementor-widget elementor-widget-image\" data-id=\"68e9cc81\" data-element_type=\"widget\" data-widget_type=\"image.default\">\n\t\t\t\t<div class=\"elementor-widget-container\">\n\t\t\t\t\t\t\t\t\t\t\t\t\t\t\t\t<a href=\"https:\/\/syncrolattex.com\/fr\/mantenimiento-materiales\/\">\n\t\t\t\t\t\t\t<img loading=\"lazy\" decoding=\"async\" width=\"800\" height=\"531\" src=\"https:\/\/syncrolattex.com\/wp-content\/uploads\/2019\/04\/chuva-1.jpg\" class=\"attachment-large size-large wp-image-4989\" alt=\"\" srcset=\"https:\/\/syncrolattex.com\/wp-content\/uploads\/2019\/04\/chuva-1.jpg 800w, https:\/\/syncrolattex.com\/wp-content\/uploads\/2019\/04\/chuva-1-300x199.jpg 300w, https:\/\/syncrolattex.com\/wp-content\/uploads\/2019\/04\/chuva-1-768x510.jpg 768w, https:\/\/syncrolattex.com\/wp-content\/uploads\/2019\/04\/chuva-1-600x398.jpg 600w\" sizes=\"(max-width: 800px) 100vw, 800px\" \/>\t\t\t\t\t\t\t\t<\/a>\n\t\t\t\t\t\t\t\t\t\t\t\t\t\t\t<\/div>\n\t\t\t\t<\/div>\n\t\t\t\t<div class=\"elementor-element elementor-element-7def6885 elementor-widget elementor-widget-heading\" data-id=\"7def6885\" data-element_type=\"widget\" data-widget_type=\"heading.default\">\n\t\t\t\t<div class=\"elementor-widget-container\">\n\t\t\t\t\t<h2 class=\"elementor-heading-title elementor-size-default\"><a href=\"https:\/\/syncrolattex.com\/fr\/mantenimiento-materiales\/\">Maintenance<\/a><\/h2>\t\t\t\t<\/div>\n\t\t\t\t<\/div>\n\t\t\t\t\t<\/div>\n\t\t<\/div>\n\t\t\t\t\t<\/div>\n\t\t<\/section>\n\t\t\t\t<section class=\"elementor-section elementor-top-section elementor-element elementor-element-6163e9fd elementor-section-boxed elementor-section-height-default elementor-section-height-default\" data-id=\"6163e9fd\" data-element_type=\"section\">\n\t\t\t\t\t\t<div class=\"elementor-container elementor-column-gap-default\">\n\t\t\t\t\t<div class=\"elementor-column elementor-col-100 elementor-top-column elementor-element elementor-element-57db1464\" data-id=\"57db1464\" data-element_type=\"column\">\n\t\t\t<div class=\"elementor-widget-wrap elementor-element-populated\">\n\t\t\t\t\t\t<div class=\"elementor-element elementor-element-36b03ac7 elementor-widget elementor-widget-spacer\" data-id=\"36b03ac7\" data-element_type=\"widget\" data-widget_type=\"spacer.default\">\n\t\t\t\t<div class=\"elementor-widget-container\">\n\t\t\t\t\t\t\t<div class=\"elementor-spacer\">\n\t\t\t<div class=\"elementor-spacer-inner\"><\/div>\n\t\t<\/div>\n\t\t\t\t\t\t<\/div>\n\t\t\t\t<\/div>\n\t\t\t\t\t<\/div>\n\t\t<\/div>\n\t\t\t\t\t<\/div>\n\t\t<\/section>\n\t\t\t\t<\/div>","protected":false},"excerpt":{"rendered":"<p>SUPERB SUPERB CABECERO La cama Superb es un nuevo icono de las colecciones Syncrolattex. El cabecero es mas bajo y profundo para una comodidad inmejorable. La estructura interior es de madera maciza con un generoso acolchado, toda la tapicer\u00eda se puede elegir dentro de nuestra gama de tejidos. Anterior Siguiente Caracter\u00edsticas t\u00e9cnicas Estructura Cabezal de [&hellip;]<\/p>","protected":false},"author":1,"featured_media":0,"parent":6192,"menu_order":0,"comment_status":"closed","ping_status":"closed","template":"elementor_header_footer","meta":{"footnotes":""},"class_list":["post-8818","page","type-page","status-publish","hentry"],"_links":{"self":[{"href":"https:\/\/syncrolattex.com\/fr\/wp-json\/wp\/v2\/pages\/8818","targetHints":{"allow":["GET"]}}],"collection":[{"href":"https:\/\/syncrolattex.com\/fr\/wp-json\/wp\/v2\/pages"}],"about":[{"href":"https:\/\/syncrolattex.com\/fr\/wp-json\/wp\/v2\/types\/page"}],"author":[{"embeddable":true,"href":"https:\/\/syncrolattex.com\/fr\/wp-json\/wp\/v2\/users\/1"}],"replies":[{"embeddable":true,"href":"https:\/\/syncrolattex.com\/fr\/wp-json\/wp\/v2\/comments?post=8818"}],"version-history":[{"count":4,"href":"https:\/\/syncrolattex.com\/fr\/wp-json\/wp\/v2\/pages\/8818\/revisions"}],"predecessor-version":[{"id":8827,"href":"https:\/\/syncrolattex.com\/fr\/wp-json\/wp\/v2\/pages\/8818\/revisions\/8827"}],"up":[{"embeddable":true,"href":"https:\/\/syncrolattex.com\/fr\/wp-json\/wp\/v2\/pages\/6192"}],"wp:attachment":[{"href":"https:\/\/syncrolattex.com\/fr\/wp-json\/wp\/v2\/media?parent=8818"}],"curies":[{"name":"wp","href":"https:\/\/api.w.org\/{rel}","templated":true}]}}